{"id":7600,"date":"2026-03-31T09:27:45","date_gmt":"2026-03-31T06:27:45","guid":{"rendered":"https:\/\/www.solakauppa.fi\/?post_type=product&#038;p=7600"},"modified":"2026-04-08T16:50:32","modified_gmt":"2026-04-08T13:50:32","slug":"mesiangervovoide-kota","status":"publish","type":"product","link":"https:\/\/www.solakauppa.fi\/en\/kauppa\/hoitotuotteet\/mesiangervovoide-kota\/","title":{"rendered":"Mesiangervovoide Kota"},"content":{"rendered":"<p><strong>INCI: <\/strong><span style=\"font-size: 9.0pt;\">Cocos nucifera oil, olea europaea fruit oil, cera alba, filipendula ulmaria, mel.<\/span><\/p>\n<p><strong>Pakkauskoko: <\/strong>35ml<\/p>","protected":false},"excerpt":{"rendered":"<p><strong>Mesiangervovoide<\/strong><\/p>\n<p data-start=\"63\" data-end=\"477\">Hunajaisen kukkaistuoksuinen hoitovoide vartalon iholle ja hierontaan. Voide pehment\u00e4\u00e4 ja hoitaa ihoa sek\u00e4 sopii erityisesti lihasten ja nivelalueiden hierontaan. Mesiangervo tunnetaan perinteisesti rohdoskasvina, jota on k\u00e4ytetty helpottamaan kipua ja s\u00e4rky\u00e4 sek\u00e4 lihasten rasitustilojen yhteydess\u00e4. Voide sopii hyvin k\u00e4ytett\u00e4v\u00e4ksi esimerkiksi liikunnan j\u00e4lkeen tai j\u00e4nnittyneille lihaksille hieronnan yhteydess\u00e4. Kokeile my\u00f6s purentalihaksille!<\/p>\n<p data-start=\"479\" data-end=\"521\" data-is-last-node=\"\" data-is-only-node=\"\"><strong data-start=\"479\" data-end=\"488\">Huom:<\/strong> Ei suositella raskaana oleville.<\/p>\n<p data-start=\"479\" data-end=\"521\" data-is-last-node=\"\" data-is-only-node=\"\">\n<strong>Pakkauskoko: <\/strong>35ml<\/p>","protected":false},"featured_media":7584,"comment_status":"open","ping_status":"closed","template":"","meta":{"_monsterinsights_skip_tracking":false,"_monsterinsights_sitenote_active":false,"_monsterinsights_sitenote_note":"","_monsterinsights_sitenote_category":0},"product_brand":[],"product_cat":[40],"product_tag":[],"class_list":{"0":"post-7600","1":"product","2":"type-product","3":"status-publish","4":"has-post-thumbnail","6":"product_cat-hoitotuotteet","8":"first","9":"instock","10":"taxable","11":"shipping-taxable","12":"purchasable","13":"product-type-simple"},"yoast_head":"<!-- This site is optimized with the Yoast SEO plugin v27.3 - https:\/\/yoast.com\/product\/yoast-seo-wordpress\/ -->\n<title>Mesiangervovoide Kota | Sola<\/title>\n<meta name=\"description\" content=\"Hunajaisen kukkaistuoksuinen hoitovoide vartalon iholle ja hierontaan. Voide pehment\u00e4\u00e4 ja hoitaa ihoa sek\u00e4 sopii erityisesti lihasten ja nivelalueiden hierontaan.\" \/>\n<meta name=\"robots\" content=\"index, follow, max-snippet:-1, max-image-preview:large, max-video-preview:-1\" \/>\n<link rel=\"canonical\" href=\"https:\/\/www.solakauppa.fi\/en\/kauppa\/hoitotuotteet\/mesiangervovoide-kota\/\" \/>\n<meta property=\"og:locale\" content=\"en_US\" \/>\n<meta property=\"og:type\" content=\"article\" \/>\n<meta property=\"og:title\" content=\"Mesiangervovoide Kota | Sola\" \/>\n<meta property=\"og:description\" content=\"Hunajaisen kukkaistuoksuinen hoitovoide vartalon iholle ja hierontaan. Voide pehment\u00e4\u00e4 ja hoitaa ihoa sek\u00e4 sopii erityisesti lihasten ja nivelalueiden hierontaan.\" \/>\n<meta property=\"og:url\" content=\"https:\/\/www.solakauppa.fi\/en\/kauppa\/hoitotuotteet\/mesiangervovoide-kota\/\" \/>\n<meta property=\"og:site_name\" content=\"Sola\" \/>\n<meta property=\"article:modified_time\" content=\"2026-04-08T13:50:32+00:00\" \/>\n<meta property=\"og:image\" content=\"https:\/\/www.solakauppa.fi\/wp-content\/uploads\/2026\/03\/mesiangervo.jpg\" \/>\n\t<meta property=\"og:image:width\" content=\"999\" \/>\n\t<meta property=\"og:image:height\" content=\"1000\" \/>\n\t<meta property=\"og:image:type\" content=\"image\/jpeg\" \/>\n<meta name=\"twitter:card\" content=\"summary_large_image\" \/>\n<meta name=\"twitter:label1\" content=\"Est. reading time\" \/>\n\t<meta name=\"twitter:data1\" content=\"1 minute\" \/>\n<script type=\"application\/ld+json\" class=\"yoast-schema-graph\">{\"@context\":\"https:\\\/\\\/schema.org\",\"@graph\":[{\"@type\":\"WebPage\",\"@id\":\"https:\\\/\\\/www.solakauppa.fi\\\/kauppa\\\/hoitotuotteet\\\/mesiangervovoide-kota\\\/\",\"url\":\"https:\\\/\\\/www.solakauppa.fi\\\/kauppa\\\/hoitotuotteet\\\/mesiangervovoide-kota\\\/\",\"name\":\"Mesiangervovoide Kota | Sola\",\"isPartOf\":{\"@id\":\"https:\\\/\\\/www.solakauppa.fi\\\/#website\"},\"primaryImageOfPage\":{\"@id\":\"https:\\\/\\\/www.solakauppa.fi\\\/kauppa\\\/hoitotuotteet\\\/mesiangervovoide-kota\\\/#primaryimage\"},\"image\":{\"@id\":\"https:\\\/\\\/www.solakauppa.fi\\\/kauppa\\\/hoitotuotteet\\\/mesiangervovoide-kota\\\/#primaryimage\"},\"thumbnailUrl\":\"https:\\\/\\\/www.solakauppa.fi\\\/wp-content\\\/uploads\\\/2026\\\/03\\\/mesiangervo.jpg\",\"datePublished\":\"2026-03-31T06:27:45+00:00\",\"dateModified\":\"2026-04-08T13:50:32+00:00\",\"description\":\"Hunajaisen kukkaistuoksuinen hoitovoide vartalon iholle ja hierontaan. Voide pehment\u00e4\u00e4 ja hoitaa ihoa sek\u00e4 sopii erityisesti lihasten ja nivelalueiden hierontaan.\",\"breadcrumb\":{\"@id\":\"https:\\\/\\\/www.solakauppa.fi\\\/kauppa\\\/hoitotuotteet\\\/mesiangervovoide-kota\\\/#breadcrumb\"},\"inLanguage\":\"en-US\",\"potentialAction\":[{\"@type\":\"ReadAction\",\"target\":[\"https:\\\/\\\/www.solakauppa.fi\\\/kauppa\\\/hoitotuotteet\\\/mesiangervovoide-kota\\\/\"]}]},{\"@type\":\"ImageObject\",\"inLanguage\":\"en-US\",\"@id\":\"https:\\\/\\\/www.solakauppa.fi\\\/kauppa\\\/hoitotuotteet\\\/mesiangervovoide-kota\\\/#primaryimage\",\"url\":\"https:\\\/\\\/www.solakauppa.fi\\\/wp-content\\\/uploads\\\/2026\\\/03\\\/mesiangervo.jpg\",\"contentUrl\":\"https:\\\/\\\/www.solakauppa.fi\\\/wp-content\\\/uploads\\\/2026\\\/03\\\/mesiangervo.jpg\",\"width\":999,\"height\":1000},{\"@type\":\"BreadcrumbList\",\"@id\":\"https:\\\/\\\/www.solakauppa.fi\\\/kauppa\\\/hoitotuotteet\\\/mesiangervovoide-kota\\\/#breadcrumb\",\"itemListElement\":[{\"@type\":\"ListItem\",\"position\":1,\"name\":\"Home\",\"item\":\"https:\\\/\\\/www.solakauppa.fi\\\/\"},{\"@type\":\"ListItem\",\"position\":2,\"name\":\"Solakauppa\",\"item\":\"https:\\\/\\\/www.solakauppa.fi\\\/kauppa2\\\/\"},{\"@type\":\"ListItem\",\"position\":3,\"name\":\"Mesiangervovoide Kota\"}]},{\"@type\":\"WebSite\",\"@id\":\"https:\\\/\\\/www.solakauppa.fi\\\/#website\",\"url\":\"https:\\\/\\\/www.solakauppa.fi\\\/\",\"name\":\"Sola\",\"description\":\"Suomalainen k\u00e4sintehty saippua\",\"publisher\":{\"@id\":\"https:\\\/\\\/www.solakauppa.fi\\\/#organization\"},\"potentialAction\":[{\"@type\":\"SearchAction\",\"target\":{\"@type\":\"EntryPoint\",\"urlTemplate\":\"https:\\\/\\\/www.solakauppa.fi\\\/?s={search_term_string}\"},\"query-input\":{\"@type\":\"PropertyValueSpecification\",\"valueRequired\":true,\"valueName\":\"search_term_string\"}}],\"inLanguage\":\"en-US\"},{\"@type\":\"Organization\",\"@id\":\"https:\\\/\\\/www.solakauppa.fi\\\/#organization\",\"name\":\"Solakauppa\",\"url\":\"https:\\\/\\\/www.solakauppa.fi\\\/\",\"logo\":{\"@type\":\"ImageObject\",\"inLanguage\":\"en-US\",\"@id\":\"https:\\\/\\\/www.solakauppa.fi\\\/#\\\/schema\\\/logo\\\/image\\\/\",\"url\":\"https:\\\/\\\/www.solakauppa.fi\\\/wp-content\\\/uploads\\\/2020\\\/06\\\/Sola-logo_solava\u0308ri.svg\",\"contentUrl\":\"https:\\\/\\\/www.solakauppa.fi\\\/wp-content\\\/uploads\\\/2020\\\/06\\\/Sola-logo_solava\u0308ri.svg\",\"caption\":\"Solakauppa\"},\"image\":{\"@id\":\"https:\\\/\\\/www.solakauppa.fi\\\/#\\\/schema\\\/logo\\\/image\\\/\"}}]}<\/script>\n<!-- \/ Yoast SEO plugin. -->","yoast_head_json":{"title":"Mesiangervovoide Kota | Sola","description":"Hunajaisen kukkaistuoksuinen hoitovoide vartalon iholle ja hierontaan. Voide pehment\u00e4\u00e4 ja hoitaa ihoa sek\u00e4 sopii erityisesti lihasten ja nivelalueiden hierontaan.","robots":{"index":"index","follow":"follow","max-snippet":"max-snippet:-1","max-image-preview":"max-image-preview:large","max-video-preview":"max-video-preview:-1"},"canonical":"https:\/\/www.solakauppa.fi\/en\/kauppa\/hoitotuotteet\/mesiangervovoide-kota\/","og_locale":"en_US","og_type":"article","og_title":"Mesiangervovoide Kota | Sola","og_description":"Hunajaisen kukkaistuoksuinen hoitovoide vartalon iholle ja hierontaan. Voide pehment\u00e4\u00e4 ja hoitaa ihoa sek\u00e4 sopii erityisesti lihasten ja nivelalueiden hierontaan.","og_url":"https:\/\/www.solakauppa.fi\/en\/kauppa\/hoitotuotteet\/mesiangervovoide-kota\/","og_site_name":"Sola","article_modified_time":"2026-04-08T13:50:32+00:00","og_image":[{"width":999,"height":1000,"url":"https:\/\/www.solakauppa.fi\/wp-content\/uploads\/2026\/03\/mesiangervo.jpg","type":"image\/jpeg"}],"twitter_card":"summary_large_image","twitter_misc":{"Est. reading time":"1 minute"},"schema":{"@context":"https:\/\/schema.org","@graph":[{"@type":"WebPage","@id":"https:\/\/www.solakauppa.fi\/kauppa\/hoitotuotteet\/mesiangervovoide-kota\/","url":"https:\/\/www.solakauppa.fi\/kauppa\/hoitotuotteet\/mesiangervovoide-kota\/","name":"Mesiangervovoide Kota | Sola","isPartOf":{"@id":"https:\/\/www.solakauppa.fi\/#website"},"primaryImageOfPage":{"@id":"https:\/\/www.solakauppa.fi\/kauppa\/hoitotuotteet\/mesiangervovoide-kota\/#primaryimage"},"image":{"@id":"https:\/\/www.solakauppa.fi\/kauppa\/hoitotuotteet\/mesiangervovoide-kota\/#primaryimage"},"thumbnailUrl":"https:\/\/www.solakauppa.fi\/wp-content\/uploads\/2026\/03\/mesiangervo.jpg","datePublished":"2026-03-31T06:27:45+00:00","dateModified":"2026-04-08T13:50:32+00:00","description":"Hunajaisen kukkaistuoksuinen hoitovoide vartalon iholle ja hierontaan. Voide pehment\u00e4\u00e4 ja hoitaa ihoa sek\u00e4 sopii erityisesti lihasten ja nivelalueiden hierontaan.","breadcrumb":{"@id":"https:\/\/www.solakauppa.fi\/kauppa\/hoitotuotteet\/mesiangervovoide-kota\/#breadcrumb"},"inLanguage":"en-US","potentialAction":[{"@type":"ReadAction","target":["https:\/\/www.solakauppa.fi\/kauppa\/hoitotuotteet\/mesiangervovoide-kota\/"]}]},{"@type":"ImageObject","inLanguage":"en-US","@id":"https:\/\/www.solakauppa.fi\/kauppa\/hoitotuotteet\/mesiangervovoide-kota\/#primaryimage","url":"https:\/\/www.solakauppa.fi\/wp-content\/uploads\/2026\/03\/mesiangervo.jpg","contentUrl":"https:\/\/www.solakauppa.fi\/wp-content\/uploads\/2026\/03\/mesiangervo.jpg","width":999,"height":1000},{"@type":"BreadcrumbList","@id":"https:\/\/www.solakauppa.fi\/kauppa\/hoitotuotteet\/mesiangervovoide-kota\/#breadcrumb","itemListElement":[{"@type":"ListItem","position":1,"name":"Home","item":"https:\/\/www.solakauppa.fi\/"},{"@type":"ListItem","position":2,"name":"Solakauppa","item":"https:\/\/www.solakauppa.fi\/kauppa2\/"},{"@type":"ListItem","position":3,"name":"Mesiangervovoide Kota"}]},{"@type":"WebSite","@id":"https:\/\/www.solakauppa.fi\/#website","url":"https:\/\/www.solakauppa.fi\/","name":"Sola","description":"Suomalainen k\u00e4sintehty saippua","publisher":{"@id":"https:\/\/www.solakauppa.fi\/#organization"},"potentialAction":[{"@type":"SearchAction","target":{"@type":"EntryPoint","urlTemplate":"https:\/\/www.solakauppa.fi\/?s={search_term_string}"},"query-input":{"@type":"PropertyValueSpecification","valueRequired":true,"valueName":"search_term_string"}}],"inLanguage":"en-US"},{"@type":"Organization","@id":"https:\/\/www.solakauppa.fi\/#organization","name":"Sola Shop","url":"https:\/\/www.solakauppa.fi\/","logo":{"@type":"ImageObject","inLanguage":"en-US","@id":"https:\/\/www.solakauppa.fi\/#\/schema\/logo\/image\/","url":"https:\/\/www.solakauppa.fi\/wp-content\/uploads\/2020\/06\/Sola-logo_solava\u0308ri.svg","contentUrl":"https:\/\/www.solakauppa.fi\/wp-content\/uploads\/2020\/06\/Sola-logo_solava\u0308ri.svg","caption":"Solakauppa"},"image":{"@id":"https:\/\/www.solakauppa.fi\/#\/schema\/logo\/image\/"}}]}},"_links":{"self":[{"href":"https:\/\/www.solakauppa.fi\/en\/wp-json\/wp\/v2\/product\/7600","targetHints":{"allow":["GET"]}}],"collection":[{"href":"https:\/\/www.solakauppa.fi\/en\/wp-json\/wp\/v2\/product"}],"about":[{"href":"https:\/\/www.solakauppa.fi\/en\/wp-json\/wp\/v2\/types\/product"}],"replies":[{"embeddable":true,"href":"https:\/\/www.solakauppa.fi\/en\/wp-json\/wp\/v2\/comments?post=7600"}],"version-history":[{"count":2,"href":"https:\/\/www.solakauppa.fi\/en\/wp-json\/wp\/v2\/product\/7600\/revisions"}],"predecessor-version":[{"id":7621,"href":"https:\/\/www.solakauppa.fi\/en\/wp-json\/wp\/v2\/product\/7600\/revisions\/7621"}],"wp:featuredmedia":[{"embeddable":true,"href":"https:\/\/www.solakauppa.fi\/en\/wp-json\/wp\/v2\/media\/7584"}],"wp:attachment":[{"href":"https:\/\/www.solakauppa.fi\/en\/wp-json\/wp\/v2\/media?parent=7600"}],"wp:term":[{"taxonomy":"product_brand","embeddable":true,"href":"https:\/\/www.solakauppa.fi\/en\/wp-json\/wp\/v2\/product_brand?post=7600"},{"taxonomy":"product_cat","embeddable":true,"href":"https:\/\/www.solakauppa.fi\/en\/wp-json\/wp\/v2\/product_cat?post=7600"},{"taxonomy":"product_tag","embeddable":true,"href":"https:\/\/www.solakauppa.fi\/en\/wp-json\/wp\/v2\/product_tag?post=7600"}],"curies":[{"name":"wp","href":"https:\/\/api.w.org\/{rel}","templated":true}]}}