{"id":7592,"date":"2026-03-27T13:40:33","date_gmt":"2026-03-27T11:40:33","guid":{"rendered":"https:\/\/www.solakauppa.fi\/?post_type=product&#038;p=7592"},"modified":"2026-04-08T16:42:57","modified_gmt":"2026-04-08T13:42:57","slug":"siankarsamo","status":"publish","type":"product","link":"https:\/\/www.solakauppa.fi\/en\/kauppa\/hoitotuotteet\/siankarsamo\/","title":{"rendered":"Siank\u00e4rs\u00e4m\u00f6voide Kota"},"content":{"rendered":"<p><strong>INCI:<\/strong> Cocos nucifera oil, olea europaea fruit oil, cera alba, achillea millefolium.<\/p>\n<p><strong>Pakkauskoko: <\/strong>35ml<\/p>","protected":false},"excerpt":{"rendered":"<p data-start=\"41\" data-end=\"490\">Monik\u00e4ytt\u00f6voide kuivan ja hoitoa kaipaavan ihon hoitoon. Haavaumia ja ihotulehduksia hoitava hartsiton monik\u00e4ytt\u00f6voide, helpottaa mustelmia, sek\u00e4 suonikohjuja. My\u00f6s per\u00e4pukamille. Siank\u00e4rs\u00e4m\u00f6 on perinteisesti k\u00e4ytetty rohdoskasvi, jota arvostetaan ihoa rauhoittavista ja hoitavista ominaisuuksista. Voide sopii erityisesti kuivalle, \u00e4rtyneelle ja herk\u00e4lle iholle.<\/p>\n<p data-start=\"41\" data-end=\"490\"><strong data-start=\"402\" data-end=\"411\">Huom:<\/strong> Ei suositella raskaana oleville.<\/p>\n<p><strong>Pakkauskoko: <\/strong>35ml<\/p>","protected":false},"featured_media":7587,"comment_status":"open","ping_status":"closed","template":"","meta":{"_monsterinsights_skip_tracking":false,"_monsterinsights_sitenote_active":false,"_monsterinsights_sitenote_note":"","_monsterinsights_sitenote_category":0},"product_brand":[],"product_cat":[40],"product_tag":[],"class_list":{"0":"post-7592","1":"product","2":"type-product","3":"status-publish","4":"has-post-thumbnail","6":"product_cat-hoitotuotteet","8":"first","9":"instock","10":"taxable","11":"shipping-taxable","12":"purchasable","13":"product-type-simple"},"yoast_head":"<!-- This site is optimized with the Yoast SEO plugin v27.3 - https:\/\/yoast.com\/product\/yoast-seo-wordpress\/ -->\n<title>Siank\u00e4rs\u00e4m\u00f6voide Kota | Sola<\/title>\n<meta name=\"description\" content=\"Monik\u00e4ytt\u00f6voide kuivan ja hoitoa kaipaavan ihon hoitoon. Voide pehment\u00e4\u00e4, hoitaa ja suojaa ihoa sek\u00e4 sopii p\u00e4ivitt\u00e4iseen k\u00e4ytt\u00f6\u00f6n koko vartalolle.\" \/>\n<meta name=\"robots\" content=\"index, follow, max-snippet:-1, max-image-preview:large, max-video-preview:-1\" \/>\n<link rel=\"canonical\" href=\"https:\/\/www.solakauppa.fi\/en\/kauppa\/hoitotuotteet\/siankarsamo\/\" \/>\n<meta property=\"og:locale\" content=\"en_US\" \/>\n<meta property=\"og:type\" content=\"article\" \/>\n<meta property=\"og:title\" content=\"Siank\u00e4rs\u00e4m\u00f6voide Kota | Sola\" \/>\n<meta property=\"og:description\" content=\"Monik\u00e4ytt\u00f6voide kuivan ja hoitoa kaipaavan ihon hoitoon. Voide pehment\u00e4\u00e4, hoitaa ja suojaa ihoa sek\u00e4 sopii p\u00e4ivitt\u00e4iseen k\u00e4ytt\u00f6\u00f6n koko vartalolle.\" \/>\n<meta property=\"og:url\" content=\"https:\/\/www.solakauppa.fi\/en\/kauppa\/hoitotuotteet\/siankarsamo\/\" \/>\n<meta property=\"og:site_name\" content=\"Sola\" \/>\n<meta property=\"article:modified_time\" content=\"2026-04-08T13:42:57+00:00\" \/>\n<meta property=\"og:image\" content=\"https:\/\/www.solakauppa.fi\/wp-content\/uploads\/2026\/03\/siankarsamo.jpg\" \/>\n\t<meta property=\"og:image:width\" content=\"999\" \/>\n\t<meta property=\"og:image:height\" content=\"1000\" \/>\n\t<meta property=\"og:image:type\" content=\"image\/jpeg\" \/>\n<meta name=\"twitter:card\" content=\"summary_large_image\" \/>\n<meta name=\"twitter:label1\" content=\"Est. reading time\" \/>\n\t<meta name=\"twitter:data1\" content=\"1 minute\" \/>\n<script type=\"application\/ld+json\" class=\"yoast-schema-graph\">{\"@context\":\"https:\\\/\\\/schema.org\",\"@graph\":[{\"@type\":\"WebPage\",\"@id\":\"https:\\\/\\\/www.solakauppa.fi\\\/kauppa\\\/hoitotuotteet\\\/siankarsamo\\\/\",\"url\":\"https:\\\/\\\/www.solakauppa.fi\\\/kauppa\\\/hoitotuotteet\\\/siankarsamo\\\/\",\"name\":\"Siank\u00e4rs\u00e4m\u00f6voide Kota | Sola\",\"isPartOf\":{\"@id\":\"https:\\\/\\\/www.solakauppa.fi\\\/#website\"},\"primaryImageOfPage\":{\"@id\":\"https:\\\/\\\/www.solakauppa.fi\\\/kauppa\\\/hoitotuotteet\\\/siankarsamo\\\/#primaryimage\"},\"image\":{\"@id\":\"https:\\\/\\\/www.solakauppa.fi\\\/kauppa\\\/hoitotuotteet\\\/siankarsamo\\\/#primaryimage\"},\"thumbnailUrl\":\"https:\\\/\\\/www.solakauppa.fi\\\/wp-content\\\/uploads\\\/2026\\\/03\\\/siankarsamo.jpg\",\"datePublished\":\"2026-03-27T11:40:33+00:00\",\"dateModified\":\"2026-04-08T13:42:57+00:00\",\"description\":\"Monik\u00e4ytt\u00f6voide kuivan ja hoitoa kaipaavan ihon hoitoon. Voide pehment\u00e4\u00e4, hoitaa ja suojaa ihoa sek\u00e4 sopii p\u00e4ivitt\u00e4iseen k\u00e4ytt\u00f6\u00f6n koko vartalolle.\",\"breadcrumb\":{\"@id\":\"https:\\\/\\\/www.solakauppa.fi\\\/kauppa\\\/hoitotuotteet\\\/siankarsamo\\\/#breadcrumb\"},\"inLanguage\":\"en-US\",\"potentialAction\":[{\"@type\":\"ReadAction\",\"target\":[\"https:\\\/\\\/www.solakauppa.fi\\\/kauppa\\\/hoitotuotteet\\\/siankarsamo\\\/\"]}]},{\"@type\":\"ImageObject\",\"inLanguage\":\"en-US\",\"@id\":\"https:\\\/\\\/www.solakauppa.fi\\\/kauppa\\\/hoitotuotteet\\\/siankarsamo\\\/#primaryimage\",\"url\":\"https:\\\/\\\/www.solakauppa.fi\\\/wp-content\\\/uploads\\\/2026\\\/03\\\/siankarsamo.jpg\",\"contentUrl\":\"https:\\\/\\\/www.solakauppa.fi\\\/wp-content\\\/uploads\\\/2026\\\/03\\\/siankarsamo.jpg\",\"width\":999,\"height\":1000},{\"@type\":\"BreadcrumbList\",\"@id\":\"https:\\\/\\\/www.solakauppa.fi\\\/kauppa\\\/hoitotuotteet\\\/siankarsamo\\\/#breadcrumb\",\"itemListElement\":[{\"@type\":\"ListItem\",\"position\":1,\"name\":\"Home\",\"item\":\"https:\\\/\\\/www.solakauppa.fi\\\/\"},{\"@type\":\"ListItem\",\"position\":2,\"name\":\"Solakauppa\",\"item\":\"https:\\\/\\\/www.solakauppa.fi\\\/kauppa2\\\/\"},{\"@type\":\"ListItem\",\"position\":3,\"name\":\"Siank\u00e4rs\u00e4m\u00f6voide Kota\"}]},{\"@type\":\"WebSite\",\"@id\":\"https:\\\/\\\/www.solakauppa.fi\\\/#website\",\"url\":\"https:\\\/\\\/www.solakauppa.fi\\\/\",\"name\":\"Sola\",\"description\":\"Suomalainen k\u00e4sintehty saippua\",\"publisher\":{\"@id\":\"https:\\\/\\\/www.solakauppa.fi\\\/#organization\"},\"potentialAction\":[{\"@type\":\"SearchAction\",\"target\":{\"@type\":\"EntryPoint\",\"urlTemplate\":\"https:\\\/\\\/www.solakauppa.fi\\\/?s={search_term_string}\"},\"query-input\":{\"@type\":\"PropertyValueSpecification\",\"valueRequired\":true,\"valueName\":\"search_term_string\"}}],\"inLanguage\":\"en-US\"},{\"@type\":\"Organization\",\"@id\":\"https:\\\/\\\/www.solakauppa.fi\\\/#organization\",\"name\":\"Solakauppa\",\"url\":\"https:\\\/\\\/www.solakauppa.fi\\\/\",\"logo\":{\"@type\":\"ImageObject\",\"inLanguage\":\"en-US\",\"@id\":\"https:\\\/\\\/www.solakauppa.fi\\\/#\\\/schema\\\/logo\\\/image\\\/\",\"url\":\"https:\\\/\\\/www.solakauppa.fi\\\/wp-content\\\/uploads\\\/2020\\\/06\\\/Sola-logo_solava\u0308ri.svg\",\"contentUrl\":\"https:\\\/\\\/www.solakauppa.fi\\\/wp-content\\\/uploads\\\/2020\\\/06\\\/Sola-logo_solava\u0308ri.svg\",\"caption\":\"Solakauppa\"},\"image\":{\"@id\":\"https:\\\/\\\/www.solakauppa.fi\\\/#\\\/schema\\\/logo\\\/image\\\/\"}}]}<\/script>\n<!-- \/ Yoast SEO plugin. -->","yoast_head_json":{"title":"Siank\u00e4rs\u00e4m\u00f6voide Kota | Sola","description":"Monik\u00e4ytt\u00f6voide kuivan ja hoitoa kaipaavan ihon hoitoon. Voide pehment\u00e4\u00e4, hoitaa ja suojaa ihoa sek\u00e4 sopii p\u00e4ivitt\u00e4iseen k\u00e4ytt\u00f6\u00f6n koko vartalolle.","robots":{"index":"index","follow":"follow","max-snippet":"max-snippet:-1","max-image-preview":"max-image-preview:large","max-video-preview":"max-video-preview:-1"},"canonical":"https:\/\/www.solakauppa.fi\/en\/kauppa\/hoitotuotteet\/siankarsamo\/","og_locale":"en_US","og_type":"article","og_title":"Siank\u00e4rs\u00e4m\u00f6voide Kota | Sola","og_description":"Monik\u00e4ytt\u00f6voide kuivan ja hoitoa kaipaavan ihon hoitoon. Voide pehment\u00e4\u00e4, hoitaa ja suojaa ihoa sek\u00e4 sopii p\u00e4ivitt\u00e4iseen k\u00e4ytt\u00f6\u00f6n koko vartalolle.","og_url":"https:\/\/www.solakauppa.fi\/en\/kauppa\/hoitotuotteet\/siankarsamo\/","og_site_name":"Sola","article_modified_time":"2026-04-08T13:42:57+00:00","og_image":[{"width":999,"height":1000,"url":"https:\/\/www.solakauppa.fi\/wp-content\/uploads\/2026\/03\/siankarsamo.jpg","type":"image\/jpeg"}],"twitter_card":"summary_large_image","twitter_misc":{"Est. reading time":"1 minute"},"schema":{"@context":"https:\/\/schema.org","@graph":[{"@type":"WebPage","@id":"https:\/\/www.solakauppa.fi\/kauppa\/hoitotuotteet\/siankarsamo\/","url":"https:\/\/www.solakauppa.fi\/kauppa\/hoitotuotteet\/siankarsamo\/","name":"Siank\u00e4rs\u00e4m\u00f6voide Kota | Sola","isPartOf":{"@id":"https:\/\/www.solakauppa.fi\/#website"},"primaryImageOfPage":{"@id":"https:\/\/www.solakauppa.fi\/kauppa\/hoitotuotteet\/siankarsamo\/#primaryimage"},"image":{"@id":"https:\/\/www.solakauppa.fi\/kauppa\/hoitotuotteet\/siankarsamo\/#primaryimage"},"thumbnailUrl":"https:\/\/www.solakauppa.fi\/wp-content\/uploads\/2026\/03\/siankarsamo.jpg","datePublished":"2026-03-27T11:40:33+00:00","dateModified":"2026-04-08T13:42:57+00:00","description":"Monik\u00e4ytt\u00f6voide kuivan ja hoitoa kaipaavan ihon hoitoon. Voide pehment\u00e4\u00e4, hoitaa ja suojaa ihoa sek\u00e4 sopii p\u00e4ivitt\u00e4iseen k\u00e4ytt\u00f6\u00f6n koko vartalolle.","breadcrumb":{"@id":"https:\/\/www.solakauppa.fi\/kauppa\/hoitotuotteet\/siankarsamo\/#breadcrumb"},"inLanguage":"en-US","potentialAction":[{"@type":"ReadAction","target":["https:\/\/www.solakauppa.fi\/kauppa\/hoitotuotteet\/siankarsamo\/"]}]},{"@type":"ImageObject","inLanguage":"en-US","@id":"https:\/\/www.solakauppa.fi\/kauppa\/hoitotuotteet\/siankarsamo\/#primaryimage","url":"https:\/\/www.solakauppa.fi\/wp-content\/uploads\/2026\/03\/siankarsamo.jpg","contentUrl":"https:\/\/www.solakauppa.fi\/wp-content\/uploads\/2026\/03\/siankarsamo.jpg","width":999,"height":1000},{"@type":"BreadcrumbList","@id":"https:\/\/www.solakauppa.fi\/kauppa\/hoitotuotteet\/siankarsamo\/#breadcrumb","itemListElement":[{"@type":"ListItem","position":1,"name":"Home","item":"https:\/\/www.solakauppa.fi\/"},{"@type":"ListItem","position":2,"name":"Solakauppa","item":"https:\/\/www.solakauppa.fi\/kauppa2\/"},{"@type":"ListItem","position":3,"name":"Siank\u00e4rs\u00e4m\u00f6voide Kota"}]},{"@type":"WebSite","@id":"https:\/\/www.solakauppa.fi\/#website","url":"https:\/\/www.solakauppa.fi\/","name":"Sola","description":"Suomalainen k\u00e4sintehty saippua","publisher":{"@id":"https:\/\/www.solakauppa.fi\/#organization"},"potentialAction":[{"@type":"SearchAction","target":{"@type":"EntryPoint","urlTemplate":"https:\/\/www.solakauppa.fi\/?s={search_term_string}"},"query-input":{"@type":"PropertyValueSpecification","valueRequired":true,"valueName":"search_term_string"}}],"inLanguage":"en-US"},{"@type":"Organization","@id":"https:\/\/www.solakauppa.fi\/#organization","name":"Sola Shop","url":"https:\/\/www.solakauppa.fi\/","logo":{"@type":"ImageObject","inLanguage":"en-US","@id":"https:\/\/www.solakauppa.fi\/#\/schema\/logo\/image\/","url":"https:\/\/www.solakauppa.fi\/wp-content\/uploads\/2020\/06\/Sola-logo_solava\u0308ri.svg","contentUrl":"https:\/\/www.solakauppa.fi\/wp-content\/uploads\/2020\/06\/Sola-logo_solava\u0308ri.svg","caption":"Solakauppa"},"image":{"@id":"https:\/\/www.solakauppa.fi\/#\/schema\/logo\/image\/"}}]}},"_links":{"self":[{"href":"https:\/\/www.solakauppa.fi\/en\/wp-json\/wp\/v2\/product\/7592","targetHints":{"allow":["GET"]}}],"collection":[{"href":"https:\/\/www.solakauppa.fi\/en\/wp-json\/wp\/v2\/product"}],"about":[{"href":"https:\/\/www.solakauppa.fi\/en\/wp-json\/wp\/v2\/types\/product"}],"replies":[{"embeddable":true,"href":"https:\/\/www.solakauppa.fi\/en\/wp-json\/wp\/v2\/comments?post=7592"}],"version-history":[{"count":4,"href":"https:\/\/www.solakauppa.fi\/en\/wp-json\/wp\/v2\/product\/7592\/revisions"}],"predecessor-version":[{"id":7616,"href":"https:\/\/www.solakauppa.fi\/en\/wp-json\/wp\/v2\/product\/7592\/revisions\/7616"}],"wp:featuredmedia":[{"embeddable":true,"href":"https:\/\/www.solakauppa.fi\/en\/wp-json\/wp\/v2\/media\/7587"}],"wp:attachment":[{"href":"https:\/\/www.solakauppa.fi\/en\/wp-json\/wp\/v2\/media?parent=7592"}],"wp:term":[{"taxonomy":"product_brand","embeddable":true,"href":"https:\/\/www.solakauppa.fi\/en\/wp-json\/wp\/v2\/product_brand?post=7592"},{"taxonomy":"product_cat","embeddable":true,"href":"https:\/\/www.solakauppa.fi\/en\/wp-json\/wp\/v2\/product_cat?post=7592"},{"taxonomy":"product_tag","embeddable":true,"href":"https:\/\/www.solakauppa.fi\/en\/wp-json\/wp\/v2\/product_tag?post=7592"}],"curies":[{"name":"wp","href":"https:\/\/api.w.org\/{rel}","templated":true}]}}