{"id":7590,"date":"2026-03-27T13:36:51","date_gmt":"2026-03-27T11:36:51","guid":{"rendered":"https:\/\/www.solakauppa.fi\/?post_type=product&#038;p=7590"},"modified":"2026-04-08T16:44:06","modified_gmt":"2026-04-08T13:44:06","slug":"ratamovoide","status":"publish","type":"product","link":"https:\/\/www.solakauppa.fi\/en\/kauppa\/hoitotuotteet\/ratamovoide\/","title":{"rendered":"Ratamovoide Kota"},"content":{"rendered":"<p><strong>INCI:<\/strong> Cocos nucifera oil, olea europaea fruit oil, cera alba, plantago major, calendula officinalis, lavandula.<\/p>\n<p><strong>Pakkauskoko: <\/strong>35ml<\/p>","protected":false},"excerpt":{"rendered":"<p><b>Ratamovoide<\/b><\/p>\n<p data-start=\"41\" data-end=\"490\">Hell\u00e4varainen, hartsiton voide rauhoittaa ja hoitaa herkk\u00e4\u00e4 sek\u00e4 atooppista ihoa. Voide sopii erinomaisesti my\u00f6s hyttysenpistojen j\u00e4lkeen rauhoittamaan ihoa ja v\u00e4hent\u00e4m\u00e4\u00e4n kutinaa. Kevyt ja hyvin imeytyv\u00e4 koostumus tekee voiteesta miellytt\u00e4v\u00e4n k\u00e4ytt\u00e4\u00e4 p\u00e4ivitt\u00e4in. Sopii my\u00f6s lasten iholle.<\/p>\n<p>&nbsp;<\/p>\n<p><strong>Pakkauskoko: <\/strong>35ml<\/p>","protected":false},"featured_media":7586,"comment_status":"open","ping_status":"closed","template":"","meta":{"_monsterinsights_skip_tracking":false,"_monsterinsights_sitenote_active":false,"_monsterinsights_sitenote_note":"","_monsterinsights_sitenote_category":0},"product_brand":[],"product_cat":[40],"product_tag":[],"class_list":{"0":"post-7590","1":"product","2":"type-product","3":"status-publish","4":"has-post-thumbnail","6":"product_cat-hoitotuotteet","8":"first","9":"instock","10":"taxable","11":"shipping-taxable","12":"purchasable","13":"product-type-simple"},"yoast_head":"<!-- This site is optimized with the Yoast SEO plugin v27.3 - https:\/\/yoast.com\/product\/yoast-seo-wordpress\/ -->\n<title>Ratamovoide Kota | Sola<\/title>\n<meta name=\"description\" content=\"Hell\u00e4varainen, hartsiton voide rauhoittaa ja hoitaa herkk\u00e4\u00e4 sek\u00e4 atooppista ihoa. Voide sopii erinomaisesti my\u00f6s hyttysenpistojen j\u00e4lkeen rauhoittamaan ihoa ja v\u00e4hent\u00e4m\u00e4\u00e4n kutinaa.\" \/>\n<meta name=\"robots\" content=\"index, follow, max-snippet:-1, max-image-preview:large, max-video-preview:-1\" \/>\n<link rel=\"canonical\" href=\"https:\/\/www.solakauppa.fi\/en\/kauppa\/hoitotuotteet\/ratamovoide\/\" \/>\n<meta property=\"og:locale\" content=\"en_US\" \/>\n<meta property=\"og:type\" content=\"article\" \/>\n<meta property=\"og:title\" content=\"Ratamovoide Kota | Sola\" \/>\n<meta property=\"og:description\" content=\"Hell\u00e4varainen, hartsiton voide rauhoittaa ja hoitaa herkk\u00e4\u00e4 sek\u00e4 atooppista ihoa. Voide sopii erinomaisesti my\u00f6s hyttysenpistojen j\u00e4lkeen rauhoittamaan ihoa ja v\u00e4hent\u00e4m\u00e4\u00e4n kutinaa.\" \/>\n<meta property=\"og:url\" content=\"https:\/\/www.solakauppa.fi\/en\/kauppa\/hoitotuotteet\/ratamovoide\/\" \/>\n<meta property=\"og:site_name\" content=\"Sola\" \/>\n<meta property=\"article:modified_time\" content=\"2026-04-08T13:44:06+00:00\" \/>\n<meta property=\"og:image\" content=\"https:\/\/www.solakauppa.fi\/wp-content\/uploads\/2026\/03\/ratamo.jpg\" \/>\n\t<meta property=\"og:image:width\" content=\"999\" \/>\n\t<meta property=\"og:image:height\" content=\"1000\" \/>\n\t<meta property=\"og:image:type\" content=\"image\/jpeg\" \/>\n<meta name=\"twitter:card\" content=\"summary_large_image\" \/>\n<meta name=\"twitter:label1\" content=\"Est. reading time\" \/>\n\t<meta name=\"twitter:data1\" content=\"1 minute\" \/>\n<script type=\"application\/ld+json\" class=\"yoast-schema-graph\">{\"@context\":\"https:\\\/\\\/schema.org\",\"@graph\":[{\"@type\":\"WebPage\",\"@id\":\"https:\\\/\\\/www.solakauppa.fi\\\/kauppa\\\/hoitotuotteet\\\/ratamovoide\\\/\",\"url\":\"https:\\\/\\\/www.solakauppa.fi\\\/kauppa\\\/hoitotuotteet\\\/ratamovoide\\\/\",\"name\":\"Ratamovoide Kota | Sola\",\"isPartOf\":{\"@id\":\"https:\\\/\\\/www.solakauppa.fi\\\/#website\"},\"primaryImageOfPage\":{\"@id\":\"https:\\\/\\\/www.solakauppa.fi\\\/kauppa\\\/hoitotuotteet\\\/ratamovoide\\\/#primaryimage\"},\"image\":{\"@id\":\"https:\\\/\\\/www.solakauppa.fi\\\/kauppa\\\/hoitotuotteet\\\/ratamovoide\\\/#primaryimage\"},\"thumbnailUrl\":\"https:\\\/\\\/www.solakauppa.fi\\\/wp-content\\\/uploads\\\/2026\\\/03\\\/ratamo.jpg\",\"datePublished\":\"2026-03-27T11:36:51+00:00\",\"dateModified\":\"2026-04-08T13:44:06+00:00\",\"description\":\"Hell\u00e4varainen, hartsiton voide rauhoittaa ja hoitaa herkk\u00e4\u00e4 sek\u00e4 atooppista ihoa. Voide sopii erinomaisesti my\u00f6s hyttysenpistojen j\u00e4lkeen rauhoittamaan ihoa ja v\u00e4hent\u00e4m\u00e4\u00e4n kutinaa.\",\"breadcrumb\":{\"@id\":\"https:\\\/\\\/www.solakauppa.fi\\\/kauppa\\\/hoitotuotteet\\\/ratamovoide\\\/#breadcrumb\"},\"inLanguage\":\"en-US\",\"potentialAction\":[{\"@type\":\"ReadAction\",\"target\":[\"https:\\\/\\\/www.solakauppa.fi\\\/kauppa\\\/hoitotuotteet\\\/ratamovoide\\\/\"]}]},{\"@type\":\"ImageObject\",\"inLanguage\":\"en-US\",\"@id\":\"https:\\\/\\\/www.solakauppa.fi\\\/kauppa\\\/hoitotuotteet\\\/ratamovoide\\\/#primaryimage\",\"url\":\"https:\\\/\\\/www.solakauppa.fi\\\/wp-content\\\/uploads\\\/2026\\\/03\\\/ratamo.jpg\",\"contentUrl\":\"https:\\\/\\\/www.solakauppa.fi\\\/wp-content\\\/uploads\\\/2026\\\/03\\\/ratamo.jpg\",\"width\":999,\"height\":1000},{\"@type\":\"BreadcrumbList\",\"@id\":\"https:\\\/\\\/www.solakauppa.fi\\\/kauppa\\\/hoitotuotteet\\\/ratamovoide\\\/#breadcrumb\",\"itemListElement\":[{\"@type\":\"ListItem\",\"position\":1,\"name\":\"Home\",\"item\":\"https:\\\/\\\/www.solakauppa.fi\\\/\"},{\"@type\":\"ListItem\",\"position\":2,\"name\":\"Solakauppa\",\"item\":\"https:\\\/\\\/www.solakauppa.fi\\\/kauppa2\\\/\"},{\"@type\":\"ListItem\",\"position\":3,\"name\":\"Ratamovoide Kota\"}]},{\"@type\":\"WebSite\",\"@id\":\"https:\\\/\\\/www.solakauppa.fi\\\/#website\",\"url\":\"https:\\\/\\\/www.solakauppa.fi\\\/\",\"name\":\"Sola\",\"description\":\"Suomalainen k\u00e4sintehty saippua\",\"publisher\":{\"@id\":\"https:\\\/\\\/www.solakauppa.fi\\\/#organization\"},\"potentialAction\":[{\"@type\":\"SearchAction\",\"target\":{\"@type\":\"EntryPoint\",\"urlTemplate\":\"https:\\\/\\\/www.solakauppa.fi\\\/?s={search_term_string}\"},\"query-input\":{\"@type\":\"PropertyValueSpecification\",\"valueRequired\":true,\"valueName\":\"search_term_string\"}}],\"inLanguage\":\"en-US\"},{\"@type\":\"Organization\",\"@id\":\"https:\\\/\\\/www.solakauppa.fi\\\/#organization\",\"name\":\"Solakauppa\",\"url\":\"https:\\\/\\\/www.solakauppa.fi\\\/\",\"logo\":{\"@type\":\"ImageObject\",\"inLanguage\":\"en-US\",\"@id\":\"https:\\\/\\\/www.solakauppa.fi\\\/#\\\/schema\\\/logo\\\/image\\\/\",\"url\":\"https:\\\/\\\/www.solakauppa.fi\\\/wp-content\\\/uploads\\\/2020\\\/06\\\/Sola-logo_solava\u0308ri.svg\",\"contentUrl\":\"https:\\\/\\\/www.solakauppa.fi\\\/wp-content\\\/uploads\\\/2020\\\/06\\\/Sola-logo_solava\u0308ri.svg\",\"caption\":\"Solakauppa\"},\"image\":{\"@id\":\"https:\\\/\\\/www.solakauppa.fi\\\/#\\\/schema\\\/logo\\\/image\\\/\"}}]}<\/script>\n<!-- \/ Yoast SEO plugin. -->","yoast_head_json":{"title":"Ratamovoide Kota | Sola","description":"Hell\u00e4varainen, hartsiton voide rauhoittaa ja hoitaa herkk\u00e4\u00e4 sek\u00e4 atooppista ihoa. Voide sopii erinomaisesti my\u00f6s hyttysenpistojen j\u00e4lkeen rauhoittamaan ihoa ja v\u00e4hent\u00e4m\u00e4\u00e4n kutinaa.","robots":{"index":"index","follow":"follow","max-snippet":"max-snippet:-1","max-image-preview":"max-image-preview:large","max-video-preview":"max-video-preview:-1"},"canonical":"https:\/\/www.solakauppa.fi\/en\/kauppa\/hoitotuotteet\/ratamovoide\/","og_locale":"en_US","og_type":"article","og_title":"Ratamovoide Kota | Sola","og_description":"Hell\u00e4varainen, hartsiton voide rauhoittaa ja hoitaa herkk\u00e4\u00e4 sek\u00e4 atooppista ihoa. Voide sopii erinomaisesti my\u00f6s hyttysenpistojen j\u00e4lkeen rauhoittamaan ihoa ja v\u00e4hent\u00e4m\u00e4\u00e4n kutinaa.","og_url":"https:\/\/www.solakauppa.fi\/en\/kauppa\/hoitotuotteet\/ratamovoide\/","og_site_name":"Sola","article_modified_time":"2026-04-08T13:44:06+00:00","og_image":[{"width":999,"height":1000,"url":"https:\/\/www.solakauppa.fi\/wp-content\/uploads\/2026\/03\/ratamo.jpg","type":"image\/jpeg"}],"twitter_card":"summary_large_image","twitter_misc":{"Est. reading time":"1 minute"},"schema":{"@context":"https:\/\/schema.org","@graph":[{"@type":"WebPage","@id":"https:\/\/www.solakauppa.fi\/kauppa\/hoitotuotteet\/ratamovoide\/","url":"https:\/\/www.solakauppa.fi\/kauppa\/hoitotuotteet\/ratamovoide\/","name":"Ratamovoide Kota | Sola","isPartOf":{"@id":"https:\/\/www.solakauppa.fi\/#website"},"primaryImageOfPage":{"@id":"https:\/\/www.solakauppa.fi\/kauppa\/hoitotuotteet\/ratamovoide\/#primaryimage"},"image":{"@id":"https:\/\/www.solakauppa.fi\/kauppa\/hoitotuotteet\/ratamovoide\/#primaryimage"},"thumbnailUrl":"https:\/\/www.solakauppa.fi\/wp-content\/uploads\/2026\/03\/ratamo.jpg","datePublished":"2026-03-27T11:36:51+00:00","dateModified":"2026-04-08T13:44:06+00:00","description":"Hell\u00e4varainen, hartsiton voide rauhoittaa ja hoitaa herkk\u00e4\u00e4 sek\u00e4 atooppista ihoa. Voide sopii erinomaisesti my\u00f6s hyttysenpistojen j\u00e4lkeen rauhoittamaan ihoa ja v\u00e4hent\u00e4m\u00e4\u00e4n kutinaa.","breadcrumb":{"@id":"https:\/\/www.solakauppa.fi\/kauppa\/hoitotuotteet\/ratamovoide\/#breadcrumb"},"inLanguage":"en-US","potentialAction":[{"@type":"ReadAction","target":["https:\/\/www.solakauppa.fi\/kauppa\/hoitotuotteet\/ratamovoide\/"]}]},{"@type":"ImageObject","inLanguage":"en-US","@id":"https:\/\/www.solakauppa.fi\/kauppa\/hoitotuotteet\/ratamovoide\/#primaryimage","url":"https:\/\/www.solakauppa.fi\/wp-content\/uploads\/2026\/03\/ratamo.jpg","contentUrl":"https:\/\/www.solakauppa.fi\/wp-content\/uploads\/2026\/03\/ratamo.jpg","width":999,"height":1000},{"@type":"BreadcrumbList","@id":"https:\/\/www.solakauppa.fi\/kauppa\/hoitotuotteet\/ratamovoide\/#breadcrumb","itemListElement":[{"@type":"ListItem","position":1,"name":"Home","item":"https:\/\/www.solakauppa.fi\/"},{"@type":"ListItem","position":2,"name":"Solakauppa","item":"https:\/\/www.solakauppa.fi\/kauppa2\/"},{"@type":"ListItem","position":3,"name":"Ratamovoide Kota"}]},{"@type":"WebSite","@id":"https:\/\/www.solakauppa.fi\/#website","url":"https:\/\/www.solakauppa.fi\/","name":"Sola","description":"Suomalainen k\u00e4sintehty saippua","publisher":{"@id":"https:\/\/www.solakauppa.fi\/#organization"},"potentialAction":[{"@type":"SearchAction","target":{"@type":"EntryPoint","urlTemplate":"https:\/\/www.solakauppa.fi\/?s={search_term_string}"},"query-input":{"@type":"PropertyValueSpecification","valueRequired":true,"valueName":"search_term_string"}}],"inLanguage":"en-US"},{"@type":"Organization","@id":"https:\/\/www.solakauppa.fi\/#organization","name":"Sola Shop","url":"https:\/\/www.solakauppa.fi\/","logo":{"@type":"ImageObject","inLanguage":"en-US","@id":"https:\/\/www.solakauppa.fi\/#\/schema\/logo\/image\/","url":"https:\/\/www.solakauppa.fi\/wp-content\/uploads\/2020\/06\/Sola-logo_solava\u0308ri.svg","contentUrl":"https:\/\/www.solakauppa.fi\/wp-content\/uploads\/2020\/06\/Sola-logo_solava\u0308ri.svg","caption":"Solakauppa"},"image":{"@id":"https:\/\/www.solakauppa.fi\/#\/schema\/logo\/image\/"}}]}},"_links":{"self":[{"href":"https:\/\/www.solakauppa.fi\/en\/wp-json\/wp\/v2\/product\/7590","targetHints":{"allow":["GET"]}}],"collection":[{"href":"https:\/\/www.solakauppa.fi\/en\/wp-json\/wp\/v2\/product"}],"about":[{"href":"https:\/\/www.solakauppa.fi\/en\/wp-json\/wp\/v2\/types\/product"}],"replies":[{"embeddable":true,"href":"https:\/\/www.solakauppa.fi\/en\/wp-json\/wp\/v2\/comments?post=7590"}],"version-history":[{"count":3,"href":"https:\/\/www.solakauppa.fi\/en\/wp-json\/wp\/v2\/product\/7590\/revisions"}],"predecessor-version":[{"id":7617,"href":"https:\/\/www.solakauppa.fi\/en\/wp-json\/wp\/v2\/product\/7590\/revisions\/7617"}],"wp:featuredmedia":[{"embeddable":true,"href":"https:\/\/www.solakauppa.fi\/en\/wp-json\/wp\/v2\/media\/7586"}],"wp:attachment":[{"href":"https:\/\/www.solakauppa.fi\/en\/wp-json\/wp\/v2\/media?parent=7590"}],"wp:term":[{"taxonomy":"product_brand","embeddable":true,"href":"https:\/\/www.solakauppa.fi\/en\/wp-json\/wp\/v2\/product_brand?post=7590"},{"taxonomy":"product_cat","embeddable":true,"href":"https:\/\/www.solakauppa.fi\/en\/wp-json\/wp\/v2\/product_cat?post=7590"},{"taxonomy":"product_tag","embeddable":true,"href":"https:\/\/www.solakauppa.fi\/en\/wp-json\/wp\/v2\/product_tag?post=7590"}],"curies":[{"name":"wp","href":"https:\/\/api.w.org\/{rel}","templated":true}]}}