{"id":7035,"date":"2025-05-12T13:40:12","date_gmt":"2025-05-12T10:40:12","guid":{"rendered":"https:\/\/www.solakauppa.fi\/?post_type=product&#038;p=7035"},"modified":"2025-05-12T13:41:11","modified_gmt":"2025-05-12T10:41:11","slug":"matkarasiasetti-korento","status":"publish","type":"product","link":"https:\/\/www.solakauppa.fi\/en\/kauppa\/saippuat\/matkarasiat\/matkarasiasetti-korento\/","title":{"rendered":"Matkarasiasetti Lumme"},"content":{"rendered":"<p data-start=\"214\" data-end=\"487\">K\u00e4tev\u00e4 matkarasiasetti Pakurisaippualla &#8211; K\u00e4sinpiirretyss\u00e4 SanniMaa-sarjan matkarasiassa<\/p>\n<p class=\"\" data-start=\"214\" data-end=\"487\">Ota mets\u00e4n rauha mukaasi! T\u00e4ss\u00e4 k\u00e4yt\u00e4nn\u00f6llisess\u00e4 matkapakkauksessa kulkee mukana mets\u00e4aromeja huokuva Pakurisaippua, jonka tuoksussa kohtaavat kataja, seetri ja m\u00e4nty. Mukana my\u00f6s kotimainen vanerialusta sek\u00e4 pehme\u00e4 hoitotyyny kasvoille.<\/p>\n<p class=\"\" data-start=\"489\" data-end=\"747\">Pakurisaippua pysyy rasiassa kuivana ja suojassa \u2013 t\u00e4ydellinen kumppani m\u00f6kille, vaellukselle tai vaikka ty\u00f6matkalle. Hoitotyyny on konepest\u00e4v\u00e4 ja luonnossa hajoava, ja koko setti on suunniteltu luonnon ehdoilla \u2013 ekologinen valinta ihollesi ja ymp\u00e4rist\u00f6lle.<\/p>\n<p class=\"\" data-start=\"749\" data-end=\"841\"><strong data-start=\"749\" data-end=\"768\">Setti sis\u00e4lt\u00e4\u00e4:<\/strong><br data-start=\"768\" data-end=\"771\" \/>\u2013 Pakurisaippuan<br data-start=\"787\" data-end=\"790\" \/>\u2013 Matkarasian<br data-start=\"803\" data-end=\"806\" \/>\u2013 Kuivatusalustan<br data-start=\"823\" data-end=\"826\" \/>\u2013 Hoitotyynyn<\/p>\n<p>&nbsp;<\/p>","protected":false},"excerpt":{"rendered":"<p data-start=\"214\" data-end=\"487\">K\u00e4tev\u00e4 matkarasiasetti Pakurisaippualla &#8211; K\u00e4sinpiirretyss\u00e4 SanniMaa-sarjan matkarasiassa<\/p>\n<p class=\"\" data-start=\"214\" data-end=\"487\">Ota mets\u00e4n rauha mukaasi! T\u00e4ss\u00e4 k\u00e4yt\u00e4nn\u00f6llisess\u00e4 matkapakkauksessa kulkee mukana mets\u00e4aromeja huokuva Pakurisaippua, jonka tuoksussa kohtaavat kataja, seetri ja m\u00e4nty. Mukana my\u00f6s kotimainen vanerialusta sek\u00e4 pehme\u00e4 hoitotyyny kasvoille.<\/p>\n<p class=\"\" data-start=\"489\" data-end=\"747\">Pakurisaippua pysyy rasiassa kuivana ja suojassa \u2013 t\u00e4ydellinen kumppani m\u00f6kille, vaellukselle tai vaikka ty\u00f6matkalle. Hoitotyyny on konepest\u00e4v\u00e4 ja luonnossa hajoava, ja koko setti on suunniteltu luonnon ehdoilla \u2013 ekologinen valinta ihollesi ja ymp\u00e4rist\u00f6lle.<\/p>\n<p class=\"\" data-start=\"749\" data-end=\"841\"><strong data-start=\"749\" data-end=\"768\">Setti sis\u00e4lt\u00e4\u00e4:<\/strong><br data-start=\"768\" data-end=\"771\" \/>\u2013 Pakurisaippuan<br data-start=\"787\" data-end=\"790\" \/>\u2013 Matkarasian<br data-start=\"803\" data-end=\"806\" \/>\u2013 Kuivatusalustan<br data-start=\"823\" data-end=\"826\" \/>\u2013 Hoitotyynyn<\/p>\n<p>&nbsp;<\/p>","protected":false},"featured_media":6992,"comment_status":"open","ping_status":"closed","template":"","meta":{"_monsterinsights_skip_tracking":false,"_monsterinsights_sitenote_active":false,"_monsterinsights_sitenote_note":"","_monsterinsights_sitenote_category":0},"product_brand":[],"product_cat":[15],"product_tag":[],"class_list":{"0":"post-7035","1":"product","2":"type-product","3":"status-publish","4":"has-post-thumbnail","6":"product_cat-matkarasiat","8":"first","9":"instock","10":"taxable","11":"shipping-taxable","12":"purchasable","13":"product-type-simple"},"yoast_head":"<!-- This site is optimized with the Yoast SEO plugin v27.4 - https:\/\/yoast.com\/product\/yoast-seo-wordpress\/ -->\n<title>Matkarasiasetti Lumme | Sola<\/title>\n<meta name=\"robots\" content=\"index, follow, max-snippet:-1, max-image-preview:large, max-video-preview:-1\" \/>\n<link rel=\"canonical\" href=\"https:\/\/www.solakauppa.fi\/en\/kauppa\/saippuat\/matkarasiat\/matkarasiasetti-korento\/\" \/>\n<meta property=\"og:locale\" content=\"en_US\" \/>\n<meta property=\"og:type\" content=\"article\" \/>\n<meta property=\"og:title\" content=\"Matkarasiasetti Lumme | Sola\" \/>\n<meta property=\"og:description\" content=\"K\u00e4tev\u00e4 matkarasiasetti Pakurisaippualla - K\u00e4sinpiirretyss\u00e4 SanniMaa-sarjan matkarasiassa Ota mets\u00e4n rauha mukaasi! T\u00e4ss\u00e4 k\u00e4yt\u00e4nn\u00f6llisess\u00e4 matkapakkauksessa kulkee mukana mets\u00e4aromeja huokuva Pakurisaippua, jonka tuoksussa kohtaavat kataja, seetri ja m\u00e4nty. Mukana my\u00f6s kotimainen vanerialusta sek\u00e4 pehme\u00e4 hoitotyyny kasvoille. Pakurisaippua pysyy rasiassa kuivana ja suojassa \u2013 t\u00e4ydellinen kumppani m\u00f6kille, vaellukselle tai vaikka ty\u00f6matkalle. Hoitotyyny on konepest\u00e4v\u00e4 ja luonnossa hajoava, ja koko setti on suunniteltu luonnon ehdoilla \u2013 ekologinen valinta ihollesi ja ymp\u00e4rist\u00f6lle. Setti sis\u00e4lt\u00e4\u00e4:\u2013 Pakurisaippuan\u2013 Matkarasian\u2013 Kuivatusalustan\u2013 Hoitotyynyn &nbsp;\" \/>\n<meta property=\"og:url\" content=\"https:\/\/www.solakauppa.fi\/en\/kauppa\/saippuat\/matkarasiat\/matkarasiasetti-korento\/\" \/>\n<meta property=\"og:site_name\" content=\"Sola\" \/>\n<meta property=\"article:modified_time\" content=\"2025-05-12T10:41:11+00:00\" \/>\n<meta property=\"og:image\" content=\"https:\/\/www.solakauppa.fi\/wp-content\/uploads\/2017\/01\/korento.jpg\" \/>\n\t<meta property=\"og:image:width\" content=\"1000\" \/>\n\t<meta property=\"og:image:height\" content=\"1000\" \/>\n\t<meta property=\"og:image:type\" content=\"image\/jpeg\" \/>\n<meta name=\"twitter:card\" content=\"summary_large_image\" \/>\n<meta name=\"twitter:label1\" content=\"Est. reading time\" \/>\n\t<meta name=\"twitter:data1\" content=\"1 minute\" \/>\n<script type=\"application\/ld+json\" class=\"yoast-schema-graph\">{\"@context\":\"https:\\\/\\\/schema.org\",\"@graph\":[{\"@type\":\"WebPage\",\"@id\":\"https:\\\/\\\/www.solakauppa.fi\\\/kauppa\\\/saippuat\\\/matkarasiat\\\/matkarasiasetti-korento\\\/\",\"url\":\"https:\\\/\\\/www.solakauppa.fi\\\/kauppa\\\/saippuat\\\/matkarasiat\\\/matkarasiasetti-korento\\\/\",\"name\":\"Matkarasiasetti Lumme | Sola\",\"isPartOf\":{\"@id\":\"https:\\\/\\\/www.solakauppa.fi\\\/#website\"},\"primaryImageOfPage\":{\"@id\":\"https:\\\/\\\/www.solakauppa.fi\\\/kauppa\\\/saippuat\\\/matkarasiat\\\/matkarasiasetti-korento\\\/#primaryimage\"},\"image\":{\"@id\":\"https:\\\/\\\/www.solakauppa.fi\\\/kauppa\\\/saippuat\\\/matkarasiat\\\/matkarasiasetti-korento\\\/#primaryimage\"},\"thumbnailUrl\":\"https:\\\/\\\/www.solakauppa.fi\\\/wp-content\\\/uploads\\\/2017\\\/01\\\/korento.jpg\",\"datePublished\":\"2025-05-12T10:40:12+00:00\",\"dateModified\":\"2025-05-12T10:41:11+00:00\",\"breadcrumb\":{\"@id\":\"https:\\\/\\\/www.solakauppa.fi\\\/kauppa\\\/saippuat\\\/matkarasiat\\\/matkarasiasetti-korento\\\/#breadcrumb\"},\"inLanguage\":\"en-US\",\"potentialAction\":[{\"@type\":\"ReadAction\",\"target\":[\"https:\\\/\\\/www.solakauppa.fi\\\/kauppa\\\/saippuat\\\/matkarasiat\\\/matkarasiasetti-korento\\\/\"]}]},{\"@type\":\"ImageObject\",\"inLanguage\":\"en-US\",\"@id\":\"https:\\\/\\\/www.solakauppa.fi\\\/kauppa\\\/saippuat\\\/matkarasiat\\\/matkarasiasetti-korento\\\/#primaryimage\",\"url\":\"https:\\\/\\\/www.solakauppa.fi\\\/wp-content\\\/uploads\\\/2017\\\/01\\\/korento.jpg\",\"contentUrl\":\"https:\\\/\\\/www.solakauppa.fi\\\/wp-content\\\/uploads\\\/2017\\\/01\\\/korento.jpg\",\"width\":1000,\"height\":1000},{\"@type\":\"BreadcrumbList\",\"@id\":\"https:\\\/\\\/www.solakauppa.fi\\\/kauppa\\\/saippuat\\\/matkarasiat\\\/matkarasiasetti-korento\\\/#breadcrumb\",\"itemListElement\":[{\"@type\":\"ListItem\",\"position\":1,\"name\":\"Home\",\"item\":\"https:\\\/\\\/www.solakauppa.fi\\\/\"},{\"@type\":\"ListItem\",\"position\":2,\"name\":\"Solakauppa\",\"item\":\"https:\\\/\\\/www.solakauppa.fi\\\/kauppa2\\\/\"},{\"@type\":\"ListItem\",\"position\":3,\"name\":\"Matkarasiasetti Lumme\"}]},{\"@type\":\"WebSite\",\"@id\":\"https:\\\/\\\/www.solakauppa.fi\\\/#website\",\"url\":\"https:\\\/\\\/www.solakauppa.fi\\\/\",\"name\":\"Sola\",\"description\":\"Suomalainen k\u00e4sintehty saippua\",\"publisher\":{\"@id\":\"https:\\\/\\\/www.solakauppa.fi\\\/#organization\"},\"potentialAction\":[{\"@type\":\"SearchAction\",\"target\":{\"@type\":\"EntryPoint\",\"urlTemplate\":\"https:\\\/\\\/www.solakauppa.fi\\\/?s={search_term_string}\"},\"query-input\":{\"@type\":\"PropertyValueSpecification\",\"valueRequired\":true,\"valueName\":\"search_term_string\"}}],\"inLanguage\":\"en-US\"},{\"@type\":\"Organization\",\"@id\":\"https:\\\/\\\/www.solakauppa.fi\\\/#organization\",\"name\":\"Solakauppa\",\"url\":\"https:\\\/\\\/www.solakauppa.fi\\\/\",\"logo\":{\"@type\":\"ImageObject\",\"inLanguage\":\"en-US\",\"@id\":\"https:\\\/\\\/www.solakauppa.fi\\\/#\\\/schema\\\/logo\\\/image\\\/\",\"url\":\"https:\\\/\\\/www.solakauppa.fi\\\/wp-content\\\/uploads\\\/2020\\\/06\\\/Sola-logo_solava\u0308ri.svg\",\"contentUrl\":\"https:\\\/\\\/www.solakauppa.fi\\\/wp-content\\\/uploads\\\/2020\\\/06\\\/Sola-logo_solava\u0308ri.svg\",\"caption\":\"Solakauppa\"},\"image\":{\"@id\":\"https:\\\/\\\/www.solakauppa.fi\\\/#\\\/schema\\\/logo\\\/image\\\/\"}}]}<\/script>\n<!-- \/ Yoast SEO plugin. -->","yoast_head_json":{"title":"Matkarasiasetti Lumme | Sola","robots":{"index":"index","follow":"follow","max-snippet":"max-snippet:-1","max-image-preview":"max-image-preview:large","max-video-preview":"max-video-preview:-1"},"canonical":"https:\/\/www.solakauppa.fi\/en\/kauppa\/saippuat\/matkarasiat\/matkarasiasetti-korento\/","og_locale":"en_US","og_type":"article","og_title":"Matkarasiasetti Lumme | Sola","og_description":"K\u00e4tev\u00e4 matkarasiasetti Pakurisaippualla - K\u00e4sinpiirretyss\u00e4 SanniMaa-sarjan matkarasiassa Ota mets\u00e4n rauha mukaasi! T\u00e4ss\u00e4 k\u00e4yt\u00e4nn\u00f6llisess\u00e4 matkapakkauksessa kulkee mukana mets\u00e4aromeja huokuva Pakurisaippua, jonka tuoksussa kohtaavat kataja, seetri ja m\u00e4nty. Mukana my\u00f6s kotimainen vanerialusta sek\u00e4 pehme\u00e4 hoitotyyny kasvoille. Pakurisaippua pysyy rasiassa kuivana ja suojassa \u2013 t\u00e4ydellinen kumppani m\u00f6kille, vaellukselle tai vaikka ty\u00f6matkalle. Hoitotyyny on konepest\u00e4v\u00e4 ja luonnossa hajoava, ja koko setti on suunniteltu luonnon ehdoilla \u2013 ekologinen valinta ihollesi ja ymp\u00e4rist\u00f6lle. Setti sis\u00e4lt\u00e4\u00e4:\u2013 Pakurisaippuan\u2013 Matkarasian\u2013 Kuivatusalustan\u2013 Hoitotyynyn &nbsp;","og_url":"https:\/\/www.solakauppa.fi\/en\/kauppa\/saippuat\/matkarasiat\/matkarasiasetti-korento\/","og_site_name":"Sola","article_modified_time":"2025-05-12T10:41:11+00:00","og_image":[{"width":1000,"height":1000,"url":"https:\/\/www.solakauppa.fi\/wp-content\/uploads\/2017\/01\/korento.jpg","type":"image\/jpeg"}],"twitter_card":"summary_large_image","twitter_misc":{"Est. reading time":"1 minute"},"schema":{"@context":"https:\/\/schema.org","@graph":[{"@type":"WebPage","@id":"https:\/\/www.solakauppa.fi\/kauppa\/saippuat\/matkarasiat\/matkarasiasetti-korento\/","url":"https:\/\/www.solakauppa.fi\/kauppa\/saippuat\/matkarasiat\/matkarasiasetti-korento\/","name":"Matkarasiasetti Lumme | Sola","isPartOf":{"@id":"https:\/\/www.solakauppa.fi\/#website"},"primaryImageOfPage":{"@id":"https:\/\/www.solakauppa.fi\/kauppa\/saippuat\/matkarasiat\/matkarasiasetti-korento\/#primaryimage"},"image":{"@id":"https:\/\/www.solakauppa.fi\/kauppa\/saippuat\/matkarasiat\/matkarasiasetti-korento\/#primaryimage"},"thumbnailUrl":"https:\/\/www.solakauppa.fi\/wp-content\/uploads\/2017\/01\/korento.jpg","datePublished":"2025-05-12T10:40:12+00:00","dateModified":"2025-05-12T10:41:11+00:00","breadcrumb":{"@id":"https:\/\/www.solakauppa.fi\/kauppa\/saippuat\/matkarasiat\/matkarasiasetti-korento\/#breadcrumb"},"inLanguage":"en-US","potentialAction":[{"@type":"ReadAction","target":["https:\/\/www.solakauppa.fi\/kauppa\/saippuat\/matkarasiat\/matkarasiasetti-korento\/"]}]},{"@type":"ImageObject","inLanguage":"en-US","@id":"https:\/\/www.solakauppa.fi\/kauppa\/saippuat\/matkarasiat\/matkarasiasetti-korento\/#primaryimage","url":"https:\/\/www.solakauppa.fi\/wp-content\/uploads\/2017\/01\/korento.jpg","contentUrl":"https:\/\/www.solakauppa.fi\/wp-content\/uploads\/2017\/01\/korento.jpg","width":1000,"height":1000},{"@type":"BreadcrumbList","@id":"https:\/\/www.solakauppa.fi\/kauppa\/saippuat\/matkarasiat\/matkarasiasetti-korento\/#breadcrumb","itemListElement":[{"@type":"ListItem","position":1,"name":"Home","item":"https:\/\/www.solakauppa.fi\/"},{"@type":"ListItem","position":2,"name":"Solakauppa","item":"https:\/\/www.solakauppa.fi\/kauppa2\/"},{"@type":"ListItem","position":3,"name":"Matkarasiasetti Lumme"}]},{"@type":"WebSite","@id":"https:\/\/www.solakauppa.fi\/#website","url":"https:\/\/www.solakauppa.fi\/","name":"Sola","description":"Suomalainen k\u00e4sintehty saippua","publisher":{"@id":"https:\/\/www.solakauppa.fi\/#organization"},"potentialAction":[{"@type":"SearchAction","target":{"@type":"EntryPoint","urlTemplate":"https:\/\/www.solakauppa.fi\/?s={search_term_string}"},"query-input":{"@type":"PropertyValueSpecification","valueRequired":true,"valueName":"search_term_string"}}],"inLanguage":"en-US"},{"@type":"Organization","@id":"https:\/\/www.solakauppa.fi\/#organization","name":"Sola Shop","url":"https:\/\/www.solakauppa.fi\/","logo":{"@type":"ImageObject","inLanguage":"en-US","@id":"https:\/\/www.solakauppa.fi\/#\/schema\/logo\/image\/","url":"https:\/\/www.solakauppa.fi\/wp-content\/uploads\/2020\/06\/Sola-logo_solava\u0308ri.svg","contentUrl":"https:\/\/www.solakauppa.fi\/wp-content\/uploads\/2020\/06\/Sola-logo_solava\u0308ri.svg","caption":"Solakauppa"},"image":{"@id":"https:\/\/www.solakauppa.fi\/#\/schema\/logo\/image\/"}}]}},"_links":{"self":[{"href":"https:\/\/www.solakauppa.fi\/en\/wp-json\/wp\/v2\/product\/7035","targetHints":{"allow":["GET"]}}],"collection":[{"href":"https:\/\/www.solakauppa.fi\/en\/wp-json\/wp\/v2\/product"}],"about":[{"href":"https:\/\/www.solakauppa.fi\/en\/wp-json\/wp\/v2\/types\/product"}],"replies":[{"embeddable":true,"href":"https:\/\/www.solakauppa.fi\/en\/wp-json\/wp\/v2\/comments?post=7035"}],"version-history":[{"count":2,"href":"https:\/\/www.solakauppa.fi\/en\/wp-json\/wp\/v2\/product\/7035\/revisions"}],"predecessor-version":[{"id":7037,"href":"https:\/\/www.solakauppa.fi\/en\/wp-json\/wp\/v2\/product\/7035\/revisions\/7037"}],"wp:featuredmedia":[{"embeddable":true,"href":"https:\/\/www.solakauppa.fi\/en\/wp-json\/wp\/v2\/media\/6992"}],"wp:attachment":[{"href":"https:\/\/www.solakauppa.fi\/en\/wp-json\/wp\/v2\/media?parent=7035"}],"wp:term":[{"taxonomy":"product_brand","embeddable":true,"href":"https:\/\/www.solakauppa.fi\/en\/wp-json\/wp\/v2\/product_brand?post=7035"},{"taxonomy":"product_cat","embeddable":true,"href":"https:\/\/www.solakauppa.fi\/en\/wp-json\/wp\/v2\/product_cat?post=7035"},{"taxonomy":"product_tag","embeddable":true,"href":"https:\/\/www.solakauppa.fi\/en\/wp-json\/wp\/v2\/product_tag?post=7035"}],"curies":[{"name":"wp","href":"https:\/\/api.w.org\/{rel}","templated":true}]}}