{"id":6664,"date":"2024-10-22T19:40:16","date_gmt":"2024-10-22T16:40:16","guid":{"rendered":"https:\/\/www.solakauppa.fi\/?post_type=product&#038;p=6664"},"modified":"2025-10-23T15:32:32","modified_gmt":"2025-10-23T12:32:32","slug":"karhusetti","status":"publish","type":"product","link":"https:\/\/www.solakauppa.fi\/en\/kauppa\/paketit\/karhusetti\/","title":{"rendered":"Karhusetti"},"content":{"rendered":"<p>Karhusetti sopii aidolle mets\u00e4miehelle tai -naiselle. Karhusetiss\u00e4 on aidosta karhun talista valmistettua erikoissaippuaa ja erikoishoitovoidetta.\u00a0 Karhusetti sis\u00e4lt\u00e4\u00e4 <span class=\"s1\">Kota -sarjan uutuustuotteen; Karhusalvan (35ml) ja tervantuoksuisen saippuan.\u00a0\u00a0<\/span><\/p>\n<p class=\"p1\"><span class=\"s1\">Kaikki k\u00e4sintehtyj\u00e4, kaikki kotimaisia, suurella intohimolla ja rakkaudella valmistettuja.\u00a0<\/span><\/p>\n<p>&nbsp;<\/p>","protected":false},"excerpt":{"rendered":"<p>Karhusetti sopii aidolle mets\u00e4miehelle tai -naiselle. Karhusetiss\u00e4 on aidosta karhun talista valmistettua erikoissaippuaa ja erikoishoitovoidetta.\u00a0 Karhusetti sis\u00e4lt\u00e4\u00e4 <span class=\"s1\">Kota -sarjan uutuustuotteen; Karhusalvan (35ml) ja tervantuoksuisen saippuan.\u00a0\u00a0<\/span><\/p>\n<p class=\"p1\"><span class=\"s1\">Kaikki k\u00e4sintehtyj\u00e4, kaikki kotimaisia, suurella intohimolla ja rakkaudella valmistettuja.\u00a0<\/span><\/p>\n<p>&nbsp;<\/p>","protected":false},"featured_media":6648,"comment_status":"open","ping_status":"closed","template":"","meta":{"_monsterinsights_skip_tracking":false,"_monsterinsights_sitenote_active":false,"_monsterinsights_sitenote_note":"","_monsterinsights_sitenote_category":0},"product_brand":[],"product_cat":[53,91],"product_tag":[],"class_list":{"0":"post-6664","1":"product","2":"type-product","3":"status-publish","4":"has-post-thumbnail","6":"product_cat-paketit","7":"product_cat-lahjapaketit","9":"first","10":"instock","11":"sale","12":"taxable","13":"shipping-taxable","14":"purchasable","15":"product-type-composite"},"yoast_head":"<!-- This site is optimized with the Yoast SEO plugin v27.4 - https:\/\/yoast.com\/product\/yoast-seo-wordpress\/ -->\n<title>Karhusetti | Sola<\/title>\n<meta name=\"description\" content=\"Karhusetti sopii aidolle mets\u00e4miehelle tai -naiselle. Karhusetiss\u00e4 on aidosta karhun talista valmistettua erikoissaippuaa ja erikoishoitovoidetta.\u00a0\" \/>\n<meta name=\"robots\" content=\"index, follow, max-snippet:-1, max-image-preview:large, max-video-preview:-1\" \/>\n<link rel=\"canonical\" href=\"https:\/\/www.solakauppa.fi\/en\/kauppa\/paketit\/karhusetti\/\" \/>\n<meta property=\"og:locale\" content=\"en_US\" \/>\n<meta property=\"og:type\" content=\"article\" \/>\n<meta property=\"og:title\" content=\"Karhusetti | Sola\" \/>\n<meta property=\"og:description\" content=\"Karhusetti sopii aidolle mets\u00e4miehelle tai -naiselle. Karhusetiss\u00e4 on aidosta karhun talista valmistettua erikoissaippuaa ja erikoishoitovoidetta.\u00a0\" \/>\n<meta property=\"og:url\" content=\"https:\/\/www.solakauppa.fi\/en\/kauppa\/paketit\/karhusetti\/\" \/>\n<meta property=\"og:site_name\" content=\"Sola\" \/>\n<meta property=\"article:modified_time\" content=\"2025-10-23T12:32:32+00:00\" \/>\n<meta property=\"og:image\" content=\"https:\/\/www.solakauppa.fi\/wp-content\/uploads\/2024\/04\/6.jpg\" \/>\n\t<meta property=\"og:image:width\" content=\"1000\" \/>\n\t<meta property=\"og:image:height\" content=\"706\" \/>\n\t<meta property=\"og:image:type\" content=\"image\/jpeg\" \/>\n<meta name=\"twitter:card\" content=\"summary_large_image\" \/>\n<meta name=\"twitter:label1\" content=\"Est. reading time\" \/>\n\t<meta name=\"twitter:data1\" content=\"1 minute\" \/>\n<script type=\"application\/ld+json\" class=\"yoast-schema-graph\">{\"@context\":\"https:\\\/\\\/schema.org\",\"@graph\":[{\"@type\":\"WebPage\",\"@id\":\"https:\\\/\\\/www.solakauppa.fi\\\/kauppa\\\/paketit\\\/karhusetti\\\/\",\"url\":\"https:\\\/\\\/www.solakauppa.fi\\\/kauppa\\\/paketit\\\/karhusetti\\\/\",\"name\":\"Karhusetti | Sola\",\"isPartOf\":{\"@id\":\"https:\\\/\\\/www.solakauppa.fi\\\/#website\"},\"primaryImageOfPage\":{\"@id\":\"https:\\\/\\\/www.solakauppa.fi\\\/kauppa\\\/paketit\\\/karhusetti\\\/#primaryimage\"},\"image\":{\"@id\":\"https:\\\/\\\/www.solakauppa.fi\\\/kauppa\\\/paketit\\\/karhusetti\\\/#primaryimage\"},\"thumbnailUrl\":\"https:\\\/\\\/www.solakauppa.fi\\\/wp-content\\\/uploads\\\/2024\\\/04\\\/6.jpg\",\"datePublished\":\"2024-10-22T16:40:16+00:00\",\"dateModified\":\"2025-10-23T12:32:32+00:00\",\"description\":\"Karhusetti sopii aidolle mets\u00e4miehelle tai -naiselle. Karhusetiss\u00e4 on aidosta karhun talista valmistettua erikoissaippuaa ja erikoishoitovoidetta.\u00a0\",\"breadcrumb\":{\"@id\":\"https:\\\/\\\/www.solakauppa.fi\\\/kauppa\\\/paketit\\\/karhusetti\\\/#breadcrumb\"},\"inLanguage\":\"en-US\",\"potentialAction\":[{\"@type\":\"ReadAction\",\"target\":[\"https:\\\/\\\/www.solakauppa.fi\\\/kauppa\\\/paketit\\\/karhusetti\\\/\"]}]},{\"@type\":\"ImageObject\",\"inLanguage\":\"en-US\",\"@id\":\"https:\\\/\\\/www.solakauppa.fi\\\/kauppa\\\/paketit\\\/karhusetti\\\/#primaryimage\",\"url\":\"https:\\\/\\\/www.solakauppa.fi\\\/wp-content\\\/uploads\\\/2024\\\/04\\\/6.jpg\",\"contentUrl\":\"https:\\\/\\\/www.solakauppa.fi\\\/wp-content\\\/uploads\\\/2024\\\/04\\\/6.jpg\",\"width\":1000,\"height\":706},{\"@type\":\"BreadcrumbList\",\"@id\":\"https:\\\/\\\/www.solakauppa.fi\\\/kauppa\\\/paketit\\\/karhusetti\\\/#breadcrumb\",\"itemListElement\":[{\"@type\":\"ListItem\",\"position\":1,\"name\":\"Home\",\"item\":\"https:\\\/\\\/www.solakauppa.fi\\\/\"},{\"@type\":\"ListItem\",\"position\":2,\"name\":\"Solakauppa\",\"item\":\"https:\\\/\\\/www.solakauppa.fi\\\/kauppa2\\\/\"},{\"@type\":\"ListItem\",\"position\":3,\"name\":\"Karhusetti\"}]},{\"@type\":\"WebSite\",\"@id\":\"https:\\\/\\\/www.solakauppa.fi\\\/#website\",\"url\":\"https:\\\/\\\/www.solakauppa.fi\\\/\",\"name\":\"Sola\",\"description\":\"Suomalainen k\u00e4sintehty saippua\",\"publisher\":{\"@id\":\"https:\\\/\\\/www.solakauppa.fi\\\/#organization\"},\"potentialAction\":[{\"@type\":\"SearchAction\",\"target\":{\"@type\":\"EntryPoint\",\"urlTemplate\":\"https:\\\/\\\/www.solakauppa.fi\\\/?s={search_term_string}\"},\"query-input\":{\"@type\":\"PropertyValueSpecification\",\"valueRequired\":true,\"valueName\":\"search_term_string\"}}],\"inLanguage\":\"en-US\"},{\"@type\":\"Organization\",\"@id\":\"https:\\\/\\\/www.solakauppa.fi\\\/#organization\",\"name\":\"Solakauppa\",\"url\":\"https:\\\/\\\/www.solakauppa.fi\\\/\",\"logo\":{\"@type\":\"ImageObject\",\"inLanguage\":\"en-US\",\"@id\":\"https:\\\/\\\/www.solakauppa.fi\\\/#\\\/schema\\\/logo\\\/image\\\/\",\"url\":\"https:\\\/\\\/www.solakauppa.fi\\\/wp-content\\\/uploads\\\/2020\\\/06\\\/Sola-logo_solava\u0308ri.svg\",\"contentUrl\":\"https:\\\/\\\/www.solakauppa.fi\\\/wp-content\\\/uploads\\\/2020\\\/06\\\/Sola-logo_solava\u0308ri.svg\",\"caption\":\"Solakauppa\"},\"image\":{\"@id\":\"https:\\\/\\\/www.solakauppa.fi\\\/#\\\/schema\\\/logo\\\/image\\\/\"}}]}<\/script>\n<!-- \/ Yoast SEO plugin. -->","yoast_head_json":{"title":"Karhusetti | Sola","description":"Karhusetti sopii aidolle mets\u00e4miehelle tai -naiselle. Karhusetiss\u00e4 on aidosta karhun talista valmistettua erikoissaippuaa ja erikoishoitovoidetta.\u00a0","robots":{"index":"index","follow":"follow","max-snippet":"max-snippet:-1","max-image-preview":"max-image-preview:large","max-video-preview":"max-video-preview:-1"},"canonical":"https:\/\/www.solakauppa.fi\/en\/kauppa\/paketit\/karhusetti\/","og_locale":"en_US","og_type":"article","og_title":"Karhusetti | Sola","og_description":"Karhusetti sopii aidolle mets\u00e4miehelle tai -naiselle. Karhusetiss\u00e4 on aidosta karhun talista valmistettua erikoissaippuaa ja erikoishoitovoidetta.\u00a0","og_url":"https:\/\/www.solakauppa.fi\/en\/kauppa\/paketit\/karhusetti\/","og_site_name":"Sola","article_modified_time":"2025-10-23T12:32:32+00:00","og_image":[{"width":1000,"height":706,"url":"https:\/\/www.solakauppa.fi\/wp-content\/uploads\/2024\/04\/6.jpg","type":"image\/jpeg"}],"twitter_card":"summary_large_image","twitter_misc":{"Est. reading time":"1 minute"},"schema":{"@context":"https:\/\/schema.org","@graph":[{"@type":"WebPage","@id":"https:\/\/www.solakauppa.fi\/kauppa\/paketit\/karhusetti\/","url":"https:\/\/www.solakauppa.fi\/kauppa\/paketit\/karhusetti\/","name":"Karhusetti | Sola","isPartOf":{"@id":"https:\/\/www.solakauppa.fi\/#website"},"primaryImageOfPage":{"@id":"https:\/\/www.solakauppa.fi\/kauppa\/paketit\/karhusetti\/#primaryimage"},"image":{"@id":"https:\/\/www.solakauppa.fi\/kauppa\/paketit\/karhusetti\/#primaryimage"},"thumbnailUrl":"https:\/\/www.solakauppa.fi\/wp-content\/uploads\/2024\/04\/6.jpg","datePublished":"2024-10-22T16:40:16+00:00","dateModified":"2025-10-23T12:32:32+00:00","description":"Karhusetti sopii aidolle mets\u00e4miehelle tai -naiselle. Karhusetiss\u00e4 on aidosta karhun talista valmistettua erikoissaippuaa ja erikoishoitovoidetta.\u00a0","breadcrumb":{"@id":"https:\/\/www.solakauppa.fi\/kauppa\/paketit\/karhusetti\/#breadcrumb"},"inLanguage":"en-US","potentialAction":[{"@type":"ReadAction","target":["https:\/\/www.solakauppa.fi\/kauppa\/paketit\/karhusetti\/"]}]},{"@type":"ImageObject","inLanguage":"en-US","@id":"https:\/\/www.solakauppa.fi\/kauppa\/paketit\/karhusetti\/#primaryimage","url":"https:\/\/www.solakauppa.fi\/wp-content\/uploads\/2024\/04\/6.jpg","contentUrl":"https:\/\/www.solakauppa.fi\/wp-content\/uploads\/2024\/04\/6.jpg","width":1000,"height":706},{"@type":"BreadcrumbList","@id":"https:\/\/www.solakauppa.fi\/kauppa\/paketit\/karhusetti\/#breadcrumb","itemListElement":[{"@type":"ListItem","position":1,"name":"Home","item":"https:\/\/www.solakauppa.fi\/"},{"@type":"ListItem","position":2,"name":"Solakauppa","item":"https:\/\/www.solakauppa.fi\/kauppa2\/"},{"@type":"ListItem","position":3,"name":"Karhusetti"}]},{"@type":"WebSite","@id":"https:\/\/www.solakauppa.fi\/#website","url":"https:\/\/www.solakauppa.fi\/","name":"Sola","description":"Suomalainen k\u00e4sintehty saippua","publisher":{"@id":"https:\/\/www.solakauppa.fi\/#organization"},"potentialAction":[{"@type":"SearchAction","target":{"@type":"EntryPoint","urlTemplate":"https:\/\/www.solakauppa.fi\/?s={search_term_string}"},"query-input":{"@type":"PropertyValueSpecification","valueRequired":true,"valueName":"search_term_string"}}],"inLanguage":"en-US"},{"@type":"Organization","@id":"https:\/\/www.solakauppa.fi\/#organization","name":"Sola Shop","url":"https:\/\/www.solakauppa.fi\/","logo":{"@type":"ImageObject","inLanguage":"en-US","@id":"https:\/\/www.solakauppa.fi\/#\/schema\/logo\/image\/","url":"https:\/\/www.solakauppa.fi\/wp-content\/uploads\/2020\/06\/Sola-logo_solava\u0308ri.svg","contentUrl":"https:\/\/www.solakauppa.fi\/wp-content\/uploads\/2020\/06\/Sola-logo_solava\u0308ri.svg","caption":"Solakauppa"},"image":{"@id":"https:\/\/www.solakauppa.fi\/#\/schema\/logo\/image\/"}}]}},"_links":{"self":[{"href":"https:\/\/www.solakauppa.fi\/en\/wp-json\/wp\/v2\/product\/6664","targetHints":{"allow":["GET"]}}],"collection":[{"href":"https:\/\/www.solakauppa.fi\/en\/wp-json\/wp\/v2\/product"}],"about":[{"href":"https:\/\/www.solakauppa.fi\/en\/wp-json\/wp\/v2\/types\/product"}],"replies":[{"embeddable":true,"href":"https:\/\/www.solakauppa.fi\/en\/wp-json\/wp\/v2\/comments?post=6664"}],"version-history":[{"count":1,"href":"https:\/\/www.solakauppa.fi\/en\/wp-json\/wp\/v2\/product\/6664\/revisions"}],"predecessor-version":[{"id":6665,"href":"https:\/\/www.solakauppa.fi\/en\/wp-json\/wp\/v2\/product\/6664\/revisions\/6665"}],"wp:featuredmedia":[{"embeddable":true,"href":"https:\/\/www.solakauppa.fi\/en\/wp-json\/wp\/v2\/media\/6648"}],"wp:attachment":[{"href":"https:\/\/www.solakauppa.fi\/en\/wp-json\/wp\/v2\/media?parent=6664"}],"wp:term":[{"taxonomy":"product_brand","embeddable":true,"href":"https:\/\/www.solakauppa.fi\/en\/wp-json\/wp\/v2\/product_brand?post=6664"},{"taxonomy":"product_cat","embeddable":true,"href":"https:\/\/www.solakauppa.fi\/en\/wp-json\/wp\/v2\/product_cat?post=6664"},{"taxonomy":"product_tag","embeddable":true,"href":"https:\/\/www.solakauppa.fi\/en\/wp-json\/wp\/v2\/product_tag?post=6664"}],"curies":[{"name":"wp","href":"https:\/\/api.w.org\/{rel}","templated":true}]}}