{"id":6252,"date":"2024-04-29T11:59:23","date_gmt":"2024-04-29T08:59:23","guid":{"rendered":"https:\/\/www.solakauppa.fi\/?post_type=product&#038;p=6252"},"modified":"2026-01-30T14:03:19","modified_gmt":"2026-01-30T12:03:19","slug":"aitienpaivapaketti-punainen","status":"publish","type":"product","link":"https:\/\/www.solakauppa.fi\/en\/kauppa\/paketit\/aitienpaivapaketti-punainen\/","title":{"rendered":"\u00c4itienp\u00e4iv\u00e4paketti punainen"},"content":{"rendered":"<p>Ihana lahjasetti \u00e4idille!<\/p>\n<p class=\"p1\"><span class=\"s1\">Pakkaus sis\u00e4lt\u00e4\u00e4 Kota -sarjan uutuustuotteen, Inkiv\u00e4\u00e4rivoiteen (35ml) ja ihanan pirte\u00e4n Inkiv\u00e4\u00e4rin Ilo -saippuan ja punaisen upean sieniveitsen.<\/span><\/p>\n<p>Inkiv\u00e4\u00e4rivoide: Inkiv\u00e4\u00e4ri sopii nivelille ja helpottaa ja virkist\u00e4\u00e4 v\u00e4syneit\u00e4 lihaksia, sek\u00e4 virkist\u00e4\u00e4 pintaverenkiertoa.<\/p>\n<p class=\"p1\"><span class=\"s1\">Kaikki k\u00e4sintehtyj\u00e4, kaikki kotimaisia, suurella intohimolla ja rakkaudella valmistettuja &#8211; juuri sellaisia \u00e4iti ansaitsee!<\/span><\/p>\n<p>Jos haluat, ett\u00e4 l\u00e4het\u00e4mme pakkauksen puolestasi juhlap\u00e4iv\u00e4n sankarille, kirjoitathan osoitteen kommenttikentt\u00e4\u00e4n ja mukaan voit laittaa my\u00f6s pienen viestin lahjan saajalle.<\/p>","protected":false},"excerpt":{"rendered":"<p>Ihana lahjasetti \u00e4idille!<\/p>\n<p class=\"p1\"><span class=\"s1\">Pakkaus sis\u00e4lt\u00e4\u00e4 Kota -sarjan uutuustuotteen, Inkiv\u00e4\u00e4rivoiteen (35ml) ja ihanan pirte\u00e4n Inkiv\u00e4\u00e4rin Ilo -saippuan ja punaisen upean sieniveitsen.<\/span><\/p>\n<p>Inkiv\u00e4\u00e4rivoide: Inkiv\u00e4\u00e4ri sopii nivelille ja helpottaa ja virkist\u00e4\u00e4 v\u00e4syneit\u00e4 lihaksia, sek\u00e4 virkist\u00e4\u00e4 pintaverenkiertoa.<\/p>\n<p class=\"p1\"><span class=\"s1\">Kaikki k\u00e4sintehtyj\u00e4, kaikki kotimaisia, suurella intohimolla ja rakkaudella valmistettuja &#8211; juuri sellaisia \u00e4iti ansaitsee!<\/span><\/p>\n<p>Jos haluat, ett\u00e4 l\u00e4het\u00e4mme pakkauksen puolestasi juhlap\u00e4iv\u00e4n sankarille, kirjoitathan osoitteen kommenttikentt\u00e4\u00e4n ja mukaan voit laittaa my\u00f6s pienen viestin lahjan saajalle.<\/p>","protected":false},"featured_media":6230,"comment_status":"open","ping_status":"closed","template":"","meta":{"_monsterinsights_skip_tracking":false,"_monsterinsights_sitenote_active":false,"_monsterinsights_sitenote_note":"","_monsterinsights_sitenote_category":0},"product_brand":[],"product_cat":[53,91],"product_tag":[],"class_list":{"0":"post-6252","1":"product","2":"type-product","3":"status-publish","4":"has-post-thumbnail","6":"product_cat-paketit","7":"product_cat-lahjapaketit","9":"first","10":"instock","11":"sale","12":"taxable","13":"shipping-taxable","14":"purchasable","15":"product-type-composite"},"yoast_head":"<!-- This site is optimized with the Yoast SEO plugin v27.4 - https:\/\/yoast.com\/product\/yoast-seo-wordpress\/ -->\n<title>\u00c4itienp\u00e4iv\u00e4paketti punainen | Sola<\/title>\n<meta name=\"description\" content=\"Hurmaavia luonnontuotteita \u00e4idille! Aurinkoisia Suomessa k\u00e4sintehtyj\u00e4 saippuoita jotka ovat hyvi\u00e4 sek\u00e4 \u00e4idille ett\u00e4 luonnolle.\" \/>\n<meta name=\"robots\" content=\"index, follow, max-snippet:-1, max-image-preview:large, max-video-preview:-1\" \/>\n<link rel=\"canonical\" href=\"https:\/\/www.solakauppa.fi\/en\/kauppa\/paketit\/aitienpaivapaketti-punainen\/\" \/>\n<meta property=\"og:locale\" content=\"en_US\" \/>\n<meta property=\"og:type\" content=\"article\" \/>\n<meta property=\"og:title\" content=\"\u00c4itienp\u00e4iv\u00e4paketti punainen | Sola\" \/>\n<meta property=\"og:description\" content=\"Hurmaavia luonnontuotteita \u00e4idille! Aurinkoisia Suomessa k\u00e4sintehtyj\u00e4 saippuoita jotka ovat hyvi\u00e4 sek\u00e4 \u00e4idille ett\u00e4 luonnolle.\" \/>\n<meta property=\"og:url\" content=\"https:\/\/www.solakauppa.fi\/en\/kauppa\/paketit\/aitienpaivapaketti-punainen\/\" \/>\n<meta property=\"og:site_name\" content=\"Sola\" \/>\n<meta property=\"article:modified_time\" content=\"2026-01-30T12:03:19+00:00\" \/>\n<meta property=\"og:image\" content=\"https:\/\/www.solakauppa.fi\/wp-content\/uploads\/2023\/04\/aitienpaiva2.jpg\" \/>\n\t<meta property=\"og:image:width\" content=\"1000\" \/>\n\t<meta property=\"og:image:height\" content=\"677\" \/>\n\t<meta property=\"og:image:type\" content=\"image\/jpeg\" \/>\n<meta name=\"twitter:card\" content=\"summary_large_image\" \/>\n<meta name=\"twitter:label1\" content=\"Est. reading time\" \/>\n\t<meta name=\"twitter:data1\" content=\"1 minute\" \/>\n<script type=\"application\/ld+json\" class=\"yoast-schema-graph\">{\"@context\":\"https:\\\/\\\/schema.org\",\"@graph\":[{\"@type\":\"WebPage\",\"@id\":\"https:\\\/\\\/www.solakauppa.fi\\\/kauppa\\\/paketit\\\/aitienpaivapaketti-punainen\\\/\",\"url\":\"https:\\\/\\\/www.solakauppa.fi\\\/kauppa\\\/paketit\\\/aitienpaivapaketti-punainen\\\/\",\"name\":\"\u00c4itienp\u00e4iv\u00e4paketti punainen | Sola\",\"isPartOf\":{\"@id\":\"https:\\\/\\\/www.solakauppa.fi\\\/#website\"},\"primaryImageOfPage\":{\"@id\":\"https:\\\/\\\/www.solakauppa.fi\\\/kauppa\\\/paketit\\\/aitienpaivapaketti-punainen\\\/#primaryimage\"},\"image\":{\"@id\":\"https:\\\/\\\/www.solakauppa.fi\\\/kauppa\\\/paketit\\\/aitienpaivapaketti-punainen\\\/#primaryimage\"},\"thumbnailUrl\":\"https:\\\/\\\/www.solakauppa.fi\\\/wp-content\\\/uploads\\\/2023\\\/04\\\/aitienpaiva2.jpg\",\"datePublished\":\"2024-04-29T08:59:23+00:00\",\"dateModified\":\"2026-01-30T12:03:19+00:00\",\"description\":\"Hurmaavia luonnontuotteita \u00e4idille! Aurinkoisia Suomessa k\u00e4sintehtyj\u00e4 saippuoita jotka ovat hyvi\u00e4 sek\u00e4 \u00e4idille ett\u00e4 luonnolle.\",\"breadcrumb\":{\"@id\":\"https:\\\/\\\/www.solakauppa.fi\\\/kauppa\\\/paketit\\\/aitienpaivapaketti-punainen\\\/#breadcrumb\"},\"inLanguage\":\"en-US\",\"potentialAction\":[{\"@type\":\"ReadAction\",\"target\":[\"https:\\\/\\\/www.solakauppa.fi\\\/kauppa\\\/paketit\\\/aitienpaivapaketti-punainen\\\/\"]}]},{\"@type\":\"ImageObject\",\"inLanguage\":\"en-US\",\"@id\":\"https:\\\/\\\/www.solakauppa.fi\\\/kauppa\\\/paketit\\\/aitienpaivapaketti-punainen\\\/#primaryimage\",\"url\":\"https:\\\/\\\/www.solakauppa.fi\\\/wp-content\\\/uploads\\\/2023\\\/04\\\/aitienpaiva2.jpg\",\"contentUrl\":\"https:\\\/\\\/www.solakauppa.fi\\\/wp-content\\\/uploads\\\/2023\\\/04\\\/aitienpaiva2.jpg\",\"width\":1000,\"height\":677},{\"@type\":\"BreadcrumbList\",\"@id\":\"https:\\\/\\\/www.solakauppa.fi\\\/kauppa\\\/paketit\\\/aitienpaivapaketti-punainen\\\/#breadcrumb\",\"itemListElement\":[{\"@type\":\"ListItem\",\"position\":1,\"name\":\"Home\",\"item\":\"https:\\\/\\\/www.solakauppa.fi\\\/\"},{\"@type\":\"ListItem\",\"position\":2,\"name\":\"Solakauppa\",\"item\":\"https:\\\/\\\/www.solakauppa.fi\\\/kauppa2\\\/\"},{\"@type\":\"ListItem\",\"position\":3,\"name\":\"\u00c4itienp\u00e4iv\u00e4paketti punainen\"}]},{\"@type\":\"WebSite\",\"@id\":\"https:\\\/\\\/www.solakauppa.fi\\\/#website\",\"url\":\"https:\\\/\\\/www.solakauppa.fi\\\/\",\"name\":\"Sola\",\"description\":\"Suomalainen k\u00e4sintehty saippua\",\"publisher\":{\"@id\":\"https:\\\/\\\/www.solakauppa.fi\\\/#organization\"},\"potentialAction\":[{\"@type\":\"SearchAction\",\"target\":{\"@type\":\"EntryPoint\",\"urlTemplate\":\"https:\\\/\\\/www.solakauppa.fi\\\/?s={search_term_string}\"},\"query-input\":{\"@type\":\"PropertyValueSpecification\",\"valueRequired\":true,\"valueName\":\"search_term_string\"}}],\"inLanguage\":\"en-US\"},{\"@type\":\"Organization\",\"@id\":\"https:\\\/\\\/www.solakauppa.fi\\\/#organization\",\"name\":\"Solakauppa\",\"url\":\"https:\\\/\\\/www.solakauppa.fi\\\/\",\"logo\":{\"@type\":\"ImageObject\",\"inLanguage\":\"en-US\",\"@id\":\"https:\\\/\\\/www.solakauppa.fi\\\/#\\\/schema\\\/logo\\\/image\\\/\",\"url\":\"https:\\\/\\\/www.solakauppa.fi\\\/wp-content\\\/uploads\\\/2020\\\/06\\\/Sola-logo_solava\u0308ri.svg\",\"contentUrl\":\"https:\\\/\\\/www.solakauppa.fi\\\/wp-content\\\/uploads\\\/2020\\\/06\\\/Sola-logo_solava\u0308ri.svg\",\"caption\":\"Solakauppa\"},\"image\":{\"@id\":\"https:\\\/\\\/www.solakauppa.fi\\\/#\\\/schema\\\/logo\\\/image\\\/\"}}]}<\/script>\n<!-- \/ Yoast SEO plugin. -->","yoast_head_json":{"title":"\u00c4itienp\u00e4iv\u00e4paketti punainen | Sola","description":"Hurmaavia luonnontuotteita \u00e4idille! Aurinkoisia Suomessa k\u00e4sintehtyj\u00e4 saippuoita jotka ovat hyvi\u00e4 sek\u00e4 \u00e4idille ett\u00e4 luonnolle.","robots":{"index":"index","follow":"follow","max-snippet":"max-snippet:-1","max-image-preview":"max-image-preview:large","max-video-preview":"max-video-preview:-1"},"canonical":"https:\/\/www.solakauppa.fi\/en\/kauppa\/paketit\/aitienpaivapaketti-punainen\/","og_locale":"en_US","og_type":"article","og_title":"\u00c4itienp\u00e4iv\u00e4paketti punainen | Sola","og_description":"Hurmaavia luonnontuotteita \u00e4idille! Aurinkoisia Suomessa k\u00e4sintehtyj\u00e4 saippuoita jotka ovat hyvi\u00e4 sek\u00e4 \u00e4idille ett\u00e4 luonnolle.","og_url":"https:\/\/www.solakauppa.fi\/en\/kauppa\/paketit\/aitienpaivapaketti-punainen\/","og_site_name":"Sola","article_modified_time":"2026-01-30T12:03:19+00:00","og_image":[{"width":1000,"height":677,"url":"https:\/\/www.solakauppa.fi\/wp-content\/uploads\/2023\/04\/aitienpaiva2.jpg","type":"image\/jpeg"}],"twitter_card":"summary_large_image","twitter_misc":{"Est. reading time":"1 minute"},"schema":{"@context":"https:\/\/schema.org","@graph":[{"@type":"WebPage","@id":"https:\/\/www.solakauppa.fi\/kauppa\/paketit\/aitienpaivapaketti-punainen\/","url":"https:\/\/www.solakauppa.fi\/kauppa\/paketit\/aitienpaivapaketti-punainen\/","name":"\u00c4itienp\u00e4iv\u00e4paketti punainen | Sola","isPartOf":{"@id":"https:\/\/www.solakauppa.fi\/#website"},"primaryImageOfPage":{"@id":"https:\/\/www.solakauppa.fi\/kauppa\/paketit\/aitienpaivapaketti-punainen\/#primaryimage"},"image":{"@id":"https:\/\/www.solakauppa.fi\/kauppa\/paketit\/aitienpaivapaketti-punainen\/#primaryimage"},"thumbnailUrl":"https:\/\/www.solakauppa.fi\/wp-content\/uploads\/2023\/04\/aitienpaiva2.jpg","datePublished":"2024-04-29T08:59:23+00:00","dateModified":"2026-01-30T12:03:19+00:00","description":"Hurmaavia luonnontuotteita \u00e4idille! Aurinkoisia Suomessa k\u00e4sintehtyj\u00e4 saippuoita jotka ovat hyvi\u00e4 sek\u00e4 \u00e4idille ett\u00e4 luonnolle.","breadcrumb":{"@id":"https:\/\/www.solakauppa.fi\/kauppa\/paketit\/aitienpaivapaketti-punainen\/#breadcrumb"},"inLanguage":"en-US","potentialAction":[{"@type":"ReadAction","target":["https:\/\/www.solakauppa.fi\/kauppa\/paketit\/aitienpaivapaketti-punainen\/"]}]},{"@type":"ImageObject","inLanguage":"en-US","@id":"https:\/\/www.solakauppa.fi\/kauppa\/paketit\/aitienpaivapaketti-punainen\/#primaryimage","url":"https:\/\/www.solakauppa.fi\/wp-content\/uploads\/2023\/04\/aitienpaiva2.jpg","contentUrl":"https:\/\/www.solakauppa.fi\/wp-content\/uploads\/2023\/04\/aitienpaiva2.jpg","width":1000,"height":677},{"@type":"BreadcrumbList","@id":"https:\/\/www.solakauppa.fi\/kauppa\/paketit\/aitienpaivapaketti-punainen\/#breadcrumb","itemListElement":[{"@type":"ListItem","position":1,"name":"Home","item":"https:\/\/www.solakauppa.fi\/"},{"@type":"ListItem","position":2,"name":"Solakauppa","item":"https:\/\/www.solakauppa.fi\/kauppa2\/"},{"@type":"ListItem","position":3,"name":"\u00c4itienp\u00e4iv\u00e4paketti punainen"}]},{"@type":"WebSite","@id":"https:\/\/www.solakauppa.fi\/#website","url":"https:\/\/www.solakauppa.fi\/","name":"Sola","description":"Suomalainen k\u00e4sintehty saippua","publisher":{"@id":"https:\/\/www.solakauppa.fi\/#organization"},"potentialAction":[{"@type":"SearchAction","target":{"@type":"EntryPoint","urlTemplate":"https:\/\/www.solakauppa.fi\/?s={search_term_string}"},"query-input":{"@type":"PropertyValueSpecification","valueRequired":true,"valueName":"search_term_string"}}],"inLanguage":"en-US"},{"@type":"Organization","@id":"https:\/\/www.solakauppa.fi\/#organization","name":"Sola Shop","url":"https:\/\/www.solakauppa.fi\/","logo":{"@type":"ImageObject","inLanguage":"en-US","@id":"https:\/\/www.solakauppa.fi\/#\/schema\/logo\/image\/","url":"https:\/\/www.solakauppa.fi\/wp-content\/uploads\/2020\/06\/Sola-logo_solava\u0308ri.svg","contentUrl":"https:\/\/www.solakauppa.fi\/wp-content\/uploads\/2020\/06\/Sola-logo_solava\u0308ri.svg","caption":"Solakauppa"},"image":{"@id":"https:\/\/www.solakauppa.fi\/#\/schema\/logo\/image\/"}}]}},"_links":{"self":[{"href":"https:\/\/www.solakauppa.fi\/en\/wp-json\/wp\/v2\/product\/6252","targetHints":{"allow":["GET"]}}],"collection":[{"href":"https:\/\/www.solakauppa.fi\/en\/wp-json\/wp\/v2\/product"}],"about":[{"href":"https:\/\/www.solakauppa.fi\/en\/wp-json\/wp\/v2\/types\/product"}],"replies":[{"embeddable":true,"href":"https:\/\/www.solakauppa.fi\/en\/wp-json\/wp\/v2\/comments?post=6252"}],"version-history":[{"count":1,"href":"https:\/\/www.solakauppa.fi\/en\/wp-json\/wp\/v2\/product\/6252\/revisions"}],"predecessor-version":[{"id":6255,"href":"https:\/\/www.solakauppa.fi\/en\/wp-json\/wp\/v2\/product\/6252\/revisions\/6255"}],"wp:featuredmedia":[{"embeddable":true,"href":"https:\/\/www.solakauppa.fi\/en\/wp-json\/wp\/v2\/media\/6230"}],"wp:attachment":[{"href":"https:\/\/www.solakauppa.fi\/en\/wp-json\/wp\/v2\/media?parent=6252"}],"wp:term":[{"taxonomy":"product_brand","embeddable":true,"href":"https:\/\/www.solakauppa.fi\/en\/wp-json\/wp\/v2\/product_brand?post=6252"},{"taxonomy":"product_cat","embeddable":true,"href":"https:\/\/www.solakauppa.fi\/en\/wp-json\/wp\/v2\/product_cat?post=6252"},{"taxonomy":"product_tag","embeddable":true,"href":"https:\/\/www.solakauppa.fi\/en\/wp-json\/wp\/v2\/product_tag?post=6252"}],"curies":[{"name":"wp","href":"https:\/\/api.w.org\/{rel}","templated":true}]}}