{"id":5970,"date":"2023-12-02T09:49:48","date_gmt":"2023-12-02T07:49:48","guid":{"rendered":"https:\/\/www.solakauppa.fi\/?post_type=product&#038;p=5970"},"modified":"2024-12-04T11:52:28","modified_gmt":"2024-12-04T09:52:28","slug":"solan-joulupaketti-3","status":"publish","type":"product","link":"https:\/\/www.solakauppa.fi\/en\/kauppa\/paketit\/solan-joulupaketti-3\/","title":{"rendered":"Solan joulupaketti 3"},"content":{"rendered":"","protected":false},"excerpt":{"rendered":"<p>Kaunis lahjapakkaus t\u00e4ynn\u00e4 Solan tuotteita. Lahjaksi l\u00e4himm\u00e4iselle tai itselle.<\/p>\n<p>Lahjapakkaus sis\u00e4lt\u00e4\u00e4:<\/p>\n<ul>\n<li>Joulusauna -saippua<\/li>\n<li>Teleskooppimakkaratikku ja suojapussi<\/li>\n<li>Mosaiikkivoiveitsi<\/li>\n<li>Solan pesupussi &#8211; <a href=\"https:\/\/www.solakauppa.fi\/en\/kauppa\/saippuat\/sola-pesupussi\/\">Lue lis\u00e4\u00e4<\/a><\/li>\n<li>Sola saippua-alusta &#8211; <a href=\"https:\/\/www.solakauppa.fi\/en\/kauppa\/uncategorized\/pyorea-saippua-alusta\/\">Lue lis\u00e4\u00e4<\/a><\/li>\n<li>Sola matkarasia saippualle &#8211; <a href=\"https:\/\/www.solakauppa.fi\/en\/kauppa\/saippuat\/matkarasiat\/matkarasia-karhusolakka\/\">Lue lis\u00e4\u00e4<\/a><\/li>\n<\/ul>","protected":false},"featured_media":5971,"comment_status":"open","ping_status":"closed","template":"","meta":{"_monsterinsights_skip_tracking":false,"_monsterinsights_sitenote_active":false,"_monsterinsights_sitenote_note":"","_monsterinsights_sitenote_category":0},"product_brand":[],"product_cat":[53],"product_tag":[],"class_list":{"0":"post-5970","1":"product","2":"type-product","3":"status-publish","4":"has-post-thumbnail","6":"product_cat-paketit","8":"first","9":"instock","10":"sale","11":"taxable","12":"shipping-taxable","13":"purchasable","14":"product-type-composite"},"yoast_head":"<!-- This site is optimized with the Yoast SEO plugin v27.4 - https:\/\/yoast.com\/product\/yoast-seo-wordpress\/ -->\n<title>Solan joulupaketti 3 | Sola<\/title>\n<meta name=\"robots\" content=\"index, follow, max-snippet:-1, max-image-preview:large, max-video-preview:-1\" \/>\n<link rel=\"canonical\" href=\"https:\/\/www.solakauppa.fi\/en\/kauppa\/paketit\/solan-joulupaketti-3\/\" \/>\n<meta property=\"og:locale\" content=\"en_US\" \/>\n<meta property=\"og:type\" content=\"article\" \/>\n<meta property=\"og:title\" content=\"Solan joulupaketti 3 | Sola\" \/>\n<meta property=\"og:description\" content=\"Kaunis lahjapakkaus t\u00e4ynn\u00e4 Solan tuotteita. Lahjaksi l\u00e4himm\u00e4iselle tai itselle.  Lahjapakkaus sis\u00e4lt\u00e4\u00e4:   Joulusauna -saippua  Teleskooppimakkaratikku ja suojapussi  Mosaiikkivoiveitsi  Solan pesupussi - Lue lis\u00e4\u00e4  Sola saippua-alusta - Lue lis\u00e4\u00e4  Sola matkarasia saippualle - Lue lis\u00e4\u00e4\" \/>\n<meta property=\"og:url\" content=\"https:\/\/www.solakauppa.fi\/en\/kauppa\/paketit\/solan-joulupaketti-3\/\" \/>\n<meta property=\"og:site_name\" content=\"Sola\" \/>\n<meta property=\"article:modified_time\" content=\"2024-12-04T09:52:28+00:00\" \/>\n<meta property=\"og:image\" content=\"https:\/\/www.solakauppa.fi\/wp-content\/uploads\/2023\/12\/IMG_20231202_094623.jpg\" \/>\n\t<meta property=\"og:image:width\" content=\"1720\" \/>\n\t<meta property=\"og:image:height\" content=\"1287\" \/>\n\t<meta property=\"og:image:type\" content=\"image\/jpeg\" \/>\n<meta name=\"twitter:card\" content=\"summary_large_image\" \/>\n<meta name=\"twitter:label1\" content=\"Est. reading time\" \/>\n\t<meta name=\"twitter:data1\" content=\"1 minute\" \/>\n<script type=\"application\/ld+json\" class=\"yoast-schema-graph\">{\"@context\":\"https:\\\/\\\/schema.org\",\"@graph\":[{\"@type\":\"WebPage\",\"@id\":\"https:\\\/\\\/www.solakauppa.fi\\\/kauppa\\\/paketit\\\/solan-joulupaketti-3\\\/\",\"url\":\"https:\\\/\\\/www.solakauppa.fi\\\/kauppa\\\/paketit\\\/solan-joulupaketti-3\\\/\",\"name\":\"Solan joulupaketti 3 | Sola\",\"isPartOf\":{\"@id\":\"https:\\\/\\\/www.solakauppa.fi\\\/#website\"},\"primaryImageOfPage\":{\"@id\":\"https:\\\/\\\/www.solakauppa.fi\\\/kauppa\\\/paketit\\\/solan-joulupaketti-3\\\/#primaryimage\"},\"image\":{\"@id\":\"https:\\\/\\\/www.solakauppa.fi\\\/kauppa\\\/paketit\\\/solan-joulupaketti-3\\\/#primaryimage\"},\"thumbnailUrl\":\"https:\\\/\\\/www.solakauppa.fi\\\/wp-content\\\/uploads\\\/2023\\\/12\\\/IMG_20231202_094623.jpg\",\"datePublished\":\"2023-12-02T07:49:48+00:00\",\"dateModified\":\"2024-12-04T09:52:28+00:00\",\"breadcrumb\":{\"@id\":\"https:\\\/\\\/www.solakauppa.fi\\\/kauppa\\\/paketit\\\/solan-joulupaketti-3\\\/#breadcrumb\"},\"inLanguage\":\"en-US\",\"potentialAction\":[{\"@type\":\"ReadAction\",\"target\":[\"https:\\\/\\\/www.solakauppa.fi\\\/kauppa\\\/paketit\\\/solan-joulupaketti-3\\\/\"]}]},{\"@type\":\"ImageObject\",\"inLanguage\":\"en-US\",\"@id\":\"https:\\\/\\\/www.solakauppa.fi\\\/kauppa\\\/paketit\\\/solan-joulupaketti-3\\\/#primaryimage\",\"url\":\"https:\\\/\\\/www.solakauppa.fi\\\/wp-content\\\/uploads\\\/2023\\\/12\\\/IMG_20231202_094623.jpg\",\"contentUrl\":\"https:\\\/\\\/www.solakauppa.fi\\\/wp-content\\\/uploads\\\/2023\\\/12\\\/IMG_20231202_094623.jpg\",\"width\":1720,\"height\":1287},{\"@type\":\"BreadcrumbList\",\"@id\":\"https:\\\/\\\/www.solakauppa.fi\\\/kauppa\\\/paketit\\\/solan-joulupaketti-3\\\/#breadcrumb\",\"itemListElement\":[{\"@type\":\"ListItem\",\"position\":1,\"name\":\"Home\",\"item\":\"https:\\\/\\\/www.solakauppa.fi\\\/\"},{\"@type\":\"ListItem\",\"position\":2,\"name\":\"Solakauppa\",\"item\":\"https:\\\/\\\/www.solakauppa.fi\\\/kauppa2\\\/\"},{\"@type\":\"ListItem\",\"position\":3,\"name\":\"Solan joulupaketti 3\"}]},{\"@type\":\"WebSite\",\"@id\":\"https:\\\/\\\/www.solakauppa.fi\\\/#website\",\"url\":\"https:\\\/\\\/www.solakauppa.fi\\\/\",\"name\":\"Sola\",\"description\":\"Suomalainen k\u00e4sintehty saippua\",\"publisher\":{\"@id\":\"https:\\\/\\\/www.solakauppa.fi\\\/#organization\"},\"potentialAction\":[{\"@type\":\"SearchAction\",\"target\":{\"@type\":\"EntryPoint\",\"urlTemplate\":\"https:\\\/\\\/www.solakauppa.fi\\\/?s={search_term_string}\"},\"query-input\":{\"@type\":\"PropertyValueSpecification\",\"valueRequired\":true,\"valueName\":\"search_term_string\"}}],\"inLanguage\":\"en-US\"},{\"@type\":\"Organization\",\"@id\":\"https:\\\/\\\/www.solakauppa.fi\\\/#organization\",\"name\":\"Solakauppa\",\"url\":\"https:\\\/\\\/www.solakauppa.fi\\\/\",\"logo\":{\"@type\":\"ImageObject\",\"inLanguage\":\"en-US\",\"@id\":\"https:\\\/\\\/www.solakauppa.fi\\\/#\\\/schema\\\/logo\\\/image\\\/\",\"url\":\"https:\\\/\\\/www.solakauppa.fi\\\/wp-content\\\/uploads\\\/2020\\\/06\\\/Sola-logo_solava\u0308ri.svg\",\"contentUrl\":\"https:\\\/\\\/www.solakauppa.fi\\\/wp-content\\\/uploads\\\/2020\\\/06\\\/Sola-logo_solava\u0308ri.svg\",\"caption\":\"Solakauppa\"},\"image\":{\"@id\":\"https:\\\/\\\/www.solakauppa.fi\\\/#\\\/schema\\\/logo\\\/image\\\/\"}}]}<\/script>\n<!-- \/ Yoast SEO plugin. -->","yoast_head_json":{"title":"Solan joulupaketti 3 | Sola","robots":{"index":"index","follow":"follow","max-snippet":"max-snippet:-1","max-image-preview":"max-image-preview:large","max-video-preview":"max-video-preview:-1"},"canonical":"https:\/\/www.solakauppa.fi\/en\/kauppa\/paketit\/solan-joulupaketti-3\/","og_locale":"en_US","og_type":"article","og_title":"Solan joulupaketti 3 | Sola","og_description":"Kaunis lahjapakkaus t\u00e4ynn\u00e4 Solan tuotteita. Lahjaksi l\u00e4himm\u00e4iselle tai itselle.  Lahjapakkaus sis\u00e4lt\u00e4\u00e4:   Joulusauna -saippua  Teleskooppimakkaratikku ja suojapussi  Mosaiikkivoiveitsi  Solan pesupussi - Lue lis\u00e4\u00e4  Sola saippua-alusta - Lue lis\u00e4\u00e4  Sola matkarasia saippualle - Lue lis\u00e4\u00e4","og_url":"https:\/\/www.solakauppa.fi\/en\/kauppa\/paketit\/solan-joulupaketti-3\/","og_site_name":"Sola","article_modified_time":"2024-12-04T09:52:28+00:00","og_image":[{"width":1720,"height":1287,"url":"https:\/\/www.solakauppa.fi\/wp-content\/uploads\/2023\/12\/IMG_20231202_094623.jpg","type":"image\/jpeg"}],"twitter_card":"summary_large_image","twitter_misc":{"Est. reading time":"1 minute"},"schema":{"@context":"https:\/\/schema.org","@graph":[{"@type":"WebPage","@id":"https:\/\/www.solakauppa.fi\/kauppa\/paketit\/solan-joulupaketti-3\/","url":"https:\/\/www.solakauppa.fi\/kauppa\/paketit\/solan-joulupaketti-3\/","name":"Solan joulupaketti 3 | Sola","isPartOf":{"@id":"https:\/\/www.solakauppa.fi\/#website"},"primaryImageOfPage":{"@id":"https:\/\/www.solakauppa.fi\/kauppa\/paketit\/solan-joulupaketti-3\/#primaryimage"},"image":{"@id":"https:\/\/www.solakauppa.fi\/kauppa\/paketit\/solan-joulupaketti-3\/#primaryimage"},"thumbnailUrl":"https:\/\/www.solakauppa.fi\/wp-content\/uploads\/2023\/12\/IMG_20231202_094623.jpg","datePublished":"2023-12-02T07:49:48+00:00","dateModified":"2024-12-04T09:52:28+00:00","breadcrumb":{"@id":"https:\/\/www.solakauppa.fi\/kauppa\/paketit\/solan-joulupaketti-3\/#breadcrumb"},"inLanguage":"en-US","potentialAction":[{"@type":"ReadAction","target":["https:\/\/www.solakauppa.fi\/kauppa\/paketit\/solan-joulupaketti-3\/"]}]},{"@type":"ImageObject","inLanguage":"en-US","@id":"https:\/\/www.solakauppa.fi\/kauppa\/paketit\/solan-joulupaketti-3\/#primaryimage","url":"https:\/\/www.solakauppa.fi\/wp-content\/uploads\/2023\/12\/IMG_20231202_094623.jpg","contentUrl":"https:\/\/www.solakauppa.fi\/wp-content\/uploads\/2023\/12\/IMG_20231202_094623.jpg","width":1720,"height":1287},{"@type":"BreadcrumbList","@id":"https:\/\/www.solakauppa.fi\/kauppa\/paketit\/solan-joulupaketti-3\/#breadcrumb","itemListElement":[{"@type":"ListItem","position":1,"name":"Home","item":"https:\/\/www.solakauppa.fi\/"},{"@type":"ListItem","position":2,"name":"Solakauppa","item":"https:\/\/www.solakauppa.fi\/kauppa2\/"},{"@type":"ListItem","position":3,"name":"Solan joulupaketti 3"}]},{"@type":"WebSite","@id":"https:\/\/www.solakauppa.fi\/#website","url":"https:\/\/www.solakauppa.fi\/","name":"Sola","description":"Suomalainen k\u00e4sintehty saippua","publisher":{"@id":"https:\/\/www.solakauppa.fi\/#organization"},"potentialAction":[{"@type":"SearchAction","target":{"@type":"EntryPoint","urlTemplate":"https:\/\/www.solakauppa.fi\/?s={search_term_string}"},"query-input":{"@type":"PropertyValueSpecification","valueRequired":true,"valueName":"search_term_string"}}],"inLanguage":"en-US"},{"@type":"Organization","@id":"https:\/\/www.solakauppa.fi\/#organization","name":"Sola Shop","url":"https:\/\/www.solakauppa.fi\/","logo":{"@type":"ImageObject","inLanguage":"en-US","@id":"https:\/\/www.solakauppa.fi\/#\/schema\/logo\/image\/","url":"https:\/\/www.solakauppa.fi\/wp-content\/uploads\/2020\/06\/Sola-logo_solava\u0308ri.svg","contentUrl":"https:\/\/www.solakauppa.fi\/wp-content\/uploads\/2020\/06\/Sola-logo_solava\u0308ri.svg","caption":"Solakauppa"},"image":{"@id":"https:\/\/www.solakauppa.fi\/#\/schema\/logo\/image\/"}}]}},"_links":{"self":[{"href":"https:\/\/www.solakauppa.fi\/en\/wp-json\/wp\/v2\/product\/5970","targetHints":{"allow":["GET"]}}],"collection":[{"href":"https:\/\/www.solakauppa.fi\/en\/wp-json\/wp\/v2\/product"}],"about":[{"href":"https:\/\/www.solakauppa.fi\/en\/wp-json\/wp\/v2\/types\/product"}],"replies":[{"embeddable":true,"href":"https:\/\/www.solakauppa.fi\/en\/wp-json\/wp\/v2\/comments?post=5970"}],"version-history":[{"count":1,"href":"https:\/\/www.solakauppa.fi\/en\/wp-json\/wp\/v2\/product\/5970\/revisions"}],"predecessor-version":[{"id":5972,"href":"https:\/\/www.solakauppa.fi\/en\/wp-json\/wp\/v2\/product\/5970\/revisions\/5972"}],"wp:featuredmedia":[{"embeddable":true,"href":"https:\/\/www.solakauppa.fi\/en\/wp-json\/wp\/v2\/media\/5971"}],"wp:attachment":[{"href":"https:\/\/www.solakauppa.fi\/en\/wp-json\/wp\/v2\/media?parent=5970"}],"wp:term":[{"taxonomy":"product_brand","embeddable":true,"href":"https:\/\/www.solakauppa.fi\/en\/wp-json\/wp\/v2\/product_brand?post=5970"},{"taxonomy":"product_cat","embeddable":true,"href":"https:\/\/www.solakauppa.fi\/en\/wp-json\/wp\/v2\/product_cat?post=5970"},{"taxonomy":"product_tag","embeddable":true,"href":"https:\/\/www.solakauppa.fi\/en\/wp-json\/wp\/v2\/product_tag?post=5970"}],"curies":[{"name":"wp","href":"https:\/\/api.w.org\/{rel}","templated":true}]}}