{"id":439,"date":"2017-01-16T11:52:09","date_gmt":"2017-01-16T09:52:09","guid":{"rendered":"http:\/\/www.solakauppa.fi\/?post_type=product&#038;p=439"},"modified":"2024-01-02T12:59:19","modified_gmt":"2024-01-02T10:59:19","slug":"kataja-villiporo-rasia","status":"publish","type":"product","link":"https:\/\/www.solakauppa.fi\/en\/kauppa\/saippuat\/erikoissaippuat\/kataja-villiporo-rasia\/","title":{"rendered":"Poro Kataja"},"content":{"rendered":"<p>Limited availability. Soap with 50% local reindeer fat.<\/p>\n<p><strong>Scent:<\/strong><br \/>\nMild scent from essential oil of juniper and juniper berries.<\/p>\n<p><strong>Incredients<\/strong><br \/>\nLocal reindeer fat, rapeseed oil, organic coconut oil, water, lye, castor oil, essential oil of juniper, juniper berries<\/p>","protected":false},"excerpt":{"rendered":"<p>Hiljaa ulvova tuuli puhaltaa vaatteideni l\u00e4pi, s\u00e4\u00e4rteni v\u00e4list\u00e4 ja tuivertaa hiuksiani. Tunnen kes\u00e4aamun viileyden. Aurinko on jo kiivennyt korkealle, vaikka kello on vasta viisi aamulla. Ailigas tunturin huipulla seistess\u00e4ni tunnen l\u00f6yt\u00e4v\u00e4ni vastaukset kysymyksiini. Kaikkialle horisonttiin asti jatkuvien vaarojen ja tunturien ymp\u00e4r\u00f6im\u00e4n\u00e4 nuotiokahvin, katajien ja vaivaiskoivujen tuoksussa. Harmaan, mustan ja ruskean maan s\u00e4vyt kohtaavat siint\u00e4v\u00e4n taivaan sinen. Maan ja taivaan kohtaamisen rajalla on aukko toiseen maailmaan. Siin\u00e4 on porokansan auringon ovi. Sis\u00e4lt\u00e4\u00e4 50% poron rasvaa.<\/p>","protected":false},"featured_media":5809,"comment_status":"open","ping_status":"closed","template":"","meta":{"_monsterinsights_skip_tracking":false,"_monsterinsights_sitenote_active":false,"_monsterinsights_sitenote_note":"","_monsterinsights_sitenote_category":0},"product_brand":[],"product_cat":[55,12,13],"product_tag":[],"class_list":{"0":"post-439","1":"product","2":"type-product","3":"status-publish","4":"has-post-thumbnail","6":"product_cat-tuoksuvat","7":"product_cat-saippuat","8":"product_cat-erikoissaippuat","10":"first","11":"instock","12":"taxable","13":"shipping-taxable","14":"purchasable","15":"product-type-simple"},"yoast_head":"<!-- This site is optimized with the Yoast SEO plugin v27.4 - https:\/\/yoast.com\/product\/yoast-seo-wordpress\/ -->\n<title>Poro Kataja | Sola<\/title>\n<meta name=\"description\" content=\"Sis\u00e4lt\u00e4\u00e4 50% poron rasvaa. Mieto tuoksu tulee katajan eteerisest\u00e4 \u00f6ljyst\u00e4 ja katajanmarjoista. Raikas ja hoitava.\" \/>\n<meta name=\"robots\" content=\"index, follow, max-snippet:-1, max-image-preview:large, max-video-preview:-1\" \/>\n<link rel=\"canonical\" href=\"https:\/\/www.solakauppa.fi\/en\/kauppa\/saippuat\/erikoissaippuat\/kataja-villiporo-rasia\/\" \/>\n<meta property=\"og:locale\" content=\"en_US\" \/>\n<meta property=\"og:type\" content=\"article\" \/>\n<meta property=\"og:title\" content=\"Poro Kataja | Sola\" \/>\n<meta property=\"og:description\" content=\"Sis\u00e4lt\u00e4\u00e4 50% poron rasvaa. Mieto tuoksu tulee katajan eteerisest\u00e4 \u00f6ljyst\u00e4 ja katajanmarjoista. Raikas ja hoitava.\" \/>\n<meta property=\"og:url\" content=\"https:\/\/www.solakauppa.fi\/en\/kauppa\/saippuat\/erikoissaippuat\/kataja-villiporo-rasia\/\" \/>\n<meta property=\"og:site_name\" content=\"Sola\" \/>\n<meta property=\"article:modified_time\" content=\"2024-01-02T10:59:19+00:00\" \/>\n<meta property=\"og:image\" content=\"https:\/\/www.solakauppa.fi\/wp-content\/uploads\/2022\/11\/porokataja.jpg\" \/>\n\t<meta property=\"og:image:width\" content=\"1000\" \/>\n\t<meta property=\"og:image:height\" content=\"1000\" \/>\n\t<meta property=\"og:image:type\" content=\"image\/jpeg\" \/>\n<meta name=\"twitter:card\" content=\"summary_large_image\" \/>\n<meta name=\"twitter:label1\" content=\"Est. reading time\" \/>\n\t<meta name=\"twitter:data1\" content=\"1 minute\" \/>\n<script type=\"application\/ld+json\" class=\"yoast-schema-graph\">{\"@context\":\"https:\\\/\\\/schema.org\",\"@graph\":[{\"@type\":\"WebPage\",\"@id\":\"https:\\\/\\\/www.solakauppa.fi\\\/kauppa\\\/saippuat\\\/erikoissaippuat\\\/kataja-villiporo-rasia\\\/\",\"url\":\"https:\\\/\\\/www.solakauppa.fi\\\/kauppa\\\/saippuat\\\/erikoissaippuat\\\/kataja-villiporo-rasia\\\/\",\"name\":\"Poro Kataja | Sola\",\"isPartOf\":{\"@id\":\"https:\\\/\\\/www.solakauppa.fi\\\/#website\"},\"primaryImageOfPage\":{\"@id\":\"https:\\\/\\\/www.solakauppa.fi\\\/kauppa\\\/saippuat\\\/erikoissaippuat\\\/kataja-villiporo-rasia\\\/#primaryimage\"},\"image\":{\"@id\":\"https:\\\/\\\/www.solakauppa.fi\\\/kauppa\\\/saippuat\\\/erikoissaippuat\\\/kataja-villiporo-rasia\\\/#primaryimage\"},\"thumbnailUrl\":\"https:\\\/\\\/www.solakauppa.fi\\\/wp-content\\\/uploads\\\/2022\\\/11\\\/porokataja.jpg\",\"datePublished\":\"2017-01-16T09:52:09+00:00\",\"dateModified\":\"2024-01-02T10:59:19+00:00\",\"description\":\"Sis\u00e4lt\u00e4\u00e4 50% poron rasvaa. Mieto tuoksu tulee katajan eteerisest\u00e4 \u00f6ljyst\u00e4 ja katajanmarjoista. Raikas ja hoitava.\",\"breadcrumb\":{\"@id\":\"https:\\\/\\\/www.solakauppa.fi\\\/kauppa\\\/saippuat\\\/erikoissaippuat\\\/kataja-villiporo-rasia\\\/#breadcrumb\"},\"inLanguage\":\"en-US\",\"potentialAction\":[{\"@type\":\"ReadAction\",\"target\":[\"https:\\\/\\\/www.solakauppa.fi\\\/kauppa\\\/saippuat\\\/erikoissaippuat\\\/kataja-villiporo-rasia\\\/\"]}]},{\"@type\":\"ImageObject\",\"inLanguage\":\"en-US\",\"@id\":\"https:\\\/\\\/www.solakauppa.fi\\\/kauppa\\\/saippuat\\\/erikoissaippuat\\\/kataja-villiporo-rasia\\\/#primaryimage\",\"url\":\"https:\\\/\\\/www.solakauppa.fi\\\/wp-content\\\/uploads\\\/2022\\\/11\\\/porokataja.jpg\",\"contentUrl\":\"https:\\\/\\\/www.solakauppa.fi\\\/wp-content\\\/uploads\\\/2022\\\/11\\\/porokataja.jpg\",\"width\":1000,\"height\":1000},{\"@type\":\"BreadcrumbList\",\"@id\":\"https:\\\/\\\/www.solakauppa.fi\\\/kauppa\\\/saippuat\\\/erikoissaippuat\\\/kataja-villiporo-rasia\\\/#breadcrumb\",\"itemListElement\":[{\"@type\":\"ListItem\",\"position\":1,\"name\":\"Home\",\"item\":\"https:\\\/\\\/www.solakauppa.fi\\\/\"},{\"@type\":\"ListItem\",\"position\":2,\"name\":\"Solakauppa\",\"item\":\"https:\\\/\\\/www.solakauppa.fi\\\/kauppa2\\\/\"},{\"@type\":\"ListItem\",\"position\":3,\"name\":\"Poro Kataja\"}]},{\"@type\":\"WebSite\",\"@id\":\"https:\\\/\\\/www.solakauppa.fi\\\/#website\",\"url\":\"https:\\\/\\\/www.solakauppa.fi\\\/\",\"name\":\"Sola\",\"description\":\"Suomalainen k\u00e4sintehty saippua\",\"publisher\":{\"@id\":\"https:\\\/\\\/www.solakauppa.fi\\\/#organization\"},\"potentialAction\":[{\"@type\":\"SearchAction\",\"target\":{\"@type\":\"EntryPoint\",\"urlTemplate\":\"https:\\\/\\\/www.solakauppa.fi\\\/?s={search_term_string}\"},\"query-input\":{\"@type\":\"PropertyValueSpecification\",\"valueRequired\":true,\"valueName\":\"search_term_string\"}}],\"inLanguage\":\"en-US\"},{\"@type\":\"Organization\",\"@id\":\"https:\\\/\\\/www.solakauppa.fi\\\/#organization\",\"name\":\"Solakauppa\",\"url\":\"https:\\\/\\\/www.solakauppa.fi\\\/\",\"logo\":{\"@type\":\"ImageObject\",\"inLanguage\":\"en-US\",\"@id\":\"https:\\\/\\\/www.solakauppa.fi\\\/#\\\/schema\\\/logo\\\/image\\\/\",\"url\":\"https:\\\/\\\/www.solakauppa.fi\\\/wp-content\\\/uploads\\\/2020\\\/06\\\/Sola-logo_solava\u0308ri.svg\",\"contentUrl\":\"https:\\\/\\\/www.solakauppa.fi\\\/wp-content\\\/uploads\\\/2020\\\/06\\\/Sola-logo_solava\u0308ri.svg\",\"caption\":\"Solakauppa\"},\"image\":{\"@id\":\"https:\\\/\\\/www.solakauppa.fi\\\/#\\\/schema\\\/logo\\\/image\\\/\"}}]}<\/script>\n<!-- \/ Yoast SEO plugin. -->","yoast_head_json":{"title":"Poro Kataja | Sola","description":"Sis\u00e4lt\u00e4\u00e4 50% poron rasvaa. Mieto tuoksu tulee katajan eteerisest\u00e4 \u00f6ljyst\u00e4 ja katajanmarjoista. Raikas ja hoitava.","robots":{"index":"index","follow":"follow","max-snippet":"max-snippet:-1","max-image-preview":"max-image-preview:large","max-video-preview":"max-video-preview:-1"},"canonical":"https:\/\/www.solakauppa.fi\/en\/kauppa\/saippuat\/erikoissaippuat\/kataja-villiporo-rasia\/","og_locale":"en_US","og_type":"article","og_title":"Poro Kataja | Sola","og_description":"Sis\u00e4lt\u00e4\u00e4 50% poron rasvaa. Mieto tuoksu tulee katajan eteerisest\u00e4 \u00f6ljyst\u00e4 ja katajanmarjoista. Raikas ja hoitava.","og_url":"https:\/\/www.solakauppa.fi\/en\/kauppa\/saippuat\/erikoissaippuat\/kataja-villiporo-rasia\/","og_site_name":"Sola","article_modified_time":"2024-01-02T10:59:19+00:00","og_image":[{"width":1000,"height":1000,"url":"https:\/\/www.solakauppa.fi\/wp-content\/uploads\/2022\/11\/porokataja.jpg","type":"image\/jpeg"}],"twitter_card":"summary_large_image","twitter_misc":{"Est. reading time":"1 minute"},"schema":{"@context":"https:\/\/schema.org","@graph":[{"@type":"WebPage","@id":"https:\/\/www.solakauppa.fi\/kauppa\/saippuat\/erikoissaippuat\/kataja-villiporo-rasia\/","url":"https:\/\/www.solakauppa.fi\/kauppa\/saippuat\/erikoissaippuat\/kataja-villiporo-rasia\/","name":"Poro Kataja | Sola","isPartOf":{"@id":"https:\/\/www.solakauppa.fi\/#website"},"primaryImageOfPage":{"@id":"https:\/\/www.solakauppa.fi\/kauppa\/saippuat\/erikoissaippuat\/kataja-villiporo-rasia\/#primaryimage"},"image":{"@id":"https:\/\/www.solakauppa.fi\/kauppa\/saippuat\/erikoissaippuat\/kataja-villiporo-rasia\/#primaryimage"},"thumbnailUrl":"https:\/\/www.solakauppa.fi\/wp-content\/uploads\/2022\/11\/porokataja.jpg","datePublished":"2017-01-16T09:52:09+00:00","dateModified":"2024-01-02T10:59:19+00:00","description":"Sis\u00e4lt\u00e4\u00e4 50% poron rasvaa. Mieto tuoksu tulee katajan eteerisest\u00e4 \u00f6ljyst\u00e4 ja katajanmarjoista. Raikas ja hoitava.","breadcrumb":{"@id":"https:\/\/www.solakauppa.fi\/kauppa\/saippuat\/erikoissaippuat\/kataja-villiporo-rasia\/#breadcrumb"},"inLanguage":"en-US","potentialAction":[{"@type":"ReadAction","target":["https:\/\/www.solakauppa.fi\/kauppa\/saippuat\/erikoissaippuat\/kataja-villiporo-rasia\/"]}]},{"@type":"ImageObject","inLanguage":"en-US","@id":"https:\/\/www.solakauppa.fi\/kauppa\/saippuat\/erikoissaippuat\/kataja-villiporo-rasia\/#primaryimage","url":"https:\/\/www.solakauppa.fi\/wp-content\/uploads\/2022\/11\/porokataja.jpg","contentUrl":"https:\/\/www.solakauppa.fi\/wp-content\/uploads\/2022\/11\/porokataja.jpg","width":1000,"height":1000},{"@type":"BreadcrumbList","@id":"https:\/\/www.solakauppa.fi\/kauppa\/saippuat\/erikoissaippuat\/kataja-villiporo-rasia\/#breadcrumb","itemListElement":[{"@type":"ListItem","position":1,"name":"Home","item":"https:\/\/www.solakauppa.fi\/"},{"@type":"ListItem","position":2,"name":"Solakauppa","item":"https:\/\/www.solakauppa.fi\/kauppa2\/"},{"@type":"ListItem","position":3,"name":"Poro Kataja"}]},{"@type":"WebSite","@id":"https:\/\/www.solakauppa.fi\/#website","url":"https:\/\/www.solakauppa.fi\/","name":"Sola","description":"Suomalainen k\u00e4sintehty saippua","publisher":{"@id":"https:\/\/www.solakauppa.fi\/#organization"},"potentialAction":[{"@type":"SearchAction","target":{"@type":"EntryPoint","urlTemplate":"https:\/\/www.solakauppa.fi\/?s={search_term_string}"},"query-input":{"@type":"PropertyValueSpecification","valueRequired":true,"valueName":"search_term_string"}}],"inLanguage":"en-US"},{"@type":"Organization","@id":"https:\/\/www.solakauppa.fi\/#organization","name":"Sola Shop","url":"https:\/\/www.solakauppa.fi\/","logo":{"@type":"ImageObject","inLanguage":"en-US","@id":"https:\/\/www.solakauppa.fi\/#\/schema\/logo\/image\/","url":"https:\/\/www.solakauppa.fi\/wp-content\/uploads\/2020\/06\/Sola-logo_solava\u0308ri.svg","contentUrl":"https:\/\/www.solakauppa.fi\/wp-content\/uploads\/2020\/06\/Sola-logo_solava\u0308ri.svg","caption":"Solakauppa"},"image":{"@id":"https:\/\/www.solakauppa.fi\/#\/schema\/logo\/image\/"}}]}},"_links":{"self":[{"href":"https:\/\/www.solakauppa.fi\/en\/wp-json\/wp\/v2\/product\/439","targetHints":{"allow":["GET"]}}],"collection":[{"href":"https:\/\/www.solakauppa.fi\/en\/wp-json\/wp\/v2\/product"}],"about":[{"href":"https:\/\/www.solakauppa.fi\/en\/wp-json\/wp\/v2\/types\/product"}],"replies":[{"embeddable":true,"href":"https:\/\/www.solakauppa.fi\/en\/wp-json\/wp\/v2\/comments?post=439"}],"version-history":[{"count":5,"href":"https:\/\/www.solakauppa.fi\/en\/wp-json\/wp\/v2\/product\/439\/revisions"}],"predecessor-version":[{"id":5824,"href":"https:\/\/www.solakauppa.fi\/en\/wp-json\/wp\/v2\/product\/439\/revisions\/5824"}],"wp:featuredmedia":[{"embeddable":true,"href":"https:\/\/www.solakauppa.fi\/en\/wp-json\/wp\/v2\/media\/5809"}],"wp:attachment":[{"href":"https:\/\/www.solakauppa.fi\/en\/wp-json\/wp\/v2\/media?parent=439"}],"wp:term":[{"taxonomy":"product_brand","embeddable":true,"href":"https:\/\/www.solakauppa.fi\/en\/wp-json\/wp\/v2\/product_brand?post=439"},{"taxonomy":"product_cat","embeddable":true,"href":"https:\/\/www.solakauppa.fi\/en\/wp-json\/wp\/v2\/product_cat?post=439"},{"taxonomy":"product_tag","embeddable":true,"href":"https:\/\/www.solakauppa.fi\/en\/wp-json\/wp\/v2\/product_tag?post=439"}],"curies":[{"name":"wp","href":"https:\/\/api.w.org\/{rel}","templated":true}]}}