{"id":437,"date":"2017-01-16T11:50:36","date_gmt":"2017-01-16T09:50:36","guid":{"rendered":"http:\/\/www.solakauppa.fi\/?post_type=product&#038;p=437"},"modified":"2025-08-11T12:16:09","modified_gmt":"2025-08-11T09:16:09","slug":"metsan-kuningas-terva-rasia","status":"publish","type":"product","link":"https:\/\/www.solakauppa.fi\/en\/kauppa\/saippuat\/erikoissaippuat\/metsan-kuningas-terva-rasia\/","title":{"rendered":"Karhu Terva"},"content":{"rendered":"<p>Unique soap with 50% local sustainable bear fat.<\/p>\n<p><strong>Scent:<\/strong><br \/>\nTraditional pine tar scent.<\/p>\n<p><strong>Incredients<\/strong><br \/>\nFinnish bear fat, water, rapeseed oil, lye, organic coconut fat, castor oil, Finnish pine tar<\/p>","protected":false},"excerpt":{"rendered":"<p>Keskikes\u00e4ll\u00e4 Mets\u00e4nkuningas kutsui Mets\u00e4nvaltiattaren luokseen p\u00e4iv\u00e4ksi. H\u00e4n laittoi Tapion p\u00f6yd\u00e4n koreaksi leiv\u00e4ll\u00e4 ja hunajalla, hunajaviinill\u00e4, marjoilla ja mets\u00e4nkukkasilla. Niin kaunis oli p\u00e4iv\u00e4, p\u00f6yt\u00e4 niin runsas ja niin vahva ja komea Mets\u00e4nkuningas, ett\u00e4 Valtiatar rakastui. Mets\u00e4nkuningas lupasi vaalia ja suojella Valtiatarta, joka lupasi tukea ja auttaa h\u00e4nt\u00e4 kaikissa h\u00e4nen t\u00f6iss\u00e4\u00e4n. He nauttivat p\u00f6yd\u00e4n antimista ja olivat tahmaisia hunajasta ja marjoista. Heid\u00e4n saunoessaan Valtiatar pyysi Mets\u00e4nkuninkaalta rasvaa. Kuningas kysyi: \u201dMiksi?\u201d H\u00e4n vastasi, ett\u00e4 he tarvitsisivat sit\u00e4 vauvoille, jotka tulisivat talvella. Kuningas antoi vatsarasvastaan Valtiattarelle. Ottaen tuhkaa saunapadan alta h\u00e4n sekoitti sen l\u00e4hdeveden kanssa ja keitti sit\u00e4 tulella. P\u00e4iv\u00e4n ollessa lopuillaan Valtiatar otti keitoksensa ja varastoi sen heid\u00e4n kotiinsa. Talvi tuli, vauvat syntyiv\u00e4t ja kev\u00e4t tuli j\u00e4lleen. Lasten saunoessa ensimm\u00e4ist\u00e4 kertaa Mets\u00e4nkuningas ja Valtiatar k\u00e4yttiv\u00e4t heid\u00e4n talviturkkiensa pesuun saippuaa, mink\u00e4 Valtiatar oli tehnyt h\u00e4nen rasvastaan. Sis\u00e4lt\u00e4\u00e4 50% kontion rasvaa.<\/p>","protected":false},"featured_media":5808,"comment_status":"open","ping_status":"closed","template":"","meta":{"_monsterinsights_skip_tracking":false,"_monsterinsights_sitenote_active":false,"_monsterinsights_sitenote_note":"","_monsterinsights_sitenote_category":0},"product_brand":[],"product_cat":[12,13],"product_tag":[],"class_list":{"0":"post-437","1":"product","2":"type-product","3":"status-publish","4":"has-post-thumbnail","6":"product_cat-saippuat","7":"product_cat-erikoissaippuat","9":"first","10":"outofstock","11":"taxable","12":"shipping-taxable","13":"purchasable","14":"product-type-simple"},"yoast_head":"<!-- This site is optimized with the Yoast SEO plugin v27.4 - https:\/\/yoast.com\/product\/yoast-seo-wordpress\/ -->\n<title>Karhu Terva | Sola<\/title>\n<meta name=\"description\" content=\"Musta m\u00e4ntytervasaippua jossa 50% suomalaista karhun rasvaa. Huumaava tervan tuoksu. Saippuassa k\u00e4ytetty m\u00e4nnyn kantotervaa ja m\u00e4ntykuoriuutetta.\" \/>\n<meta name=\"robots\" content=\"index, follow, max-snippet:-1, max-image-preview:large, max-video-preview:-1\" \/>\n<link rel=\"canonical\" href=\"https:\/\/www.solakauppa.fi\/en\/kauppa\/saippuat\/erikoissaippuat\/metsan-kuningas-terva-rasia\/\" \/>\n<meta property=\"og:locale\" content=\"en_US\" \/>\n<meta property=\"og:type\" content=\"article\" \/>\n<meta property=\"og:title\" content=\"Karhu Terva | Sola\" \/>\n<meta property=\"og:description\" content=\"Musta m\u00e4ntytervasaippua jossa 50% suomalaista karhun rasvaa. Huumaava tervan tuoksu. Saippuassa k\u00e4ytetty m\u00e4nnyn kantotervaa ja m\u00e4ntykuoriuutetta.\" \/>\n<meta property=\"og:url\" content=\"https:\/\/www.solakauppa.fi\/en\/kauppa\/saippuat\/erikoissaippuat\/metsan-kuningas-terva-rasia\/\" \/>\n<meta property=\"og:site_name\" content=\"Sola\" \/>\n<meta property=\"article:modified_time\" content=\"2025-08-11T09:16:09+00:00\" \/>\n<meta property=\"og:image\" content=\"https:\/\/www.solakauppa.fi\/wp-content\/uploads\/2022\/11\/Karhuterva.jpg\" \/>\n\t<meta property=\"og:image:width\" content=\"1000\" \/>\n\t<meta property=\"og:image:height\" content=\"1000\" \/>\n\t<meta property=\"og:image:type\" content=\"image\/jpeg\" \/>\n<meta name=\"twitter:card\" content=\"summary_large_image\" \/>\n<meta name=\"twitter:label1\" content=\"Est. reading time\" \/>\n\t<meta name=\"twitter:data1\" content=\"1 minute\" \/>\n<script type=\"application\/ld+json\" class=\"yoast-schema-graph\">{\"@context\":\"https:\\\/\\\/schema.org\",\"@graph\":[{\"@type\":\"WebPage\",\"@id\":\"https:\\\/\\\/www.solakauppa.fi\\\/kauppa\\\/saippuat\\\/erikoissaippuat\\\/metsan-kuningas-terva-rasia\\\/\",\"url\":\"https:\\\/\\\/www.solakauppa.fi\\\/kauppa\\\/saippuat\\\/erikoissaippuat\\\/metsan-kuningas-terva-rasia\\\/\",\"name\":\"Karhu Terva | Sola\",\"isPartOf\":{\"@id\":\"https:\\\/\\\/www.solakauppa.fi\\\/#website\"},\"primaryImageOfPage\":{\"@id\":\"https:\\\/\\\/www.solakauppa.fi\\\/kauppa\\\/saippuat\\\/erikoissaippuat\\\/metsan-kuningas-terva-rasia\\\/#primaryimage\"},\"image\":{\"@id\":\"https:\\\/\\\/www.solakauppa.fi\\\/kauppa\\\/saippuat\\\/erikoissaippuat\\\/metsan-kuningas-terva-rasia\\\/#primaryimage\"},\"thumbnailUrl\":\"https:\\\/\\\/www.solakauppa.fi\\\/wp-content\\\/uploads\\\/2022\\\/11\\\/Karhuterva.jpg\",\"datePublished\":\"2017-01-16T09:50:36+00:00\",\"dateModified\":\"2025-08-11T09:16:09+00:00\",\"description\":\"Musta m\u00e4ntytervasaippua jossa 50% suomalaista karhun rasvaa. Huumaava tervan tuoksu. Saippuassa k\u00e4ytetty m\u00e4nnyn kantotervaa ja m\u00e4ntykuoriuutetta.\",\"breadcrumb\":{\"@id\":\"https:\\\/\\\/www.solakauppa.fi\\\/kauppa\\\/saippuat\\\/erikoissaippuat\\\/metsan-kuningas-terva-rasia\\\/#breadcrumb\"},\"inLanguage\":\"en-US\",\"potentialAction\":[{\"@type\":\"ReadAction\",\"target\":[\"https:\\\/\\\/www.solakauppa.fi\\\/kauppa\\\/saippuat\\\/erikoissaippuat\\\/metsan-kuningas-terva-rasia\\\/\"]}]},{\"@type\":\"ImageObject\",\"inLanguage\":\"en-US\",\"@id\":\"https:\\\/\\\/www.solakauppa.fi\\\/kauppa\\\/saippuat\\\/erikoissaippuat\\\/metsan-kuningas-terva-rasia\\\/#primaryimage\",\"url\":\"https:\\\/\\\/www.solakauppa.fi\\\/wp-content\\\/uploads\\\/2022\\\/11\\\/Karhuterva.jpg\",\"contentUrl\":\"https:\\\/\\\/www.solakauppa.fi\\\/wp-content\\\/uploads\\\/2022\\\/11\\\/Karhuterva.jpg\",\"width\":1000,\"height\":1000},{\"@type\":\"BreadcrumbList\",\"@id\":\"https:\\\/\\\/www.solakauppa.fi\\\/kauppa\\\/saippuat\\\/erikoissaippuat\\\/metsan-kuningas-terva-rasia\\\/#breadcrumb\",\"itemListElement\":[{\"@type\":\"ListItem\",\"position\":1,\"name\":\"Home\",\"item\":\"https:\\\/\\\/www.solakauppa.fi\\\/\"},{\"@type\":\"ListItem\",\"position\":2,\"name\":\"Solakauppa\",\"item\":\"https:\\\/\\\/www.solakauppa.fi\\\/kauppa2\\\/\"},{\"@type\":\"ListItem\",\"position\":3,\"name\":\"Karhu Terva\"}]},{\"@type\":\"WebSite\",\"@id\":\"https:\\\/\\\/www.solakauppa.fi\\\/#website\",\"url\":\"https:\\\/\\\/www.solakauppa.fi\\\/\",\"name\":\"Sola\",\"description\":\"Suomalainen k\u00e4sintehty saippua\",\"publisher\":{\"@id\":\"https:\\\/\\\/www.solakauppa.fi\\\/#organization\"},\"potentialAction\":[{\"@type\":\"SearchAction\",\"target\":{\"@type\":\"EntryPoint\",\"urlTemplate\":\"https:\\\/\\\/www.solakauppa.fi\\\/?s={search_term_string}\"},\"query-input\":{\"@type\":\"PropertyValueSpecification\",\"valueRequired\":true,\"valueName\":\"search_term_string\"}}],\"inLanguage\":\"en-US\"},{\"@type\":\"Organization\",\"@id\":\"https:\\\/\\\/www.solakauppa.fi\\\/#organization\",\"name\":\"Solakauppa\",\"url\":\"https:\\\/\\\/www.solakauppa.fi\\\/\",\"logo\":{\"@type\":\"ImageObject\",\"inLanguage\":\"en-US\",\"@id\":\"https:\\\/\\\/www.solakauppa.fi\\\/#\\\/schema\\\/logo\\\/image\\\/\",\"url\":\"https:\\\/\\\/www.solakauppa.fi\\\/wp-content\\\/uploads\\\/2020\\\/06\\\/Sola-logo_solava\u0308ri.svg\",\"contentUrl\":\"https:\\\/\\\/www.solakauppa.fi\\\/wp-content\\\/uploads\\\/2020\\\/06\\\/Sola-logo_solava\u0308ri.svg\",\"caption\":\"Solakauppa\"},\"image\":{\"@id\":\"https:\\\/\\\/www.solakauppa.fi\\\/#\\\/schema\\\/logo\\\/image\\\/\"}}]}<\/script>\n<!-- \/ Yoast SEO plugin. -->","yoast_head_json":{"title":"Karhu Terva | Sola","description":"Musta m\u00e4ntytervasaippua jossa 50% suomalaista karhun rasvaa. Huumaava tervan tuoksu. Saippuassa k\u00e4ytetty m\u00e4nnyn kantotervaa ja m\u00e4ntykuoriuutetta.","robots":{"index":"index","follow":"follow","max-snippet":"max-snippet:-1","max-image-preview":"max-image-preview:large","max-video-preview":"max-video-preview:-1"},"canonical":"https:\/\/www.solakauppa.fi\/en\/kauppa\/saippuat\/erikoissaippuat\/metsan-kuningas-terva-rasia\/","og_locale":"en_US","og_type":"article","og_title":"Karhu Terva | Sola","og_description":"Musta m\u00e4ntytervasaippua jossa 50% suomalaista karhun rasvaa. Huumaava tervan tuoksu. Saippuassa k\u00e4ytetty m\u00e4nnyn kantotervaa ja m\u00e4ntykuoriuutetta.","og_url":"https:\/\/www.solakauppa.fi\/en\/kauppa\/saippuat\/erikoissaippuat\/metsan-kuningas-terva-rasia\/","og_site_name":"Sola","article_modified_time":"2025-08-11T09:16:09+00:00","og_image":[{"width":1000,"height":1000,"url":"https:\/\/www.solakauppa.fi\/wp-content\/uploads\/2022\/11\/Karhuterva.jpg","type":"image\/jpeg"}],"twitter_card":"summary_large_image","twitter_misc":{"Est. reading time":"1 minute"},"schema":{"@context":"https:\/\/schema.org","@graph":[{"@type":"WebPage","@id":"https:\/\/www.solakauppa.fi\/kauppa\/saippuat\/erikoissaippuat\/metsan-kuningas-terva-rasia\/","url":"https:\/\/www.solakauppa.fi\/kauppa\/saippuat\/erikoissaippuat\/metsan-kuningas-terva-rasia\/","name":"Karhu Terva | Sola","isPartOf":{"@id":"https:\/\/www.solakauppa.fi\/#website"},"primaryImageOfPage":{"@id":"https:\/\/www.solakauppa.fi\/kauppa\/saippuat\/erikoissaippuat\/metsan-kuningas-terva-rasia\/#primaryimage"},"image":{"@id":"https:\/\/www.solakauppa.fi\/kauppa\/saippuat\/erikoissaippuat\/metsan-kuningas-terva-rasia\/#primaryimage"},"thumbnailUrl":"https:\/\/www.solakauppa.fi\/wp-content\/uploads\/2022\/11\/Karhuterva.jpg","datePublished":"2017-01-16T09:50:36+00:00","dateModified":"2025-08-11T09:16:09+00:00","description":"Musta m\u00e4ntytervasaippua jossa 50% suomalaista karhun rasvaa. Huumaava tervan tuoksu. Saippuassa k\u00e4ytetty m\u00e4nnyn kantotervaa ja m\u00e4ntykuoriuutetta.","breadcrumb":{"@id":"https:\/\/www.solakauppa.fi\/kauppa\/saippuat\/erikoissaippuat\/metsan-kuningas-terva-rasia\/#breadcrumb"},"inLanguage":"en-US","potentialAction":[{"@type":"ReadAction","target":["https:\/\/www.solakauppa.fi\/kauppa\/saippuat\/erikoissaippuat\/metsan-kuningas-terva-rasia\/"]}]},{"@type":"ImageObject","inLanguage":"en-US","@id":"https:\/\/www.solakauppa.fi\/kauppa\/saippuat\/erikoissaippuat\/metsan-kuningas-terva-rasia\/#primaryimage","url":"https:\/\/www.solakauppa.fi\/wp-content\/uploads\/2022\/11\/Karhuterva.jpg","contentUrl":"https:\/\/www.solakauppa.fi\/wp-content\/uploads\/2022\/11\/Karhuterva.jpg","width":1000,"height":1000},{"@type":"BreadcrumbList","@id":"https:\/\/www.solakauppa.fi\/kauppa\/saippuat\/erikoissaippuat\/metsan-kuningas-terva-rasia\/#breadcrumb","itemListElement":[{"@type":"ListItem","position":1,"name":"Home","item":"https:\/\/www.solakauppa.fi\/"},{"@type":"ListItem","position":2,"name":"Solakauppa","item":"https:\/\/www.solakauppa.fi\/kauppa2\/"},{"@type":"ListItem","position":3,"name":"Karhu Terva"}]},{"@type":"WebSite","@id":"https:\/\/www.solakauppa.fi\/#website","url":"https:\/\/www.solakauppa.fi\/","name":"Sola","description":"Suomalainen k\u00e4sintehty saippua","publisher":{"@id":"https:\/\/www.solakauppa.fi\/#organization"},"potentialAction":[{"@type":"SearchAction","target":{"@type":"EntryPoint","urlTemplate":"https:\/\/www.solakauppa.fi\/?s={search_term_string}"},"query-input":{"@type":"PropertyValueSpecification","valueRequired":true,"valueName":"search_term_string"}}],"inLanguage":"en-US"},{"@type":"Organization","@id":"https:\/\/www.solakauppa.fi\/#organization","name":"Sola Shop","url":"https:\/\/www.solakauppa.fi\/","logo":{"@type":"ImageObject","inLanguage":"en-US","@id":"https:\/\/www.solakauppa.fi\/#\/schema\/logo\/image\/","url":"https:\/\/www.solakauppa.fi\/wp-content\/uploads\/2020\/06\/Sola-logo_solava\u0308ri.svg","contentUrl":"https:\/\/www.solakauppa.fi\/wp-content\/uploads\/2020\/06\/Sola-logo_solava\u0308ri.svg","caption":"Solakauppa"},"image":{"@id":"https:\/\/www.solakauppa.fi\/#\/schema\/logo\/image\/"}}]}},"_links":{"self":[{"href":"https:\/\/www.solakauppa.fi\/en\/wp-json\/wp\/v2\/product\/437","targetHints":{"allow":["GET"]}}],"collection":[{"href":"https:\/\/www.solakauppa.fi\/en\/wp-json\/wp\/v2\/product"}],"about":[{"href":"https:\/\/www.solakauppa.fi\/en\/wp-json\/wp\/v2\/types\/product"}],"replies":[{"embeddable":true,"href":"https:\/\/www.solakauppa.fi\/en\/wp-json\/wp\/v2\/comments?post=437"}],"version-history":[{"count":5,"href":"https:\/\/www.solakauppa.fi\/en\/wp-json\/wp\/v2\/product\/437\/revisions"}],"predecessor-version":[{"id":5823,"href":"https:\/\/www.solakauppa.fi\/en\/wp-json\/wp\/v2\/product\/437\/revisions\/5823"}],"wp:featuredmedia":[{"embeddable":true,"href":"https:\/\/www.solakauppa.fi\/en\/wp-json\/wp\/v2\/media\/5808"}],"wp:attachment":[{"href":"https:\/\/www.solakauppa.fi\/en\/wp-json\/wp\/v2\/media?parent=437"}],"wp:term":[{"taxonomy":"product_brand","embeddable":true,"href":"https:\/\/www.solakauppa.fi\/en\/wp-json\/wp\/v2\/product_brand?post=437"},{"taxonomy":"product_cat","embeddable":true,"href":"https:\/\/www.solakauppa.fi\/en\/wp-json\/wp\/v2\/product_cat?post=437"},{"taxonomy":"product_tag","embeddable":true,"href":"https:\/\/www.solakauppa.fi\/en\/wp-json\/wp\/v2\/product_tag?post=437"}],"curies":[{"name":"wp","href":"https:\/\/api.w.org\/{rel}","templated":true}]}}