{"id":2585,"date":"2020-05-13T16:16:09","date_gmt":"2020-05-13T13:16:09","guid":{"rendered":"https:\/\/www.solakauppa.fi\/?post_type=product&#038;p=2585"},"modified":"2025-03-12T16:58:35","modified_gmt":"2025-03-12T14:58:35","slug":"metsan-taika-naru","status":"publish","type":"product","link":"https:\/\/www.solakauppa.fi\/en\/kauppa\/saippuat\/tuoksuvat\/metsan-taika-naru\/","title":{"rendered":"Forest Magic - string soap"},"content":{"rendered":"<p>Mets\u00e4n Taika -narusaippua 100g<\/p>\n<p><strong>Scent:<\/strong><br \/>\nFour season soap with scents of forest from essential oils of Siberian spruce, pine, patchouli and organic marjoram as well as local spruce buds and birch leaves.<\/p>\n<p><strong>Incredients<\/strong><br \/>\nRapeseed oil*, organic coconut oil, water*, lye, castor bean oil, essential oils of real juniper, cypress, palmarosa, organic peppermint*, patchouli and lavender, nettle leaves*, fir tips*, birch leaves*. *Grown\/made in North Karelia or Finland.<\/p>","protected":false},"excerpt":{"rendered":"<p class=\"p1\"><span class=\"s1\">Magical are all the seasons of the forest. Each season with its own smells, colours and sounds. Golden-red trunks of pine gleam in the setting autumn sun. Forests covered in absolute silent stillness of snow. Spring brings the intoxicating glow of power while the wind makes music with the shedding birch bark, just as a snake sheds skin to make way for a new skin. Old folk say that birch is forests\u2019 mother tree because it gives so many gifts.<\/span><\/p>\n<p class=\"p1\"><span class=\"s1\">A four-season soap full of spruce buds and birch leaves from the clean North Karelian forests. Essential oils chosen to bring the freshness of forest to your skin.<\/span><\/p>","protected":false},"featured_media":2654,"comment_status":"open","ping_status":"closed","template":"","meta":{"_monsterinsights_skip_tracking":false,"_monsterinsights_sitenote_active":false,"_monsterinsights_sitenote_note":"","_monsterinsights_sitenote_category":0},"product_brand":[],"product_cat":[55,57,12],"product_tag":[],"class_list":{"0":"post-2585","1":"product","2":"type-product","3":"status-publish","4":"has-post-thumbnail","6":"product_cat-tuoksuvat","7":"product_cat-narusaippuat","8":"product_cat-saippuat","10":"first","11":"outofstock","12":"taxable","13":"shipping-taxable","14":"purchasable","15":"product-type-simple"},"yoast_head":"<!-- This site is optimized with the Yoast SEO plugin v27.3 - https:\/\/yoast.com\/product\/yoast-seo-wordpress\/ -->\n<title>Mets\u00e4n Taika -narusaippua | Sola<\/title>\n<meta name=\"description\" content=\"Nelj\u00e4n vuodenajan saippua jossa on kuusenkerkki\u00e4 ja koivunlehti\u00e4 Pohjois-Karjalan puhtaasta luonnosta.\" \/>\n<meta name=\"robots\" content=\"index, follow, max-snippet:-1, max-image-preview:large, max-video-preview:-1\" \/>\n<link rel=\"canonical\" href=\"https:\/\/www.solakauppa.fi\/en\/kauppa\/saippuat\/tuoksuvat\/metsan-taika-naru\/\" \/>\n<meta property=\"og:locale\" content=\"en_US\" \/>\n<meta property=\"og:type\" content=\"article\" \/>\n<meta property=\"og:title\" content=\"Mets\u00e4n Taika -narusaippua | Sola\" \/>\n<meta property=\"og:description\" content=\"Nelj\u00e4n vuodenajan saippua jossa on kuusenkerkki\u00e4 ja koivunlehti\u00e4 Pohjois-Karjalan puhtaasta luonnosta.\" \/>\n<meta property=\"og:url\" content=\"https:\/\/www.solakauppa.fi\/en\/kauppa\/saippuat\/tuoksuvat\/metsan-taika-naru\/\" \/>\n<meta property=\"og:site_name\" content=\"Sola\" \/>\n<meta property=\"article:modified_time\" content=\"2025-03-12T14:58:35+00:00\" \/>\n<meta property=\"og:image\" content=\"https:\/\/www.solakauppa.fi\/wp-content\/uploads\/2020\/05\/Metsa\u0308n-Taika.png\" \/>\n\t<meta property=\"og:image:width\" content=\"1000\" \/>\n\t<meta property=\"og:image:height\" content=\"1000\" \/>\n\t<meta property=\"og:image:type\" content=\"image\/png\" \/>\n<meta name=\"twitter:card\" content=\"summary_large_image\" \/>\n<meta name=\"twitter:label1\" content=\"Est. reading time\" \/>\n\t<meta name=\"twitter:data1\" content=\"1 minute\" \/>\n<script type=\"application\/ld+json\" class=\"yoast-schema-graph\">{\"@context\":\"https:\\\/\\\/schema.org\",\"@graph\":[{\"@type\":\"WebPage\",\"@id\":\"https:\\\/\\\/www.solakauppa.fi\\\/kauppa\\\/saippuat\\\/tuoksuvat\\\/metsan-taika-naru\\\/\",\"url\":\"https:\\\/\\\/www.solakauppa.fi\\\/kauppa\\\/saippuat\\\/tuoksuvat\\\/metsan-taika-naru\\\/\",\"name\":\"Mets\u00e4n Taika -narusaippua | Sola\",\"isPartOf\":{\"@id\":\"https:\\\/\\\/www.solakauppa.fi\\\/#website\"},\"primaryImageOfPage\":{\"@id\":\"https:\\\/\\\/www.solakauppa.fi\\\/kauppa\\\/saippuat\\\/tuoksuvat\\\/metsan-taika-naru\\\/#primaryimage\"},\"image\":{\"@id\":\"https:\\\/\\\/www.solakauppa.fi\\\/kauppa\\\/saippuat\\\/tuoksuvat\\\/metsan-taika-naru\\\/#primaryimage\"},\"thumbnailUrl\":\"https:\\\/\\\/www.solakauppa.fi\\\/wp-content\\\/uploads\\\/2020\\\/05\\\/Metsa\u0308n-Taika.png\",\"datePublished\":\"2020-05-13T13:16:09+00:00\",\"dateModified\":\"2025-03-12T14:58:35+00:00\",\"description\":\"Nelj\u00e4n vuodenajan saippua jossa on kuusenkerkki\u00e4 ja koivunlehti\u00e4 Pohjois-Karjalan puhtaasta luonnosta.\",\"breadcrumb\":{\"@id\":\"https:\\\/\\\/www.solakauppa.fi\\\/kauppa\\\/saippuat\\\/tuoksuvat\\\/metsan-taika-naru\\\/#breadcrumb\"},\"inLanguage\":\"en-US\",\"potentialAction\":[{\"@type\":\"ReadAction\",\"target\":[\"https:\\\/\\\/www.solakauppa.fi\\\/kauppa\\\/saippuat\\\/tuoksuvat\\\/metsan-taika-naru\\\/\"]}]},{\"@type\":\"ImageObject\",\"inLanguage\":\"en-US\",\"@id\":\"https:\\\/\\\/www.solakauppa.fi\\\/kauppa\\\/saippuat\\\/tuoksuvat\\\/metsan-taika-naru\\\/#primaryimage\",\"url\":\"https:\\\/\\\/www.solakauppa.fi\\\/wp-content\\\/uploads\\\/2020\\\/05\\\/Metsa\u0308n-Taika.png\",\"contentUrl\":\"https:\\\/\\\/www.solakauppa.fi\\\/wp-content\\\/uploads\\\/2020\\\/05\\\/Metsa\u0308n-Taika.png\",\"width\":1000,\"height\":1000},{\"@type\":\"BreadcrumbList\",\"@id\":\"https:\\\/\\\/www.solakauppa.fi\\\/kauppa\\\/saippuat\\\/tuoksuvat\\\/metsan-taika-naru\\\/#breadcrumb\",\"itemListElement\":[{\"@type\":\"ListItem\",\"position\":1,\"name\":\"Home\",\"item\":\"https:\\\/\\\/www.solakauppa.fi\\\/\"},{\"@type\":\"ListItem\",\"position\":2,\"name\":\"Solakauppa\",\"item\":\"https:\\\/\\\/www.solakauppa.fi\\\/kauppa2\\\/\"},{\"@type\":\"ListItem\",\"position\":3,\"name\":\"Mets\u00e4n Taika -narusaippua\"}]},{\"@type\":\"WebSite\",\"@id\":\"https:\\\/\\\/www.solakauppa.fi\\\/#website\",\"url\":\"https:\\\/\\\/www.solakauppa.fi\\\/\",\"name\":\"Sola\",\"description\":\"Suomalainen k\u00e4sintehty saippua\",\"publisher\":{\"@id\":\"https:\\\/\\\/www.solakauppa.fi\\\/#organization\"},\"potentialAction\":[{\"@type\":\"SearchAction\",\"target\":{\"@type\":\"EntryPoint\",\"urlTemplate\":\"https:\\\/\\\/www.solakauppa.fi\\\/?s={search_term_string}\"},\"query-input\":{\"@type\":\"PropertyValueSpecification\",\"valueRequired\":true,\"valueName\":\"search_term_string\"}}],\"inLanguage\":\"en-US\"},{\"@type\":\"Organization\",\"@id\":\"https:\\\/\\\/www.solakauppa.fi\\\/#organization\",\"name\":\"Solakauppa\",\"url\":\"https:\\\/\\\/www.solakauppa.fi\\\/\",\"logo\":{\"@type\":\"ImageObject\",\"inLanguage\":\"en-US\",\"@id\":\"https:\\\/\\\/www.solakauppa.fi\\\/#\\\/schema\\\/logo\\\/image\\\/\",\"url\":\"https:\\\/\\\/www.solakauppa.fi\\\/wp-content\\\/uploads\\\/2020\\\/06\\\/Sola-logo_solava\u0308ri.svg\",\"contentUrl\":\"https:\\\/\\\/www.solakauppa.fi\\\/wp-content\\\/uploads\\\/2020\\\/06\\\/Sola-logo_solava\u0308ri.svg\",\"caption\":\"Solakauppa\"},\"image\":{\"@id\":\"https:\\\/\\\/www.solakauppa.fi\\\/#\\\/schema\\\/logo\\\/image\\\/\"}}]}<\/script>\n<!-- \/ Yoast SEO plugin. -->","yoast_head_json":{"title":"Mets\u00e4n Taika -narusaippua | Sola","description":"Nelj\u00e4n vuodenajan saippua jossa on kuusenkerkki\u00e4 ja koivunlehti\u00e4 Pohjois-Karjalan puhtaasta luonnosta.","robots":{"index":"index","follow":"follow","max-snippet":"max-snippet:-1","max-image-preview":"max-image-preview:large","max-video-preview":"max-video-preview:-1"},"canonical":"https:\/\/www.solakauppa.fi\/en\/kauppa\/saippuat\/tuoksuvat\/metsan-taika-naru\/","og_locale":"en_US","og_type":"article","og_title":"Mets\u00e4n Taika -narusaippua | Sola","og_description":"Nelj\u00e4n vuodenajan saippua jossa on kuusenkerkki\u00e4 ja koivunlehti\u00e4 Pohjois-Karjalan puhtaasta luonnosta.","og_url":"https:\/\/www.solakauppa.fi\/en\/kauppa\/saippuat\/tuoksuvat\/metsan-taika-naru\/","og_site_name":"Sola","article_modified_time":"2025-03-12T14:58:35+00:00","og_image":[{"width":1000,"height":1000,"url":"https:\/\/www.solakauppa.fi\/wp-content\/uploads\/2020\/05\/Metsa\u0308n-Taika.png","type":"image\/png"}],"twitter_card":"summary_large_image","twitter_misc":{"Est. reading time":"1 minute"},"schema":{"@context":"https:\/\/schema.org","@graph":[{"@type":"WebPage","@id":"https:\/\/www.solakauppa.fi\/kauppa\/saippuat\/tuoksuvat\/metsan-taika-naru\/","url":"https:\/\/www.solakauppa.fi\/kauppa\/saippuat\/tuoksuvat\/metsan-taika-naru\/","name":"Mets\u00e4n Taika -narusaippua | Sola","isPartOf":{"@id":"https:\/\/www.solakauppa.fi\/#website"},"primaryImageOfPage":{"@id":"https:\/\/www.solakauppa.fi\/kauppa\/saippuat\/tuoksuvat\/metsan-taika-naru\/#primaryimage"},"image":{"@id":"https:\/\/www.solakauppa.fi\/kauppa\/saippuat\/tuoksuvat\/metsan-taika-naru\/#primaryimage"},"thumbnailUrl":"https:\/\/www.solakauppa.fi\/wp-content\/uploads\/2020\/05\/Metsa\u0308n-Taika.png","datePublished":"2020-05-13T13:16:09+00:00","dateModified":"2025-03-12T14:58:35+00:00","description":"Nelj\u00e4n vuodenajan saippua jossa on kuusenkerkki\u00e4 ja koivunlehti\u00e4 Pohjois-Karjalan puhtaasta luonnosta.","breadcrumb":{"@id":"https:\/\/www.solakauppa.fi\/kauppa\/saippuat\/tuoksuvat\/metsan-taika-naru\/#breadcrumb"},"inLanguage":"en-US","potentialAction":[{"@type":"ReadAction","target":["https:\/\/www.solakauppa.fi\/kauppa\/saippuat\/tuoksuvat\/metsan-taika-naru\/"]}]},{"@type":"ImageObject","inLanguage":"en-US","@id":"https:\/\/www.solakauppa.fi\/kauppa\/saippuat\/tuoksuvat\/metsan-taika-naru\/#primaryimage","url":"https:\/\/www.solakauppa.fi\/wp-content\/uploads\/2020\/05\/Metsa\u0308n-Taika.png","contentUrl":"https:\/\/www.solakauppa.fi\/wp-content\/uploads\/2020\/05\/Metsa\u0308n-Taika.png","width":1000,"height":1000},{"@type":"BreadcrumbList","@id":"https:\/\/www.solakauppa.fi\/kauppa\/saippuat\/tuoksuvat\/metsan-taika-naru\/#breadcrumb","itemListElement":[{"@type":"ListItem","position":1,"name":"Home","item":"https:\/\/www.solakauppa.fi\/"},{"@type":"ListItem","position":2,"name":"Solakauppa","item":"https:\/\/www.solakauppa.fi\/kauppa2\/"},{"@type":"ListItem","position":3,"name":"Mets\u00e4n Taika -narusaippua"}]},{"@type":"WebSite","@id":"https:\/\/www.solakauppa.fi\/#website","url":"https:\/\/www.solakauppa.fi\/","name":"Sola","description":"Suomalainen k\u00e4sintehty saippua","publisher":{"@id":"https:\/\/www.solakauppa.fi\/#organization"},"potentialAction":[{"@type":"SearchAction","target":{"@type":"EntryPoint","urlTemplate":"https:\/\/www.solakauppa.fi\/?s={search_term_string}"},"query-input":{"@type":"PropertyValueSpecification","valueRequired":true,"valueName":"search_term_string"}}],"inLanguage":"en-US"},{"@type":"Organization","@id":"https:\/\/www.solakauppa.fi\/#organization","name":"Sola Shop","url":"https:\/\/www.solakauppa.fi\/","logo":{"@type":"ImageObject","inLanguage":"en-US","@id":"https:\/\/www.solakauppa.fi\/#\/schema\/logo\/image\/","url":"https:\/\/www.solakauppa.fi\/wp-content\/uploads\/2020\/06\/Sola-logo_solava\u0308ri.svg","contentUrl":"https:\/\/www.solakauppa.fi\/wp-content\/uploads\/2020\/06\/Sola-logo_solava\u0308ri.svg","caption":"Solakauppa"},"image":{"@id":"https:\/\/www.solakauppa.fi\/#\/schema\/logo\/image\/"}}]}},"_links":{"self":[{"href":"https:\/\/www.solakauppa.fi\/en\/wp-json\/wp\/v2\/product\/2585","targetHints":{"allow":["GET"]}}],"collection":[{"href":"https:\/\/www.solakauppa.fi\/en\/wp-json\/wp\/v2\/product"}],"about":[{"href":"https:\/\/www.solakauppa.fi\/en\/wp-json\/wp\/v2\/types\/product"}],"replies":[{"embeddable":true,"href":"https:\/\/www.solakauppa.fi\/en\/wp-json\/wp\/v2\/comments?post=2585"}],"version-history":[{"count":2,"href":"https:\/\/www.solakauppa.fi\/en\/wp-json\/wp\/v2\/product\/2585\/revisions"}],"predecessor-version":[{"id":2631,"href":"https:\/\/www.solakauppa.fi\/en\/wp-json\/wp\/v2\/product\/2585\/revisions\/2631"}],"wp:featuredmedia":[{"embeddable":true,"href":"https:\/\/www.solakauppa.fi\/en\/wp-json\/wp\/v2\/media\/2654"}],"wp:attachment":[{"href":"https:\/\/www.solakauppa.fi\/en\/wp-json\/wp\/v2\/media?parent=2585"}],"wp:term":[{"taxonomy":"product_brand","embeddable":true,"href":"https:\/\/www.solakauppa.fi\/en\/wp-json\/wp\/v2\/product_brand?post=2585"},{"taxonomy":"product_cat","embeddable":true,"href":"https:\/\/www.solakauppa.fi\/en\/wp-json\/wp\/v2\/product_cat?post=2585"},{"taxonomy":"product_tag","embeddable":true,"href":"https:\/\/www.solakauppa.fi\/en\/wp-json\/wp\/v2\/product_tag?post=2585"}],"curies":[{"name":"wp","href":"https:\/\/api.w.org\/{rel}","templated":true}]}}