{"id":2583,"date":"2020-05-13T16:16:01","date_gmt":"2020-05-13T13:16:01","guid":{"rendered":"https:\/\/www.solakauppa.fi\/?post_type=product&#038;p=2583"},"modified":"2025-01-06T19:22:54","modified_gmt":"2025-01-06T17:22:54","slug":"nokkosen-ihme-naru","status":"publish","type":"product","link":"https:\/\/www.solakauppa.fi\/en\/kauppa\/saippuat\/tuoksuvat\/nokkosen-ihme-naru\/","title":{"rendered":"Nettle Wonder - string soap"},"content":{"rendered":"<p>Nokkosen Ihme -narusaippua 100g<\/p>\n<p><strong>Scent:<\/strong><br \/>\nSoap with stinging nettle, rapeseed oil and lots of apricot seed oil. Essential oil of rosemary gives this soap antiseptic and antioxidant effect. It's good for people with rash.<\/p>\n<p><strong>Incredients<\/strong><br \/>\nRapeseed oil, apricot seed oil, stinging nettle tea, castor oil, beeswax, stinging nettle leaves, essential oil of rosemary<\/p>","protected":false},"excerpt":{"rendered":"<p>Nokkonen pist\u00e4\u00e4 niin ett\u00e4 tuntuu, mutta se on my\u00f6s sy\u00f6t\u00e4v\u00e4\u00e4, juotavaa ja p\u00e4\u00e4lle puettavaa. Olen kuullut ihmisten k\u00e4ytt\u00e4v\u00e4n sit\u00e4 saunavihtana puhdistautumiseen ja parantumiseen! Sy\u00f6mme sit\u00e4 tuoreena ja kuivattuna keitoissa, pannukakuissa, salaateissa (nuoria versoja) ja leiv\u00e4ss\u00e4. Juomme sit\u00e4 teen\u00e4. Laitamme nokkosnippuja suureen vesisaaviin ja annamme nokkosten muhia vedess\u00e4; ruiskutamme t\u00e4t\u00e4 nestett\u00e4 omenapuille ja marjapensaille erinomaiseksi tuholaiskarkotteeksi; nokkosten j\u00e4\u00e4nteet hautaamme sitten pensaiden l\u00e4helle lannoitteeksi. Nokkoset ovat t\u00e4ynn\u00e4 mineraaleja, flavonoideja ja rautaa. Nokkosen tiedet\u00e4\u00e4n alentavan verensokeria, helpottavan reumatismikipuja, olevan antiseptinen, parantavan pintaverenkiertoa ja jopa helpottavan ihottumia. T\u00e4m\u00e4 saippua sis\u00e4lt\u00e4\u00e4 paljon nokkosta ja eteerist\u00e4 rosmariini\u00f6ljy\u00e4, jotka kaikki lis\u00e4\u00e4v\u00e4t antiseptist\u00e4 vaikutusta.<\/p>","protected":false},"featured_media":2663,"comment_status":"open","ping_status":"closed","template":"","meta":{"_monsterinsights_skip_tracking":false,"_monsterinsights_sitenote_active":false,"_monsterinsights_sitenote_note":"","_monsterinsights_sitenote_category":0},"product_brand":[],"product_cat":[55,57,12],"product_tag":[],"class_list":{"0":"post-2583","1":"product","2":"type-product","3":"status-publish","4":"has-post-thumbnail","6":"product_cat-tuoksuvat","7":"product_cat-narusaippuat","8":"product_cat-saippuat","10":"first","11":"outofstock","12":"taxable","13":"shipping-taxable","14":"purchasable","15":"product-type-simple"},"yoast_head":"<!-- This site is optimized with the Yoast SEO plugin v27.4 - https:\/\/yoast.com\/product\/yoast-seo-wordpress\/ -->\n<title>Nokkosen Ihme -narusaippua | Sola<\/title>\n<meta name=\"description\" content=\"Nokkosta, rypsi\u00f6ljy\u00e4 ja runsaasti aprikoosinsiemen\u00f6ljy\u00e4 sis\u00e4lt\u00e4v\u00e4 saippua. Sopii ihottumaan taipuvaiselle. Sis\u00e4lt\u00e4\u00e4 v\u00e4h\u00e4n mehil\u00e4isvahaa.\" \/>\n<meta name=\"robots\" content=\"index, follow, max-snippet:-1, max-image-preview:large, max-video-preview:-1\" \/>\n<link rel=\"canonical\" href=\"https:\/\/www.solakauppa.fi\/en\/kauppa\/saippuat\/tuoksuvat\/nokkosen-ihme-naru\/\" \/>\n<meta property=\"og:locale\" content=\"en_US\" \/>\n<meta property=\"og:type\" content=\"article\" \/>\n<meta property=\"og:title\" content=\"Nokkosen Ihme -narusaippua | Sola\" \/>\n<meta property=\"og:description\" content=\"Nokkosta, rypsi\u00f6ljy\u00e4 ja runsaasti aprikoosinsiemen\u00f6ljy\u00e4 sis\u00e4lt\u00e4v\u00e4 saippua. Sopii ihottumaan taipuvaiselle. Sis\u00e4lt\u00e4\u00e4 v\u00e4h\u00e4n mehil\u00e4isvahaa.\" \/>\n<meta property=\"og:url\" content=\"https:\/\/www.solakauppa.fi\/en\/kauppa\/saippuat\/tuoksuvat\/nokkosen-ihme-naru\/\" \/>\n<meta property=\"og:site_name\" content=\"Sola\" \/>\n<meta property=\"article:modified_time\" content=\"2025-01-06T17:22:54+00:00\" \/>\n<meta property=\"og:image\" content=\"https:\/\/www.solakauppa.fi\/wp-content\/uploads\/2020\/05\/Nokkosen-Ihme.png\" \/>\n\t<meta property=\"og:image:width\" content=\"1000\" \/>\n\t<meta property=\"og:image:height\" content=\"1000\" \/>\n\t<meta property=\"og:image:type\" content=\"image\/png\" \/>\n<meta name=\"twitter:card\" content=\"summary_large_image\" \/>\n<meta name=\"twitter:label1\" content=\"Est. reading time\" \/>\n\t<meta name=\"twitter:data1\" content=\"1 minute\" \/>\n<script type=\"application\/ld+json\" class=\"yoast-schema-graph\">{\"@context\":\"https:\\\/\\\/schema.org\",\"@graph\":[{\"@type\":\"WebPage\",\"@id\":\"https:\\\/\\\/www.solakauppa.fi\\\/kauppa\\\/saippuat\\\/tuoksuvat\\\/nokkosen-ihme-naru\\\/\",\"url\":\"https:\\\/\\\/www.solakauppa.fi\\\/kauppa\\\/saippuat\\\/tuoksuvat\\\/nokkosen-ihme-naru\\\/\",\"name\":\"Nokkosen Ihme -narusaippua | Sola\",\"isPartOf\":{\"@id\":\"https:\\\/\\\/www.solakauppa.fi\\\/#website\"},\"primaryImageOfPage\":{\"@id\":\"https:\\\/\\\/www.solakauppa.fi\\\/kauppa\\\/saippuat\\\/tuoksuvat\\\/nokkosen-ihme-naru\\\/#primaryimage\"},\"image\":{\"@id\":\"https:\\\/\\\/www.solakauppa.fi\\\/kauppa\\\/saippuat\\\/tuoksuvat\\\/nokkosen-ihme-naru\\\/#primaryimage\"},\"thumbnailUrl\":\"https:\\\/\\\/www.solakauppa.fi\\\/wp-content\\\/uploads\\\/2020\\\/05\\\/Nokkosen-Ihme.png\",\"datePublished\":\"2020-05-13T13:16:01+00:00\",\"dateModified\":\"2025-01-06T17:22:54+00:00\",\"description\":\"Nokkosta, rypsi\u00f6ljy\u00e4 ja runsaasti aprikoosinsiemen\u00f6ljy\u00e4 sis\u00e4lt\u00e4v\u00e4 saippua. Sopii ihottumaan taipuvaiselle. Sis\u00e4lt\u00e4\u00e4 v\u00e4h\u00e4n mehil\u00e4isvahaa.\",\"breadcrumb\":{\"@id\":\"https:\\\/\\\/www.solakauppa.fi\\\/kauppa\\\/saippuat\\\/tuoksuvat\\\/nokkosen-ihme-naru\\\/#breadcrumb\"},\"inLanguage\":\"en-US\",\"potentialAction\":[{\"@type\":\"ReadAction\",\"target\":[\"https:\\\/\\\/www.solakauppa.fi\\\/kauppa\\\/saippuat\\\/tuoksuvat\\\/nokkosen-ihme-naru\\\/\"]}]},{\"@type\":\"ImageObject\",\"inLanguage\":\"en-US\",\"@id\":\"https:\\\/\\\/www.solakauppa.fi\\\/kauppa\\\/saippuat\\\/tuoksuvat\\\/nokkosen-ihme-naru\\\/#primaryimage\",\"url\":\"https:\\\/\\\/www.solakauppa.fi\\\/wp-content\\\/uploads\\\/2020\\\/05\\\/Nokkosen-Ihme.png\",\"contentUrl\":\"https:\\\/\\\/www.solakauppa.fi\\\/wp-content\\\/uploads\\\/2020\\\/05\\\/Nokkosen-Ihme.png\",\"width\":1000,\"height\":1000},{\"@type\":\"BreadcrumbList\",\"@id\":\"https:\\\/\\\/www.solakauppa.fi\\\/kauppa\\\/saippuat\\\/tuoksuvat\\\/nokkosen-ihme-naru\\\/#breadcrumb\",\"itemListElement\":[{\"@type\":\"ListItem\",\"position\":1,\"name\":\"Home\",\"item\":\"https:\\\/\\\/www.solakauppa.fi\\\/\"},{\"@type\":\"ListItem\",\"position\":2,\"name\":\"Solakauppa\",\"item\":\"https:\\\/\\\/www.solakauppa.fi\\\/kauppa2\\\/\"},{\"@type\":\"ListItem\",\"position\":3,\"name\":\"Nokkosen Ihme -narusaippua\"}]},{\"@type\":\"WebSite\",\"@id\":\"https:\\\/\\\/www.solakauppa.fi\\\/#website\",\"url\":\"https:\\\/\\\/www.solakauppa.fi\\\/\",\"name\":\"Sola\",\"description\":\"Suomalainen k\u00e4sintehty saippua\",\"publisher\":{\"@id\":\"https:\\\/\\\/www.solakauppa.fi\\\/#organization\"},\"potentialAction\":[{\"@type\":\"SearchAction\",\"target\":{\"@type\":\"EntryPoint\",\"urlTemplate\":\"https:\\\/\\\/www.solakauppa.fi\\\/?s={search_term_string}\"},\"query-input\":{\"@type\":\"PropertyValueSpecification\",\"valueRequired\":true,\"valueName\":\"search_term_string\"}}],\"inLanguage\":\"en-US\"},{\"@type\":\"Organization\",\"@id\":\"https:\\\/\\\/www.solakauppa.fi\\\/#organization\",\"name\":\"Solakauppa\",\"url\":\"https:\\\/\\\/www.solakauppa.fi\\\/\",\"logo\":{\"@type\":\"ImageObject\",\"inLanguage\":\"en-US\",\"@id\":\"https:\\\/\\\/www.solakauppa.fi\\\/#\\\/schema\\\/logo\\\/image\\\/\",\"url\":\"https:\\\/\\\/www.solakauppa.fi\\\/wp-content\\\/uploads\\\/2020\\\/06\\\/Sola-logo_solava\u0308ri.svg\",\"contentUrl\":\"https:\\\/\\\/www.solakauppa.fi\\\/wp-content\\\/uploads\\\/2020\\\/06\\\/Sola-logo_solava\u0308ri.svg\",\"caption\":\"Solakauppa\"},\"image\":{\"@id\":\"https:\\\/\\\/www.solakauppa.fi\\\/#\\\/schema\\\/logo\\\/image\\\/\"}}]}<\/script>\n<!-- \/ Yoast SEO plugin. -->","yoast_head_json":{"title":"Nokkosen Ihme -narusaippua | Sola","description":"Nokkosta, rypsi\u00f6ljy\u00e4 ja runsaasti aprikoosinsiemen\u00f6ljy\u00e4 sis\u00e4lt\u00e4v\u00e4 saippua. Sopii ihottumaan taipuvaiselle. Sis\u00e4lt\u00e4\u00e4 v\u00e4h\u00e4n mehil\u00e4isvahaa.","robots":{"index":"index","follow":"follow","max-snippet":"max-snippet:-1","max-image-preview":"max-image-preview:large","max-video-preview":"max-video-preview:-1"},"canonical":"https:\/\/www.solakauppa.fi\/en\/kauppa\/saippuat\/tuoksuvat\/nokkosen-ihme-naru\/","og_locale":"en_US","og_type":"article","og_title":"Nokkosen Ihme -narusaippua | Sola","og_description":"Nokkosta, rypsi\u00f6ljy\u00e4 ja runsaasti aprikoosinsiemen\u00f6ljy\u00e4 sis\u00e4lt\u00e4v\u00e4 saippua. Sopii ihottumaan taipuvaiselle. Sis\u00e4lt\u00e4\u00e4 v\u00e4h\u00e4n mehil\u00e4isvahaa.","og_url":"https:\/\/www.solakauppa.fi\/en\/kauppa\/saippuat\/tuoksuvat\/nokkosen-ihme-naru\/","og_site_name":"Sola","article_modified_time":"2025-01-06T17:22:54+00:00","og_image":[{"width":1000,"height":1000,"url":"https:\/\/www.solakauppa.fi\/wp-content\/uploads\/2020\/05\/Nokkosen-Ihme.png","type":"image\/png"}],"twitter_card":"summary_large_image","twitter_misc":{"Est. reading time":"1 minute"},"schema":{"@context":"https:\/\/schema.org","@graph":[{"@type":"WebPage","@id":"https:\/\/www.solakauppa.fi\/kauppa\/saippuat\/tuoksuvat\/nokkosen-ihme-naru\/","url":"https:\/\/www.solakauppa.fi\/kauppa\/saippuat\/tuoksuvat\/nokkosen-ihme-naru\/","name":"Nokkosen Ihme -narusaippua | Sola","isPartOf":{"@id":"https:\/\/www.solakauppa.fi\/#website"},"primaryImageOfPage":{"@id":"https:\/\/www.solakauppa.fi\/kauppa\/saippuat\/tuoksuvat\/nokkosen-ihme-naru\/#primaryimage"},"image":{"@id":"https:\/\/www.solakauppa.fi\/kauppa\/saippuat\/tuoksuvat\/nokkosen-ihme-naru\/#primaryimage"},"thumbnailUrl":"https:\/\/www.solakauppa.fi\/wp-content\/uploads\/2020\/05\/Nokkosen-Ihme.png","datePublished":"2020-05-13T13:16:01+00:00","dateModified":"2025-01-06T17:22:54+00:00","description":"Nokkosta, rypsi\u00f6ljy\u00e4 ja runsaasti aprikoosinsiemen\u00f6ljy\u00e4 sis\u00e4lt\u00e4v\u00e4 saippua. Sopii ihottumaan taipuvaiselle. Sis\u00e4lt\u00e4\u00e4 v\u00e4h\u00e4n mehil\u00e4isvahaa.","breadcrumb":{"@id":"https:\/\/www.solakauppa.fi\/kauppa\/saippuat\/tuoksuvat\/nokkosen-ihme-naru\/#breadcrumb"},"inLanguage":"en-US","potentialAction":[{"@type":"ReadAction","target":["https:\/\/www.solakauppa.fi\/kauppa\/saippuat\/tuoksuvat\/nokkosen-ihme-naru\/"]}]},{"@type":"ImageObject","inLanguage":"en-US","@id":"https:\/\/www.solakauppa.fi\/kauppa\/saippuat\/tuoksuvat\/nokkosen-ihme-naru\/#primaryimage","url":"https:\/\/www.solakauppa.fi\/wp-content\/uploads\/2020\/05\/Nokkosen-Ihme.png","contentUrl":"https:\/\/www.solakauppa.fi\/wp-content\/uploads\/2020\/05\/Nokkosen-Ihme.png","width":1000,"height":1000},{"@type":"BreadcrumbList","@id":"https:\/\/www.solakauppa.fi\/kauppa\/saippuat\/tuoksuvat\/nokkosen-ihme-naru\/#breadcrumb","itemListElement":[{"@type":"ListItem","position":1,"name":"Home","item":"https:\/\/www.solakauppa.fi\/"},{"@type":"ListItem","position":2,"name":"Solakauppa","item":"https:\/\/www.solakauppa.fi\/kauppa2\/"},{"@type":"ListItem","position":3,"name":"Nokkosen Ihme -narusaippua"}]},{"@type":"WebSite","@id":"https:\/\/www.solakauppa.fi\/#website","url":"https:\/\/www.solakauppa.fi\/","name":"Sola","description":"Suomalainen k\u00e4sintehty saippua","publisher":{"@id":"https:\/\/www.solakauppa.fi\/#organization"},"potentialAction":[{"@type":"SearchAction","target":{"@type":"EntryPoint","urlTemplate":"https:\/\/www.solakauppa.fi\/?s={search_term_string}"},"query-input":{"@type":"PropertyValueSpecification","valueRequired":true,"valueName":"search_term_string"}}],"inLanguage":"en-US"},{"@type":"Organization","@id":"https:\/\/www.solakauppa.fi\/#organization","name":"Sola Shop","url":"https:\/\/www.solakauppa.fi\/","logo":{"@type":"ImageObject","inLanguage":"en-US","@id":"https:\/\/www.solakauppa.fi\/#\/schema\/logo\/image\/","url":"https:\/\/www.solakauppa.fi\/wp-content\/uploads\/2020\/06\/Sola-logo_solava\u0308ri.svg","contentUrl":"https:\/\/www.solakauppa.fi\/wp-content\/uploads\/2020\/06\/Sola-logo_solava\u0308ri.svg","caption":"Solakauppa"},"image":{"@id":"https:\/\/www.solakauppa.fi\/#\/schema\/logo\/image\/"}}]}},"_links":{"self":[{"href":"https:\/\/www.solakauppa.fi\/en\/wp-json\/wp\/v2\/product\/2583","targetHints":{"allow":["GET"]}}],"collection":[{"href":"https:\/\/www.solakauppa.fi\/en\/wp-json\/wp\/v2\/product"}],"about":[{"href":"https:\/\/www.solakauppa.fi\/en\/wp-json\/wp\/v2\/types\/product"}],"replies":[{"embeddable":true,"href":"https:\/\/www.solakauppa.fi\/en\/wp-json\/wp\/v2\/comments?post=2583"}],"version-history":[{"count":1,"href":"https:\/\/www.solakauppa.fi\/en\/wp-json\/wp\/v2\/product\/2583\/revisions"}],"predecessor-version":[{"id":2594,"href":"https:\/\/www.solakauppa.fi\/en\/wp-json\/wp\/v2\/product\/2583\/revisions\/2594"}],"wp:featuredmedia":[{"embeddable":true,"href":"https:\/\/www.solakauppa.fi\/en\/wp-json\/wp\/v2\/media\/2663"}],"wp:attachment":[{"href":"https:\/\/www.solakauppa.fi\/en\/wp-json\/wp\/v2\/media?parent=2583"}],"wp:term":[{"taxonomy":"product_brand","embeddable":true,"href":"https:\/\/www.solakauppa.fi\/en\/wp-json\/wp\/v2\/product_brand?post=2583"},{"taxonomy":"product_cat","embeddable":true,"href":"https:\/\/www.solakauppa.fi\/en\/wp-json\/wp\/v2\/product_cat?post=2583"},{"taxonomy":"product_tag","embeddable":true,"href":"https:\/\/www.solakauppa.fi\/en\/wp-json\/wp\/v2\/product_tag?post=2583"}],"curies":[{"name":"wp","href":"https:\/\/api.w.org\/{rel}","templated":true}]}}