{"id":4840,"date":"2022-04-04T13:55:30","date_gmt":"2022-04-04T10:55:30","guid":{"rendered":"https:\/\/www.solakauppa.fi\/?page_id=4840"},"modified":"2022-04-04T15:03:48","modified_gmt":"2022-04-04T12:03:48","slug":"jalleenmyyjarek","status":"publish","type":"page","link":"https:\/\/www.solakauppa.fi\/en\/jalleenmyyjarek\/","title":{"rendered":"J\u00e4lleenmyyj\u00e4rekister\u00f6ityminen"},"content":{"rendered":"\t\t<div data-elementor-type=\"wp-page\" data-elementor-id=\"4840\" class=\"elementor elementor-4840\" data-elementor-post-type=\"page\">\n\t\t\t\t\t\t<section class=\"elementor-section elementor-top-section elementor-element elementor-element-b10124d elementor-section-boxed elementor-section-height-default elementor-section-height-default\" data-id=\"b10124d\" data-element_type=\"section\" data-e-type=\"section\">\n\t\t\t\t\t\t<div class=\"elementor-container elementor-column-gap-default\">\n\t\t\t\t\t<div class=\"elementor-column elementor-col-100 elementor-top-column elementor-element elementor-element-da72a7e\" data-id=\"da72a7e\" data-element_type=\"column\" data-e-type=\"column\">\n\t\t\t<div class=\"elementor-widget-wrap elementor-element-populated\">\n\t\t\t\t\t\t<div class=\"elementor-element elementor-element-78f254f elementor-widget elementor-widget-image\" data-id=\"78f254f\" data-element_type=\"widget\" data-e-type=\"widget\" data-widget_type=\"image.default\">\n\t\t\t\t<div class=\"elementor-widget-container\">\n\t\t\t\t\t\t\t\t\t\t\t\t\t\t\t<img decoding=\"async\" width=\"150\" height=\"150\" src=\"https:\/\/www.solakauppa.fi\/wp-content\/uploads\/2020\/10\/Solakkaruskea-150x150.png\" class=\"attachment-thumbnail size-thumbnail wp-image-3336\" alt=\"\" srcset=\"https:\/\/www.solakauppa.fi\/wp-content\/uploads\/2020\/10\/Solakkaruskea-150x150.png 150w, https:\/\/www.solakauppa.fi\/wp-content\/uploads\/2020\/10\/Solakkaruskea-300x300.png 300w, https:\/\/www.solakauppa.fi\/wp-content\/uploads\/2020\/10\/Solakkaruskea-400x400.png 400w, https:\/\/www.solakauppa.fi\/wp-content\/uploads\/2020\/10\/Solakkaruskea-100x100.png 100w, https:\/\/www.solakauppa.fi\/wp-content\/uploads\/2020\/10\/Solakkaruskea.png 554w\" sizes=\"(max-width: 150px) 100vw, 150px\" \/>\t\t\t\t\t\t\t\t\t\t\t\t\t\t\t<\/div>\n\t\t\t\t<\/div>\n\t\t\t\t\t<\/div>\n\t\t<\/div>\n\t\t\t\t\t<\/div>\n\t\t<\/section>\n\t\t\t\t<section class=\"elementor-section elementor-top-section elementor-element elementor-element-d3503c6 elementor-section-boxed elementor-section-height-default elementor-section-height-default\" data-id=\"d3503c6\" data-element_type=\"section\" data-e-type=\"section\">\n\t\t\t\t\t\t<div class=\"elementor-container elementor-column-gap-default\">\n\t\t\t\t\t<div class=\"elementor-column elementor-col-100 elementor-top-column elementor-element elementor-element-67f20a6\" data-id=\"67f20a6\" data-element_type=\"column\" data-e-type=\"column\">\n\t\t\t<div class=\"elementor-widget-wrap elementor-element-populated\">\n\t\t\t\t\t\t<div class=\"elementor-element elementor-element-c7a34d6 elementor-widget elementor-widget-heading\" data-id=\"c7a34d6\" data-element_type=\"widget\" data-e-type=\"widget\" data-widget_type=\"heading.default\">\n\t\t\t\t<div class=\"elementor-widget-container\">\n\t\t\t\t\t<h2 class=\"elementor-heading-title elementor-size-default\">Rekister\u00f6idy Solasaippuan j\u00e4lleenmyyjien verkkokauppaan<\/h2>\t\t\t\t<\/div>\n\t\t\t\t<\/div>\n\t\t\t\t\t<\/div>\n\t\t<\/div>\n\t\t\t\t\t<\/div>\n\t\t<\/section>\n\t\t\t\t<section class=\"elementor-section elementor-top-section elementor-element elementor-element-9cb8602 elementor-section-boxed elementor-section-height-default elementor-section-height-default\" data-id=\"9cb8602\" data-element_type=\"section\" data-e-type=\"section\">\n\t\t\t\t\t\t<div class=\"elementor-container elementor-column-gap-default\">\n\t\t\t\t\t<div class=\"elementor-column elementor-col-100 elementor-top-column elementor-element elementor-element-04c398c\" data-id=\"04c398c\" data-element_type=\"column\" data-e-type=\"column\">\n\t\t\t<div class=\"elementor-widget-wrap elementor-element-populated\">\n\t\t\t\t\t\t<div class=\"elementor-element elementor-element-bf01a57 elementor-widget elementor-widget-text-editor\" data-id=\"bf01a57\" data-element_type=\"widget\" data-e-type=\"widget\" data-widget_type=\"text-editor.default\">\n\t\t\t\t<div class=\"elementor-widget-container\">\n\t\t\t\t\t\t\t\t\t<p>Tee j\u00e4lleenmyyj\u00e4tilauksistasi helppoja ja vaivattomia! T\u00e4ll\u00e4 kaavakkeella voit rekister\u00f6ity\u00e4 j\u00e4lleenmyyj\u00e4ksi Solakauppaan.&nbsp;<\/p><p><span style=\"font-family: var( --e-global-typography-text-font-family ), Sans-serif; font-size: 1rem;\"><br><\/span><\/p><p><span style=\"font-family: var( --e-global-typography-text-font-family ), Sans-serif; font-size: 1rem;\">Rekister\u00f6idytty\u00e4si voit kirjautua sis\u00e4\u00e4n verkkokauppaan oikeasta yl\u00e4kulmasta l\u00f6ytyv\u00e4st\u00e4 &#8221;Oma tili&#8221; -painikkeesta, jolloin saat n\u00e4kyviin j\u00e4lleenmyyj\u00e4hinnat.&nbsp;<\/span><br><\/p>\t\t\t\t\t\t\t\t<\/div>\n\t\t\t\t<\/div>\n\t\t\t\t\t<\/div>\n\t\t<\/div>\n\t\t\t\t\t<\/div>\n\t\t<\/section>\n\t\t\t\t<section class=\"elementor-section elementor-top-section elementor-element elementor-element-3d09311 elementor-section-boxed elementor-section-height-default elementor-section-height-default\" data-id=\"3d09311\" data-element_type=\"section\" data-e-type=\"section\">\n\t\t\t\t\t\t<div class=\"elementor-container elementor-column-gap-default\">\n\t\t\t\t\t<div class=\"elementor-column elementor-col-100 elementor-top-column elementor-element elementor-element-06c383f\" data-id=\"06c383f\" data-element_type=\"column\" data-e-type=\"column\">\n\t\t\t<div class=\"elementor-widget-wrap elementor-element-populated\">\n\t\t\t\t\t\t<div class=\"elementor-element elementor-element-535c0b6 elementor-widget elementor-widget-shortcode\" data-id=\"535c0b6\" data-element_type=\"widget\" data-e-type=\"widget\" data-widget_type=\"shortcode.default\">\n\t\t\t\t<div class=\"elementor-widget-container\">\n\t\t\t\t\t\t\t<div class=\"elementor-shortcode\">\t\t\t<style type=\"text\/css\">\n\t\t\t\/* Enter Your Custom CSS Here *\/\t\t\t<\/style>\n\t\t\t\t\t<div class=\"wwp_wholesaler_registration\">\n\t\t\t<h2 class=\"wholesaler-registration\">\n\t\t\t\tRegistration\t\t\t<\/h2>\n\t\t\t\t\t\t\t\t\t\t\t\t\t\t\t\t<form method=\"post\" class=\"wwp_wholesaler_registration_form\" action=\"\" enctype=\"multipart\/form-data\">\n\t\t\t\t<input type=\"hidden\" id=\"wwp_wholesale_registrattion_nonce\" name=\"wwp_wholesale_registrattion_nonce\" value=\"10da5f5323\" \/><input type=\"hidden\" name=\"_wp_http_referer\" value=\"\/en\/wp-json\/wp\/v2\/pages\/4840\" \/>\n<p class=\" woocommerce-form-row woocommerce-form-row--wide form-row form-row-wide wwp_form_css_row \">\n\t<label for=\"wwp_wholesaler_username\">Username<span class=\"required\">*<\/span><\/label>\n\t<input type=\"text\" name=\"wwp_wholesaler_username\" id=\"wwp_wholesaler_username\" value=\"\" required>\n<\/p>\n\n<p class=\" woocommerce-form-row woocommerce-form-row--wide form-row form-row-wide wwp_form_css_row \">\n\t<label for=\"wwp_wholesaler_email\">Email<span class=\"required\">*<\/span><\/label>\n\t<input type=\"email\" name=\"wwp_wholesaler_email\" id=\"wwp_wholesaler_email\" value=\"\" required>\n<\/p>\n\n<p class=\" woocommerce-form-row woocommerce-form-row--wide form-row form-row-wide wwp_form_css_row \">\n\t<label for=\"wwp_wholesaler_password\">Password<span class=\"required\">*<\/span><\/label>\n\t<span class=\"wwp-password-wrapper\">\n\t\t<input type=\"password\" name=\"wwp_wholesaler_password\" id=\"wwp_wholesaler_password\"  minlength=\"8\" required>\n\t\t<span class=\"wwp-password-toggle\">\ud83d\udc41\ufe0f<\/span>\n\t<\/span>\n<\/p>\n\n\t<p class=\" woocommerce-form-row woocommerce-form-row--wide form-row form-row-wide wwp_form_css_row \">\n\t\t<label for=\"reg_password2\">Confirm Password<span class=\"required\">*<\/span><\/label>\n\t\t<span class=\"wwp-password-wrapper\">\n\t\t\t<input type=\"password\" name=\"password2\" id=\"reg_password2\" minlength=\"8\" required value=\"\">\n\t\t\t<span class=\"wwp-confirm-password-toggle\">\ud83d\udc41\ufe0f<\/span>\n\t\t<\/span>\n\t<\/p>\n\n\t<h2>Customer billing address<\/h2>\n\t\t\t<p class=\" woocommerce-form-row woocommerce-form-row--wide form-row form-row-wide wwp_form_css_row \">\n\t\t\t<label for=\"wwp_wholesaler_fname\"> Etunimi <span class=\"optional\">(optional)<\/span><\/label>\n\t\t\t<input type=\"text\" name=\"wwp_wholesaler_fname\" id=\"wwp_wholesaler_fname\" value=\"\" >\n\t\t<\/p>\n\n\t\t\t\t<p class=\" woocommerce-form-row woocommerce-form-row--wide form-row form-row-wide wwp_form_css_row \">\n\t\t\t<label for=\"wwp_wholesaler_lname\">Sukunimi <span class=\"optional\">(optional)<\/span><\/label>\n\t\t\t<input type=\"text\" name=\"wwp_wholesaler_lname\" id=\"wwp_wholesaler_lname\" value=\"\" >\n\t\t<\/p>\n\n\t\t\t\t<p class=\" woocommerce-form-row woocommerce-form-row--wide form-row form-row-wide wwp_form_css_row \">\n\t\t\t<label for=\"wwp_wholesaler_company\">Yrityksen nimi <span class=\"optional\">(optional)<\/span><\/label>\n\t\t\t<input type=\"text\" name=\"wwp_wholesaler_company\" id=\"wwp_wholesaler_company\" value=\"\"  >\n\t\t<\/p>\n\n\t\t\t\t<p class=\" woocommerce-form-row woocommerce-form-row--wide form-row form-row-wide wwp_form_css_row \">\n\t\t\t<label for=\"wwp_wholesaler_address_line_1\">Katusoite <span class=\"optional\">(optional)<\/span><\/label>\n\t\t\t<input type=\"text\" name=\"wwp_wholesaler_address_line_1\" id=\"wwp_wholesaler_address_line_1\" value=\"\" >\n\t\t<\/p>\n\n\t\t\t\t<p class=\" woocommerce-form-row woocommerce-form-row--wide form-row form-row-wide wwp_form_css_row \">\n\t\t\t<label for=\"wwp_wholesaler_city\">Postitoimipaikka<span class=\"optional\">(optional)<\/span><\/label>\n\t\t\t<input type=\"text\" name=\"wwp_wholesaler_city\" id=\"wwp_wholesaler_city\" value=\"\" >\n\t\t<\/p>\n\n\t\t\t\t<p class=\" woocommerce-form-row woocommerce-form-row--wide form-row form-row-wide wwp_form_css_row \">\n\t\t\t<label for=\"wwp_wholesaler_post_code\">Postinumero <span class=\"optional\">(optional)<\/span><\/label>\n\t\t\t<input type=\"text\" name=\"wwp_wholesaler_post_code\" id=\"wwp_wholesaler_post_code\" value=\"\" >\n\t\t<\/p>\n\t\t\t<div class=\"parent\">\n\t\t\t<\/div>\n\t\t\t<p class=\" woocommerce-form-row woocommerce-form-row--wide form-row form-row-wide wwp_form_css_row \">\n\t\t\t<label for=\"wwp_wholesaler_phone\">Puhelinnumero <span class=\"optional\">(optional)<\/span><\/label>\n\t\t\t<input type=\"text\" name=\"wwp_wholesaler_phone\" id=\"wwp_wholesaler_phone\" value=\"\"  >\n\t\t<\/p>\n\n\t\t\t<h2>Customer shipping address<\/h2>\n\t<p class=\" woocommerce-form-row woocommerce-form-row--wide form-row form-row-wide wwp_form_css_row wwp-shipping-address\">\n\t\t<label for=\"wwp_wholesaler_copy_billing_address\">Copy from billing address<\/label>\n\t\t<input type=\"checkbox\" name=\"wwp_wholesaler_copy_billing_address\" id=\"wwp_wholesaler_copy_billing_address\" value=\"yes\" >\n\t<\/p>\n\t<div id=\"wholesaler_shipping_address\">\n\t\t\t\t<p class=\" woocommerce-form-row woocommerce-form-row--wide form-row form-row-wide wwp_form_css_row \">\n\t\t\t\t<label for=\"wwp_wholesaler_shipping_lname\">Etunimi <span class=\"optional\">(optional)<\/span><\/label>\n\t\t\t\t<input type=\"text\" name=\"wwp_wholesaler_shipping_fname\" id=\"wwp_wholesaler_shipping_fname\"value=\"\" >\n\t\t\t<\/p>\n\n\t\t\t\t\t<p class=\" woocommerce-form-row woocommerce-form-row--wide form-row form-row-wide wwp_form_css_row \">\n\t\t\t\t<label for=\"wwp_wholesaler_shipping_fname\"> Sukunimi <span class=\"optional\">(optional)<\/span> <\/label>\n\t\t\t\t<input type=\"text\" name=\"wwp_wholesaler_shipping_lname\" id=\"wwp_wholesaler_shipping_lname\"value=\"\"  >\n\t\t\t<\/p>\n\n\t\t\t\t\t<p class=\" woocommerce-form-row woocommerce-form-row--wide form-row form-row-wide wwp_form_css_row \">\n\t\t\t\t<label for=\"wwp_wholesaler_shipping_company\">Yritys <span class=\"optional\">(optional)<\/span><\/label>\n\t\t\t\t<input type=\"text\" name=\"wwp_wholesaler_shipping_company\" id=\"wwp_wholesaler_shipping_company\" value=\"\"  >\n\t\t\t<\/p>\n\n\t\t\t\t\t<p class=\" woocommerce-form-row woocommerce-form-row--wide form-row form-row-wide wwp_form_css_row \">\n\t\t\t\t<label for=\"wwp_wholesaler_shipping_address_line_1\">Osoite <span class=\"optional\">(optional)<\/span><\/label>\n\t\t\t\t<input type=\"text\" name=\"wwp_wholesaler_shipping_address_line_1\" id=\"wwp_wholesaler_shipping_address_line_1\" value=\"\"  >\n\t\t\t<\/p>\n\n\t\t\t\t\t<p class=\" woocommerce-form-row woocommerce-form-row--wide form-row form-row-wide wwp_form_css_row \">\n\t\t\t\t<label for=\"wwp_wholesaler_shipping_city\">Postitoimipaikka <span class=\"optional\">(optional)<\/span><\/label>\n\t\t\t\t<input type=\"text\" name=\"wwp_wholesaler_shipping_city\" id=\"wwp_wholesaler_shipping_city\" value=\"\"  >\n\t\t\t<\/p>\n\n\t\t\t\t\t<p class=\" woocommerce-form-row woocommerce-form-row--wide form-row form-row-wide wwp_form_css_row \">\n\t\t\t\t<label for=\"wwp_wholesaler_shipping_post_code\">Postinumero<span class=\"optional\">(optional)<\/span><\/label>\n\t\t\t\t<input type=\"text\" name=\"wwp_wholesaler_shipping_post_code\" id=\"wwp_wholesaler_shipping_post_code\" value=\"\" >\n\t\t\t<\/p>\n\n\t\t\t\t\t<div class=\"parent\">\n\t\t\t<\/div>\n\t<\/div>\n\t\t<p class=\" woocommerce-form-row woocommerce-form-row--wide form-row form-row-wide wwp_form_css_row \">\n\t\t<label for=\"wwp_wholesaler_tax_id\">\n\tY-tunnus\t<span class=\"required\">*<\/span>\t\t<\/label>\n\t\t<input type=\"text\" name=\"wwp_wholesaler_tax_id\" id=\"wwp_wholesaler_tax_id\" value=\"\" required>\n\t<\/p>\n\n\t\t\t<div id=\"container-wrap\">\n\t\t\t<div class=\"render-wrap\"><\/div>\n\t\t\t<input type=\"hidden\" name=\"wwp_form_data_json\" id=\"wwp_form_data_json\"  value=\"\">\n\t\t<\/div>\n\t\t<script>\n\t\t\tjQuery( document ).ready(function($) {\n\t\t\t\t\t\t\t\t\t\tformData = [];\n\t\t\t\t\t \n\t\t\t\t\t\twwp_filter_css = \" woocommerce-form-row wwp_form_css_row \";        \n\t\t\trender_wrap = jQuery('.render-wrap').formRender({\n\t\t\t\tformData,\n\t\t\t\tlayoutTemplates: {\n\t\t\t\t\tdefault: function( field, label, help, data ) {\n\t\t\t\t\t\tif ( data.type == 'checkbox-group' ) {\n\t\t\t\t\t\t\tif ( data.values.length ) {\n\t\t\t\t\t\t\t\tfor( var i in data.values ) {\n\t\t\t\t\t\t\t\t\tif ( typeof data.values[i] !== \"undefined\" ) {\n\t\t\t\t\t\t\t\t\t\tif ( typeof data.userData != \"undefined\" ) {\n\t\t\t\t\t\t\t\t\t\t\tif ( Object.values(data.userData).indexOf(data.values[i].value) != -1 ) {\n\t\t\t\t\t\t\t\t\t\t\t\tfield.querySelector(`input[value=\"${data.values[i].value}\"]`).checked = true;\n\t\t\t\t\t\t\t\t\t\t\t}\n\t\t\t\t\t\t\t\t\t\t}\n\t\t\t\t\t\t\t\t\t}\n\t\t\t\t\t\t\t\t}\n\t\t\t\t\t\t\t}\n\t\t\t\t\t\t}\n\n\t\t\t\t\t\tif ( data.type == 'checkbox-group' || data.type == 'radio-group') {\n\t\t\t\t\t\t\treturn $('<p\/>').addClass(wwp_filter_css).append(label, field, help);\n\t\t\t\t\t\t} else {\n\t\t\t\t\t\t\treturn $('<p\/>').addClass(wwp_filter_css +\" form-row\").append(label, field, help);\n\t\t\t\t\t\t}\n\t\t\t\t\t}\n\t\t\t\t},\n\t\t\t});\n\t\t\tjQuery(\"input,textarea\").keyup(function() { \n\t\t\t\twwp_set_json_to_hidden_field(); \n\t\t\t});\n\t\t\tjQuery(\"select,input,textarea\").change(function() { \n\t\t\t\twwp_set_json_to_hidden_field(); \n\t\t\t});\n\t\t\tjQuery(\"ul.formbuilder-autocomplete-list li\").click(function(){ \n\t\t\t\twwp_set_json_to_hidden_field();\n\t\t\t});\n\t\t\tjQuery(\"input,textarea\").on(\"input paste\", function() { \n\t\t\t\twwp_set_json_to_hidden_field();\n\t\t\t});\n\t\t\t \n\t\t\tfunction wwp_set_json_to_hidden_field() { \n\t\t\t\tjQuery('#wwp_form_data_json').val(window.JSON.stringify(jQuery(render_wrap).formRender(\"userData\")));\n\t\t\t\treturn true;\n\t\t\t}\n\t\t\t \n\t\t\twwp_set_json_to_hidden_field();\n\t\t\t \n\t\t\t\t\tjQuery('.formBuilder-injected-style').remove();\n\t\t\tjQuery('#row-row--wide').removeClass(\"row\");\n\t\t\t \n\t\t\t\t\t \n\t\t\t});\n\t\t<\/script>\n\t\t<p class=\" woocommerce-form-row woocommerce-form-row--wide form-row form-row-wide wwp_form_css_row \">\n<\/p>\n\n<p class=\"woocomerce-FormRow form-row\">\n\t<input type=\"submit\" class=\"woocommerce-Button button\" id=\"register\" name=\"wwp_register\" value=\"Register\">\n<\/p>\n\n\t\t\t<\/form>\n\t\t<\/div>\n\t\t\t\t\t\t\t<script>\n\t\t\t\tjQuery('#billing_country').trigger('change');\n\t\t\t<\/script>\n\t\t<\/div>\n\t\t\t\t\t\t<\/div>\n\t\t\t\t<\/div>\n\t\t\t\t\t<\/div>\n\t\t<\/div>\n\t\t\t\t\t<\/div>\n\t\t<\/section>\n\t\t\t\t<\/div>\n\t\t","protected":false},"excerpt":{"rendered":"<p>Rekister\u00f6idy Solasaippuan j\u00e4lleenmyyjien verkkokauppaan Tee j\u00e4lleenmyyj\u00e4tilauksistasi helppoja ja vaivattomia! T\u00e4ll\u00e4 kaavakkeella voit rekister\u00f6ity\u00e4 j\u00e4lleenmyyj\u00e4ksi Solakauppaan.&nbsp; Rekister\u00f6idytty\u00e4si voit kirjautua sis\u00e4\u00e4n verkkokauppaan oikeasta yl\u00e4kulmasta l\u00f6ytyv\u00e4st\u00e4 &#8221;Oma tili&#8221; -painikkeesta, jolloin saat n\u00e4kyviin j\u00e4lleenmyyj\u00e4hinnat.&nbsp;<\/p>","protected":false},"author":142,"featured_media":0,"parent":0,"menu_order":0,"comment_status":"closed","ping_status":"closed","template":"","meta":{"_monsterinsights_skip_tracking":false,"_monsterinsights_sitenote_active":false,"_monsterinsights_sitenote_note":"","_monsterinsights_sitenote_category":0,"footnotes":""},"class_list":["post-4840","page","type-page","status-publish","hentry"],"yoast_head":"<!-- This site is optimized with the Yoast SEO plugin v27.3 - https:\/\/yoast.com\/product\/yoast-seo-wordpress\/ -->\n<title>J\u00e4lleenmyyj\u00e4rekister\u00f6ityminen | Sola<\/title>\n<meta name=\"robots\" content=\"index, follow, max-snippet:-1, max-image-preview:large, max-video-preview:-1\" \/>\n<link rel=\"canonical\" href=\"https:\/\/www.solakauppa.fi\/en\/jalleenmyyjarek\/\" \/>\n<meta property=\"og:locale\" content=\"en_US\" \/>\n<meta property=\"og:type\" content=\"article\" \/>\n<meta property=\"og:title\" content=\"J\u00e4lleenmyyj\u00e4rekister\u00f6ityminen | Sola\" \/>\n<meta property=\"og:description\" content=\"Rekister\u00f6idy Solasaippuan j\u00e4lleenmyyjien verkkokauppaan Tee j\u00e4lleenmyyj\u00e4tilauksistasi helppoja ja vaivattomia! T\u00e4ll\u00e4 kaavakkeella voit rekister\u00f6ity\u00e4 j\u00e4lleenmyyj\u00e4ksi Solakauppaan.&nbsp; Rekister\u00f6idytty\u00e4si voit kirjautua sis\u00e4\u00e4n verkkokauppaan oikeasta yl\u00e4kulmasta l\u00f6ytyv\u00e4st\u00e4 &#8221;Oma tili&#8221; -painikkeesta, jolloin saat n\u00e4kyviin j\u00e4lleenmyyj\u00e4hinnat.&nbsp;\" \/>\n<meta property=\"og:url\" content=\"https:\/\/www.solakauppa.fi\/en\/jalleenmyyjarek\/\" \/>\n<meta property=\"og:site_name\" content=\"Sola\" \/>\n<meta property=\"article:modified_time\" content=\"2022-04-04T12:03:48+00:00\" \/>\n<meta property=\"og:image\" content=\"https:\/\/www.solakauppa.fi\/wp-content\/uploads\/2020\/10\/Solakkaruskea-150x150.png\" \/>\n<meta name=\"twitter:card\" content=\"summary_large_image\" \/>\n<meta name=\"twitter:label1\" content=\"Est. reading time\" \/>\n\t<meta name=\"twitter:data1\" content=\"2 minutes\" \/>\n<script type=\"application\/ld+json\" class=\"yoast-schema-graph\">{\"@context\":\"https:\\\/\\\/schema.org\",\"@graph\":[{\"@type\":\"WebPage\",\"@id\":\"https:\\\/\\\/www.solakauppa.fi\\\/jalleenmyyjarek\\\/\",\"url\":\"https:\\\/\\\/www.solakauppa.fi\\\/jalleenmyyjarek\\\/\",\"name\":\"J\u00e4lleenmyyj\u00e4rekister\u00f6ityminen | Sola\",\"isPartOf\":{\"@id\":\"https:\\\/\\\/www.solakauppa.fi\\\/#website\"},\"primaryImageOfPage\":{\"@id\":\"https:\\\/\\\/www.solakauppa.fi\\\/jalleenmyyjarek\\\/#primaryimage\"},\"image\":{\"@id\":\"https:\\\/\\\/www.solakauppa.fi\\\/jalleenmyyjarek\\\/#primaryimage\"},\"thumbnailUrl\":\"https:\\\/\\\/www.solakauppa.fi\\\/wp-content\\\/uploads\\\/2020\\\/10\\\/Solakkaruskea-150x150.png\",\"datePublished\":\"2022-04-04T10:55:30+00:00\",\"dateModified\":\"2022-04-04T12:03:48+00:00\",\"breadcrumb\":{\"@id\":\"https:\\\/\\\/www.solakauppa.fi\\\/jalleenmyyjarek\\\/#breadcrumb\"},\"inLanguage\":\"en-US\",\"potentialAction\":[{\"@type\":\"ReadAction\",\"target\":[\"https:\\\/\\\/www.solakauppa.fi\\\/jalleenmyyjarek\\\/\"]}]},{\"@type\":\"ImageObject\",\"inLanguage\":\"en-US\",\"@id\":\"https:\\\/\\\/www.solakauppa.fi\\\/jalleenmyyjarek\\\/#primaryimage\",\"url\":\"https:\\\/\\\/www.solakauppa.fi\\\/wp-content\\\/uploads\\\/2020\\\/10\\\/Solakkaruskea-150x150.png\",\"contentUrl\":\"https:\\\/\\\/www.solakauppa.fi\\\/wp-content\\\/uploads\\\/2020\\\/10\\\/Solakkaruskea-150x150.png\"},{\"@type\":\"BreadcrumbList\",\"@id\":\"https:\\\/\\\/www.solakauppa.fi\\\/jalleenmyyjarek\\\/#breadcrumb\",\"itemListElement\":[{\"@type\":\"ListItem\",\"position\":1,\"name\":\"Home\",\"item\":\"https:\\\/\\\/www.solakauppa.fi\\\/\"},{\"@type\":\"ListItem\",\"position\":2,\"name\":\"J\u00e4lleenmyyj\u00e4rekister\u00f6ityminen\"}]},{\"@type\":\"WebSite\",\"@id\":\"https:\\\/\\\/www.solakauppa.fi\\\/#website\",\"url\":\"https:\\\/\\\/www.solakauppa.fi\\\/\",\"name\":\"Sola\",\"description\":\"Suomalainen k\u00e4sintehty saippua\",\"publisher\":{\"@id\":\"https:\\\/\\\/www.solakauppa.fi\\\/#organization\"},\"potentialAction\":[{\"@type\":\"SearchAction\",\"target\":{\"@type\":\"EntryPoint\",\"urlTemplate\":\"https:\\\/\\\/www.solakauppa.fi\\\/?s={search_term_string}\"},\"query-input\":{\"@type\":\"PropertyValueSpecification\",\"valueRequired\":true,\"valueName\":\"search_term_string\"}}],\"inLanguage\":\"en-US\"},{\"@type\":\"Organization\",\"@id\":\"https:\\\/\\\/www.solakauppa.fi\\\/#organization\",\"name\":\"Solakauppa\",\"url\":\"https:\\\/\\\/www.solakauppa.fi\\\/\",\"logo\":{\"@type\":\"ImageObject\",\"inLanguage\":\"en-US\",\"@id\":\"https:\\\/\\\/www.solakauppa.fi\\\/#\\\/schema\\\/logo\\\/image\\\/\",\"url\":\"https:\\\/\\\/www.solakauppa.fi\\\/wp-content\\\/uploads\\\/2020\\\/06\\\/Sola-logo_solava\u0308ri.svg\",\"contentUrl\":\"https:\\\/\\\/www.solakauppa.fi\\\/wp-content\\\/uploads\\\/2020\\\/06\\\/Sola-logo_solava\u0308ri.svg\",\"caption\":\"Solakauppa\"},\"image\":{\"@id\":\"https:\\\/\\\/www.solakauppa.fi\\\/#\\\/schema\\\/logo\\\/image\\\/\"}}]}<\/script>\n<!-- \/ Yoast SEO plugin. -->","yoast_head_json":{"title":"J\u00e4lleenmyyj\u00e4rekister\u00f6ityminen | Sola","robots":{"index":"index","follow":"follow","max-snippet":"max-snippet:-1","max-image-preview":"max-image-preview:large","max-video-preview":"max-video-preview:-1"},"canonical":"https:\/\/www.solakauppa.fi\/en\/jalleenmyyjarek\/","og_locale":"en_US","og_type":"article","og_title":"J\u00e4lleenmyyj\u00e4rekister\u00f6ityminen | Sola","og_description":"Rekister\u00f6idy Solasaippuan j\u00e4lleenmyyjien verkkokauppaan Tee j\u00e4lleenmyyj\u00e4tilauksistasi helppoja ja vaivattomia! T\u00e4ll\u00e4 kaavakkeella voit rekister\u00f6ity\u00e4 j\u00e4lleenmyyj\u00e4ksi Solakauppaan.&nbsp; Rekister\u00f6idytty\u00e4si voit kirjautua sis\u00e4\u00e4n verkkokauppaan oikeasta yl\u00e4kulmasta l\u00f6ytyv\u00e4st\u00e4 &#8221;Oma tili&#8221; -painikkeesta, jolloin saat n\u00e4kyviin j\u00e4lleenmyyj\u00e4hinnat.&nbsp;","og_url":"https:\/\/www.solakauppa.fi\/en\/jalleenmyyjarek\/","og_site_name":"Sola","article_modified_time":"2022-04-04T12:03:48+00:00","og_image":[{"url":"https:\/\/www.solakauppa.fi\/wp-content\/uploads\/2020\/10\/Solakkaruskea-150x150.png","type":"","width":"","height":""}],"twitter_card":"summary_large_image","twitter_misc":{"Est. reading time":"2 minutes"},"schema":{"@context":"https:\/\/schema.org","@graph":[{"@type":"WebPage","@id":"https:\/\/www.solakauppa.fi\/jalleenmyyjarek\/","url":"https:\/\/www.solakauppa.fi\/jalleenmyyjarek\/","name":"J\u00e4lleenmyyj\u00e4rekister\u00f6ityminen | Sola","isPartOf":{"@id":"https:\/\/www.solakauppa.fi\/#website"},"primaryImageOfPage":{"@id":"https:\/\/www.solakauppa.fi\/jalleenmyyjarek\/#primaryimage"},"image":{"@id":"https:\/\/www.solakauppa.fi\/jalleenmyyjarek\/#primaryimage"},"thumbnailUrl":"https:\/\/www.solakauppa.fi\/wp-content\/uploads\/2020\/10\/Solakkaruskea-150x150.png","datePublished":"2022-04-04T10:55:30+00:00","dateModified":"2022-04-04T12:03:48+00:00","breadcrumb":{"@id":"https:\/\/www.solakauppa.fi\/jalleenmyyjarek\/#breadcrumb"},"inLanguage":"en-US","potentialAction":[{"@type":"ReadAction","target":["https:\/\/www.solakauppa.fi\/jalleenmyyjarek\/"]}]},{"@type":"ImageObject","inLanguage":"en-US","@id":"https:\/\/www.solakauppa.fi\/jalleenmyyjarek\/#primaryimage","url":"https:\/\/www.solakauppa.fi\/wp-content\/uploads\/2020\/10\/Solakkaruskea-150x150.png","contentUrl":"https:\/\/www.solakauppa.fi\/wp-content\/uploads\/2020\/10\/Solakkaruskea-150x150.png"},{"@type":"BreadcrumbList","@id":"https:\/\/www.solakauppa.fi\/jalleenmyyjarek\/#breadcrumb","itemListElement":[{"@type":"ListItem","position":1,"name":"Home","item":"https:\/\/www.solakauppa.fi\/"},{"@type":"ListItem","position":2,"name":"J\u00e4lleenmyyj\u00e4rekister\u00f6ityminen"}]},{"@type":"WebSite","@id":"https:\/\/www.solakauppa.fi\/#website","url":"https:\/\/www.solakauppa.fi\/","name":"Sola","description":"Suomalainen k\u00e4sintehty saippua","publisher":{"@id":"https:\/\/www.solakauppa.fi\/#organization"},"potentialAction":[{"@type":"SearchAction","target":{"@type":"EntryPoint","urlTemplate":"https:\/\/www.solakauppa.fi\/?s={search_term_string}"},"query-input":{"@type":"PropertyValueSpecification","valueRequired":true,"valueName":"search_term_string"}}],"inLanguage":"en-US"},{"@type":"Organization","@id":"https:\/\/www.solakauppa.fi\/#organization","name":"Sola Shop","url":"https:\/\/www.solakauppa.fi\/","logo":{"@type":"ImageObject","inLanguage":"en-US","@id":"https:\/\/www.solakauppa.fi\/#\/schema\/logo\/image\/","url":"https:\/\/www.solakauppa.fi\/wp-content\/uploads\/2020\/06\/Sola-logo_solava\u0308ri.svg","contentUrl":"https:\/\/www.solakauppa.fi\/wp-content\/uploads\/2020\/06\/Sola-logo_solava\u0308ri.svg","caption":"Solakauppa"},"image":{"@id":"https:\/\/www.solakauppa.fi\/#\/schema\/logo\/image\/"}}]}},"_links":{"self":[{"href":"https:\/\/www.solakauppa.fi\/en\/wp-json\/wp\/v2\/pages\/4840","targetHints":{"allow":["GET"]}}],"collection":[{"href":"https:\/\/www.solakauppa.fi\/en\/wp-json\/wp\/v2\/pages"}],"about":[{"href":"https:\/\/www.solakauppa.fi\/en\/wp-json\/wp\/v2\/types\/page"}],"author":[{"embeddable":true,"href":"https:\/\/www.solakauppa.fi\/en\/wp-json\/wp\/v2\/users\/142"}],"replies":[{"embeddable":true,"href":"https:\/\/www.solakauppa.fi\/en\/wp-json\/wp\/v2\/comments?post=4840"}],"version-history":[{"count":12,"href":"https:\/\/www.solakauppa.fi\/en\/wp-json\/wp\/v2\/pages\/4840\/revisions"}],"predecessor-version":[{"id":4857,"href":"https:\/\/www.solakauppa.fi\/en\/wp-json\/wp\/v2\/pages\/4840\/revisions\/4857"}],"wp:attachment":[{"href":"https:\/\/www.solakauppa.fi\/en\/wp-json\/wp\/v2\/media?parent=4840"}],"curies":[{"name":"wp","href":"https:\/\/api.w.org\/{rel}","templated":true}]}}