{"id":445,"date":"2017-01-17T10:51:02","date_gmt":"2017-01-17T08:51:02","guid":{"rendered":"http:\/\/www.solakauppa.fi\/?page_id=445"},"modified":"2022-09-30T09:56:07","modified_gmt":"2022-09-30T06:56:07","slug":"toimitusehdot","status":"publish","type":"page","link":"https:\/\/www.solakauppa.fi\/en\/toimitusehdot\/","title":{"rendered":"Terms of Delivery"},"content":{"rendered":"<div data-elementor-type=\"wp-page\" data-elementor-id=\"445\" class=\"elementor elementor-445\" data-elementor-post-type=\"page\">\n\t\t\t\t\t\t<section class=\"elementor-section elementor-top-section elementor-element elementor-element-3bebfb60 elementor-section-boxed elementor-section-height-default elementor-section-height-default\" data-id=\"3bebfb60\" data-element_type=\"section\" data-e-type=\"section\">\n\t\t\t\t\t\t<div class=\"elementor-container elementor-column-gap-default\">\n\t\t\t\t\t<div class=\"elementor-column elementor-col-100 elementor-top-column elementor-element elementor-element-16a630ff\" data-id=\"16a630ff\" data-element_type=\"column\" data-e-type=\"column\">\n\t\t\t<div class=\"elementor-widget-wrap elementor-element-populated\">\n\t\t\t\t\t\t<div class=\"elementor-element elementor-element-167a7a14 elementor-widget elementor-widget-text-editor\" data-id=\"167a7a14\" data-element_type=\"widget\" data-e-type=\"widget\" data-widget_type=\"text-editor.default\">\n\t\t\t\t<div class=\"elementor-widget-container\">\n\t\t\t\t\t\t\t\t\t<h2>Verkkokaupan toimitusehdot lyhyesti:<\/h2>\n<p>* L\u00e4het\u00e4mme tuotteet tavallisesti 2 &#8211; 5 t\u00e4yden arkip\u00e4iv\u00e4n sis\u00e4ll\u00e4 tilauksen tekemisest\u00e4.<\/p>\n<p>* Tuotteilla on&nbsp;kuluttajansuojalain mukainen&nbsp;14 vuorokauden palautusoikeus. Oikeus koskee ainoastaan avaamattomia, k\u00e4ytt\u00e4m\u00e4tt\u00f6mi\u00e4 ja myyntikelpoisia tuotteita.<br>* Verkkokauppaan tehtyihin maksettuihin tilauksiin ei ole mahdollista lis\u00e4t\u00e4 tai poistaa tuotteita. My\u00f6sk\u00e4\u00e4n toimitustapaa ei ole mahdollista vaihtaa j\u00e4lkik\u00e4teen.<br>* Mik\u00e4li kuluttajalle on toimitettu v\u00e4\u00e4r\u00e4 tuote, tai tuote on viallinen, tulee kuluttajan ilmoittaa asiasta viipym\u00e4tt\u00e4 asiakaspalveluumme joko s\u00e4hk\u00f6postitse info@solasaippua.fi tai puhelimitse 0451222661.<br>* Toimitukset ulkomaille toimitetaan ulkomaan kaupan ehtojen mukaisesti.<br>* Puukkojen ja muiden yli 3cm paksujen tuotteiden toimitus p\u00e4\u00e4asiassa postiin tai smartpostiin.<\/p>\n<h2>Tarkemmat toimitusehdot<\/h2>\n<p><strong>1. Toimitusaika<\/strong><br>L\u00e4het\u00e4mme tuotteet tavallisesti 2 &#8211; 5 t\u00e4yden arkip\u00e4iv\u00e4n sis\u00e4ll\u00e4 tilauksen tekemisest\u00e4. Olemme asiakkaisiin mahdollisimman pikaisesti yhteydess\u00e4 s\u00e4hk\u00f6postitse tai puhelimitse mik\u00e4li havaitsemme toimitusajan kest\u00e4v\u00e4n selv\u00e4sti normaalia pidemp\u00e4\u00e4n.<br><strong>2. Toimitustavat<\/strong><br>Toimituksissa k\u00e4yt\u00e4mme postia ja rahdin summa sek\u00e4 rahtivapausraja koskee vain postitoimituksia.<br>Postiluukusta mahtuva m\u00e4\u00e4r\u00e4 tulee kotiin asti ja suuremmista paketeista tulee ostajalle ilmoitus kun paketti on noudettavissa postista. Postin kotiin toimitettavaan Pikkupakettiin mahtuu kymmenen saippuaa.<br><strong>3. Toimitusten pakkaaminen<\/strong><br>K\u00e4yt\u00e4mme l\u00e4hetyksiss\u00e4mme osittain kierr\u00e4tys- ja uusiomateriaaleja, ylij\u00e4\u00e4m\u00e4 sanomalehti\u00e4 ja meille tulevissa toimituksissa k\u00e4ytettyj\u00e4 pahvilaatikoita. T\u00e4m\u00e4n vuoksi l\u00e4hetystemme pakkausmateriaalit vaihtelevat jonkin verran.<br><strong>4. Maksutavat<\/strong><br>Verkkopankkimaksut: Nordea, Osuuspankki, Sampo Pankki, S\u00e4\u00e4st\u00f6pankki \/ Aktia, Nooa, Handelsbanken, \u00c5landsbanken, Tapiola ja S-pankki.<br>Luottokortit: Visa, Visa Electron, MasterCard ja Eurocard.<\/p>\t\t\t\t\t\t\t\t<\/div>\n\t\t\t\t<\/div>\n\t\t\t\t\t<\/div>\n\t\t<\/div>\n\t\t\t\t\t<\/div>\n\t\t<\/section>\n\t\t\t\t<\/div>","protected":false},"excerpt":{"rendered":"<p>Verkkokaupan toimitusehdot lyhyesti: * L\u00e4het\u00e4mme tuotteet tavallisesti 2 &#8211; 5 t\u00e4yden arkip\u00e4iv\u00e4n sis\u00e4ll\u00e4 tilauksen tekemisest\u00e4. * Tuotteilla on&nbsp;kuluttajansuojalain mukainen&nbsp;14 vuorokauden palautusoikeus. Oikeus koskee ainoastaan avaamattomia, k\u00e4ytt\u00e4m\u00e4tt\u00f6mi\u00e4 ja myyntikelpoisia tuotteita.* Verkkokauppaan tehtyihin maksettuihin tilauksiin ei ole mahdollista lis\u00e4t\u00e4 tai poistaa tuotteita. My\u00f6sk\u00e4\u00e4n toimitustapaa ei ole mahdollista vaihtaa j\u00e4lkik\u00e4teen.* Mik\u00e4li kuluttajalle on toimitettu v\u00e4\u00e4r\u00e4 tuote, tai tuote [&hellip;]<\/p>\n","protected":false},"author":1,"featured_media":0,"parent":0,"menu_order":0,"comment_status":"closed","ping_status":"closed","template":"","meta":{"_monsterinsights_skip_tracking":false,"_monsterinsights_sitenote_active":false,"_monsterinsights_sitenote_note":"","_monsterinsights_sitenote_category":0,"footnotes":""},"class_list":["post-445","page","type-page","status-publish","hentry"],"yoast_head":"<!-- This site is optimized with the Yoast SEO plugin v27.4 - https:\/\/yoast.com\/product\/yoast-seo-wordpress\/ -->\n<title>Tomitusehdot - Solakauppa<\/title>\n<meta name=\"description\" content=\"Sola saippuan verkkokaupan toimitusehdot.\" \/>\n<meta name=\"robots\" content=\"index, follow, max-snippet:-1, max-image-preview:large, max-video-preview:-1\" \/>\n<link rel=\"canonical\" href=\"https:\/\/www.solakauppa.fi\/en\/toimitusehdot\/\" \/>\n<meta property=\"og:locale\" content=\"en_US\" \/>\n<meta property=\"og:type\" content=\"article\" \/>\n<meta property=\"og:title\" content=\"Tomitusehdot - Solakauppa\" \/>\n<meta property=\"og:description\" content=\"Sola saippuan verkkokaupan toimitusehdot.\" \/>\n<meta property=\"og:url\" content=\"https:\/\/www.solakauppa.fi\/en\/toimitusehdot\/\" \/>\n<meta property=\"og:site_name\" content=\"Sola\" \/>\n<meta property=\"article:modified_time\" content=\"2022-09-30T06:56:07+00:00\" \/>\n<meta name=\"twitter:card\" content=\"summary_large_image\" \/>\n<meta name=\"twitter:label1\" content=\"Est. reading time\" \/>\n\t<meta name=\"twitter:data1\" content=\"2 minutes\" \/>\n<script type=\"application\/ld+json\" class=\"yoast-schema-graph\">{\"@context\":\"https:\\\/\\\/schema.org\",\"@graph\":[{\"@type\":\"WebPage\",\"@id\":\"https:\\\/\\\/www.solakauppa.fi\\\/toimitusehdot\\\/\",\"url\":\"https:\\\/\\\/www.solakauppa.fi\\\/toimitusehdot\\\/\",\"name\":\"Tomitusehdot - Solakauppa\",\"isPartOf\":{\"@id\":\"https:\\\/\\\/www.solakauppa.fi\\\/#website\"},\"datePublished\":\"2017-01-17T08:51:02+00:00\",\"dateModified\":\"2022-09-30T06:56:07+00:00\",\"description\":\"Sola saippuan verkkokaupan toimitusehdot.\",\"breadcrumb\":{\"@id\":\"https:\\\/\\\/www.solakauppa.fi\\\/toimitusehdot\\\/#breadcrumb\"},\"inLanguage\":\"en-US\",\"potentialAction\":[{\"@type\":\"ReadAction\",\"target\":[\"https:\\\/\\\/www.solakauppa.fi\\\/toimitusehdot\\\/\"]}]},{\"@type\":\"BreadcrumbList\",\"@id\":\"https:\\\/\\\/www.solakauppa.fi\\\/toimitusehdot\\\/#breadcrumb\",\"itemListElement\":[{\"@type\":\"ListItem\",\"position\":1,\"name\":\"Home\",\"item\":\"https:\\\/\\\/www.solakauppa.fi\\\/\"},{\"@type\":\"ListItem\",\"position\":2,\"name\":\"Toimitusehdot\"}]},{\"@type\":\"WebSite\",\"@id\":\"https:\\\/\\\/www.solakauppa.fi\\\/#website\",\"url\":\"https:\\\/\\\/www.solakauppa.fi\\\/\",\"name\":\"Sola\",\"description\":\"Suomalainen k\u00e4sintehty saippua\",\"publisher\":{\"@id\":\"https:\\\/\\\/www.solakauppa.fi\\\/#organization\"},\"potentialAction\":[{\"@type\":\"SearchAction\",\"target\":{\"@type\":\"EntryPoint\",\"urlTemplate\":\"https:\\\/\\\/www.solakauppa.fi\\\/?s={search_term_string}\"},\"query-input\":{\"@type\":\"PropertyValueSpecification\",\"valueRequired\":true,\"valueName\":\"search_term_string\"}}],\"inLanguage\":\"en-US\"},{\"@type\":\"Organization\",\"@id\":\"https:\\\/\\\/www.solakauppa.fi\\\/#organization\",\"name\":\"Solakauppa\",\"url\":\"https:\\\/\\\/www.solakauppa.fi\\\/\",\"logo\":{\"@type\":\"ImageObject\",\"inLanguage\":\"en-US\",\"@id\":\"https:\\\/\\\/www.solakauppa.fi\\\/#\\\/schema\\\/logo\\\/image\\\/\",\"url\":\"https:\\\/\\\/www.solakauppa.fi\\\/wp-content\\\/uploads\\\/2020\\\/06\\\/Sola-logo_solava\u0308ri.svg\",\"contentUrl\":\"https:\\\/\\\/www.solakauppa.fi\\\/wp-content\\\/uploads\\\/2020\\\/06\\\/Sola-logo_solava\u0308ri.svg\",\"caption\":\"Solakauppa\"},\"image\":{\"@id\":\"https:\\\/\\\/www.solakauppa.fi\\\/#\\\/schema\\\/logo\\\/image\\\/\"}}]}<\/script>\n<!-- \/ Yoast SEO plugin. -->","yoast_head_json":{"title":"Tomitusehdot - Solakauppa","description":"Sola saippuan verkkokaupan toimitusehdot.","robots":{"index":"index","follow":"follow","max-snippet":"max-snippet:-1","max-image-preview":"max-image-preview:large","max-video-preview":"max-video-preview:-1"},"canonical":"https:\/\/www.solakauppa.fi\/en\/toimitusehdot\/","og_locale":"en_US","og_type":"article","og_title":"Tomitusehdot - Solakauppa","og_description":"Sola saippuan verkkokaupan toimitusehdot.","og_url":"https:\/\/www.solakauppa.fi\/en\/toimitusehdot\/","og_site_name":"Sola","article_modified_time":"2022-09-30T06:56:07+00:00","twitter_card":"summary_large_image","twitter_misc":{"Est. reading time":"2 minutes"},"schema":{"@context":"https:\/\/schema.org","@graph":[{"@type":"WebPage","@id":"https:\/\/www.solakauppa.fi\/toimitusehdot\/","url":"https:\/\/www.solakauppa.fi\/toimitusehdot\/","name":"Tomitusehdot - Solakauppa","isPartOf":{"@id":"https:\/\/www.solakauppa.fi\/#website"},"datePublished":"2017-01-17T08:51:02+00:00","dateModified":"2022-09-30T06:56:07+00:00","description":"Sola saippuan verkkokaupan toimitusehdot.","breadcrumb":{"@id":"https:\/\/www.solakauppa.fi\/toimitusehdot\/#breadcrumb"},"inLanguage":"en-US","potentialAction":[{"@type":"ReadAction","target":["https:\/\/www.solakauppa.fi\/toimitusehdot\/"]}]},{"@type":"BreadcrumbList","@id":"https:\/\/www.solakauppa.fi\/toimitusehdot\/#breadcrumb","itemListElement":[{"@type":"ListItem","position":1,"name":"Home","item":"https:\/\/www.solakauppa.fi\/"},{"@type":"ListItem","position":2,"name":"Toimitusehdot"}]},{"@type":"WebSite","@id":"https:\/\/www.solakauppa.fi\/#website","url":"https:\/\/www.solakauppa.fi\/","name":"Sola","description":"Suomalainen k\u00e4sintehty saippua","publisher":{"@id":"https:\/\/www.solakauppa.fi\/#organization"},"potentialAction":[{"@type":"SearchAction","target":{"@type":"EntryPoint","urlTemplate":"https:\/\/www.solakauppa.fi\/?s={search_term_string}"},"query-input":{"@type":"PropertyValueSpecification","valueRequired":true,"valueName":"search_term_string"}}],"inLanguage":"en-US"},{"@type":"Organization","@id":"https:\/\/www.solakauppa.fi\/#organization","name":"Sola Shop","url":"https:\/\/www.solakauppa.fi\/","logo":{"@type":"ImageObject","inLanguage":"en-US","@id":"https:\/\/www.solakauppa.fi\/#\/schema\/logo\/image\/","url":"https:\/\/www.solakauppa.fi\/wp-content\/uploads\/2020\/06\/Sola-logo_solava\u0308ri.svg","contentUrl":"https:\/\/www.solakauppa.fi\/wp-content\/uploads\/2020\/06\/Sola-logo_solava\u0308ri.svg","caption":"Solakauppa"},"image":{"@id":"https:\/\/www.solakauppa.fi\/#\/schema\/logo\/image\/"}}]}},"_links":{"self":[{"href":"https:\/\/www.solakauppa.fi\/en\/wp-json\/wp\/v2\/pages\/445","targetHints":{"allow":["GET"]}}],"collection":[{"href":"https:\/\/www.solakauppa.fi\/en\/wp-json\/wp\/v2\/pages"}],"about":[{"href":"https:\/\/www.solakauppa.fi\/en\/wp-json\/wp\/v2\/types\/page"}],"author":[{"embeddable":true,"href":"https:\/\/www.solakauppa.fi\/en\/wp-json\/wp\/v2\/users\/1"}],"replies":[{"embeddable":true,"href":"https:\/\/www.solakauppa.fi\/en\/wp-json\/wp\/v2\/comments?post=445"}],"version-history":[{"count":14,"href":"https:\/\/www.solakauppa.fi\/en\/wp-json\/wp\/v2\/pages\/445\/revisions"}],"predecessor-version":[{"id":5160,"href":"https:\/\/www.solakauppa.fi\/en\/wp-json\/wp\/v2\/pages\/445\/revisions\/5160"}],"wp:attachment":[{"href":"https:\/\/www.solakauppa.fi\/en\/wp-json\/wp\/v2\/media?parent=445"}],"curies":[{"name":"wp","href":"https:\/\/api.w.org\/{rel}","templated":true}]}}