{"id":2309,"date":"2020-03-26T11:13:56","date_gmt":"2020-03-26T09:13:56","guid":{"rendered":"https:\/\/www.solakauppa.fi\/?page_id=2309"},"modified":"2020-10-01T12:28:13","modified_gmt":"2020-10-01T09:28:13","slug":"tuoksuttomat","status":"publish","type":"page","link":"https:\/\/www.solakauppa.fi\/en\/tuoksuttomat\/","title":{"rendered":"Odourless"},"content":{"rendered":"<div data-elementor-type=\"wp-page\" data-elementor-id=\"2309\" class=\"elementor elementor-2309\" data-elementor-post-type=\"page\">\n\t\t\t\t\t\t<section class=\"elementor-section elementor-top-section elementor-element elementor-element-f72e39a elementor-section-boxed elementor-section-height-default elementor-section-height-default\" data-id=\"f72e39a\" data-element_type=\"section\" data-e-type=\"section\">\n\t\t\t\t\t\t<div class=\"elementor-container elementor-column-gap-default\">\n\t\t\t\t\t<div class=\"elementor-column elementor-col-100 elementor-top-column elementor-element elementor-element-57982bd\" data-id=\"57982bd\" data-element_type=\"column\" data-e-type=\"column\">\n\t\t\t<div class=\"elementor-widget-wrap elementor-element-populated\">\n\t\t\t\t\t\t<div class=\"elementor-element elementor-element-6ea91fb elementor-widget elementor-widget-heading\" data-id=\"6ea91fb\" data-element_type=\"widget\" data-e-type=\"widget\" data-widget_type=\"heading.default\">\n\t\t\t\t<div class=\"elementor-widget-container\">\n\t\t\t\t\t<h2 class=\"elementor-heading-title elementor-size-default\">TUOKSUTTOMAT SAIPPUAT<\/h2>\t\t\t\t<\/div>\n\t\t\t\t<\/div>\n\t\t\t\t\t<\/div>\n\t\t<\/div>\n\t\t\t\t\t<\/div>\n\t\t<\/section>\n\t\t\t\t<section class=\"elementor-section elementor-top-section elementor-element elementor-element-381e324 elementor-section-boxed elementor-section-height-default elementor-section-height-default\" data-id=\"381e324\" data-element_type=\"section\" data-e-type=\"section\" data-settings=\"{&quot;background_background&quot;:&quot;classic&quot;}\">\n\t\t\t\t\t\t<div class=\"elementor-container elementor-column-gap-default\">\n\t\t\t\t\t<div class=\"elementor-column elementor-col-100 elementor-top-column elementor-element elementor-element-a1efeb6\" data-id=\"a1efeb6\" data-element_type=\"column\" data-e-type=\"column\">\n\t\t\t<div class=\"elementor-widget-wrap elementor-element-populated\">\n\t\t\t\t\t\t<div class=\"elementor-element elementor-element-088011d elementor-widget elementor-widget-text-editor\" data-id=\"088011d\" data-element_type=\"widget\" data-e-type=\"widget\" data-widget_type=\"text-editor.default\">\n\t\t\t\t<div class=\"elementor-widget-container\">\n\t\t\t\t\t\t\t\t\t<p>Saippuat joihin ei ole lis\u00e4tty eteerisi\u00e4 \u00f6ljyj\u00e4.<\/p>\t\t\t\t\t\t\t\t<\/div>\n\t\t\t\t<\/div>\n\t\t\t\t<div class=\"elementor-element elementor-element-ef2d61e elementor-align-center elementor-mobile-align-center elementor-widget elementor-widget-button\" data-id=\"ef2d61e\" data-element_type=\"widget\" data-e-type=\"widget\" data-widget_type=\"button.default\">\n\t\t\t\t<div class=\"elementor-widget-container\">\n\t\t\t\t\t\t\t\t\t<div class=\"elementor-button-wrapper\">\n\t\t\t\t\t<a class=\"elementor-button elementor-button-link elementor-size-md\" href=\"https:\/\/www.solakauppa.fi\/en\/tuoksuvat\/\">\n\t\t\t\t\t\t<span class=\"elementor-button-content-wrapper\">\n\t\t\t\t\t\t\t\t\t<span class=\"elementor-button-text\">With odour<\/span>\n\t\t\t\t\t<\/span>\n\t\t\t\t\t<\/a>\n\t\t\t\t<\/div>\n\t\t\t\t\t\t\t\t<\/div>\n\t\t\t\t<\/div>\n\t\t\t\t\t<\/div>\n\t\t<\/div>\n\t\t\t\t\t<\/div>\n\t\t<\/section>\n\t\t\t\t<section class=\"elementor-section elementor-top-section elementor-element elementor-element-abdda64 elementor-section-boxed elementor-section-height-default elementor-section-height-default\" data-id=\"abdda64\" data-element_type=\"section\" data-e-type=\"section\" data-settings=\"{&quot;background_background&quot;:&quot;classic&quot;}\">\n\t\t\t\t\t\t<div class=\"elementor-container elementor-column-gap-default\">\n\t\t\t\t\t<div class=\"elementor-column elementor-col-100 elementor-top-column elementor-element elementor-element-8282c75\" data-id=\"8282c75\" data-element_type=\"column\" data-e-type=\"column\">\n\t\t\t<div class=\"elementor-widget-wrap elementor-element-populated\">\n\t\t\t\t\t\t<div class=\"elementor-element elementor-element-67c38c9 elementor-product-loop-item--align-center elementor-grid-tablet-4 elementor-grid-4 elementor-grid-mobile-2 elementor-products-grid elementor-wc-products elementor-show-pagination-border-yes elementor-widget elementor-widget-woocommerce-products\" data-id=\"67c38c9\" data-element_type=\"widget\" data-e-type=\"widget\" data-widget_type=\"woocommerce-products.default\">\n\t\t\t\t<div class=\"elementor-widget-container\">\n\t\t\t\t\t<div class=\"woocommerce columns-4\"><div class=\"woocommerce-notices-wrapper\"><\/div><ul class=\"products elementor-grid columns-4\">\n<li class=\"product type-product post-2603 status-publish first outofstock product_cat-tuoksuttomat product_cat-narusaippuat product_cat-saippuat has-post-thumbnail taxable shipping-taxable purchasable product-type-simple\">\n\t<a href=\"https:\/\/www.solakauppa.fi\/en\/kauppa\/saippuat\/tuoksuttomat\/kehakukka-kakkara-naru\/\" class=\"woocommerce-LoopProduct-link woocommerce-loop-product__link\"><img fetchpriority=\"high\" decoding=\"async\" width=\"400\" height=\"400\" src=\"https:\/\/www.solakauppa.fi\/wp-content\/uploads\/2020\/05\/Keha\u0308kukka-Kakkara-400x400.png\" class=\"attachment-woocommerce_thumbnail size-woocommerce_thumbnail\" alt=\"Keh\u00e4kukka Kakkara -narusaippua\" srcset=\"https:\/\/www.solakauppa.fi\/wp-content\/uploads\/2020\/05\/Keha\u0308kukka-Kakkara-400x400.png 400w, https:\/\/www.solakauppa.fi\/wp-content\/uploads\/2020\/05\/Keha\u0308kukka-Kakkara-100x100.png 100w, https:\/\/www.solakauppa.fi\/wp-content\/uploads\/2020\/05\/Keha\u0308kukka-Kakkara-800x800.png 800w, https:\/\/www.solakauppa.fi\/wp-content\/uploads\/2020\/05\/Keha\u0308kukka-Kakkara-300x300.png 300w, https:\/\/www.solakauppa.fi\/wp-content\/uploads\/2020\/05\/Keha\u0308kukka-Kakkara-150x150.png 150w, https:\/\/www.solakauppa.fi\/wp-content\/uploads\/2020\/05\/Keha\u0308kukka-Kakkara-768x768.png 768w, https:\/\/www.solakauppa.fi\/wp-content\/uploads\/2020\/05\/Keha\u0308kukka-Kakkara.png 1000w\" sizes=\"(max-width: 400px) 100vw, 400px\" \/><h2 class=\"woocommerce-loop-product__title\">Calendula Kid - string soap<\/h2>\n\t<span class=\"price\"><span class=\"woocommerce-Price-amount amount\"><bdi>10,00<span class=\"woocommerce-Price-currencySymbol\">&euro;<\/span><\/bdi><\/span> <small class=\"woocommerce-price-suffix\">sis. ALV 25,5%<\/small><\/span>\n<\/a><a href=\"https:\/\/www.solakauppa.fi\/en\/kauppa\/saippuat\/tuoksuttomat\/kehakukka-kakkara-naru\/\" aria-describedby=\"woocommerce_loop_add_to_cart_link_describedby_2603\" data-quantity=\"1\" class=\"button product_type_simple\" data-product_id=\"2603\" data-product_sku=\"\" aria-label=\"Read more about \u201cKeh\u00e4kukka Kakkara -narusaippua\u201d\" rel=\"nofollow\" data-success_message=\"\" data-no-translation=\"\" data-trp-gettext=\"\" data-no-translation-aria-label=\"\">Read more<\/a>\t<span id=\"woocommerce_loop_add_to_cart_link_describedby_2603\" class=\"screen-reader-text\">\n\t\t\t<\/span>\n<\/li>\n<li class=\"product type-product post-2620 status-publish outofstock product_cat-tuoksuttomat product_cat-narusaippuat product_cat-saippuat has-post-thumbnail taxable shipping-taxable purchasable product-type-simple\">\n\t<a href=\"https:\/\/www.solakauppa.fi\/en\/kauppa\/saippuat\/tuoksuttomat\/luomu-kaura-naru\/\" class=\"woocommerce-LoopProduct-link woocommerce-loop-product__link\"><img decoding=\"async\" width=\"400\" height=\"400\" src=\"https:\/\/www.solakauppa.fi\/wp-content\/uploads\/2020\/05\/Luomu-Kaura-400x400.png\" class=\"attachment-woocommerce_thumbnail size-woocommerce_thumbnail\" alt=\"Luomu Kaura -narusaippua\" srcset=\"https:\/\/www.solakauppa.fi\/wp-content\/uploads\/2020\/05\/Luomu-Kaura-400x400.png 400w, https:\/\/www.solakauppa.fi\/wp-content\/uploads\/2020\/05\/Luomu-Kaura-100x100.png 100w, https:\/\/www.solakauppa.fi\/wp-content\/uploads\/2020\/05\/Luomu-Kaura-800x800.png 800w, https:\/\/www.solakauppa.fi\/wp-content\/uploads\/2020\/05\/Luomu-Kaura-300x300.png 300w, https:\/\/www.solakauppa.fi\/wp-content\/uploads\/2020\/05\/Luomu-Kaura-150x150.png 150w, https:\/\/www.solakauppa.fi\/wp-content\/uploads\/2020\/05\/Luomu-Kaura-768x768.png 768w, https:\/\/www.solakauppa.fi\/wp-content\/uploads\/2020\/05\/Luomu-Kaura.png 1000w\" sizes=\"(max-width: 400px) 100vw, 400px\" \/><h2 class=\"woocommerce-loop-product__title\">Organic Oats - string soap<\/h2>\n\t<span class=\"price\"><span class=\"woocommerce-Price-amount amount\"><bdi>10,00<span class=\"woocommerce-Price-currencySymbol\">&euro;<\/span><\/bdi><\/span> <small class=\"woocommerce-price-suffix\">sis. ALV 25,5%<\/small><\/span>\n<\/a><a href=\"https:\/\/www.solakauppa.fi\/en\/kauppa\/saippuat\/tuoksuttomat\/luomu-kaura-naru\/\" aria-describedby=\"woocommerce_loop_add_to_cart_link_describedby_2620\" data-quantity=\"1\" class=\"button product_type_simple\" data-product_id=\"2620\" data-product_sku=\"\" aria-label=\"Read more about \u201cLuomu Kaura -narusaippua\u201d\" rel=\"nofollow\" data-success_message=\"\" data-no-translation=\"\" data-trp-gettext=\"\" data-no-translation-aria-label=\"\">Read more<\/a>\t<span id=\"woocommerce_loop_add_to_cart_link_describedby_2620\" class=\"screen-reader-text\">\n\t\t\t<\/span>\n<\/li>\n<\/ul>\n<\/div>\t\t\t\t<\/div>\n\t\t\t\t<\/div>\n\t\t\t\t\t<\/div>\n\t\t<\/div>\n\t\t\t\t\t<\/div>\n\t\t<\/section>\n\t\t\t\t<\/div>","protected":false},"excerpt":{"rendered":"<p>TUOKSUTTOMAT SAIPPUAT Saippuat joihin ei ole lis\u00e4tty eteerisi\u00e4 \u00f6ljyj\u00e4. Tuoksuvat<\/p>","protected":false},"author":142,"featured_media":0,"parent":0,"menu_order":0,"comment_status":"closed","ping_status":"closed","template":"","meta":{"_monsterinsights_skip_tracking":false,"_monsterinsights_sitenote_active":false,"_monsterinsights_sitenote_note":"","_monsterinsights_sitenote_category":0,"footnotes":""},"class_list":["post-2309","page","type-page","status-publish","hentry"],"yoast_head":"<!-- This site is optimized with the Yoast SEO plugin v27.3 - https:\/\/yoast.com\/product\/yoast-seo-wordpress\/ -->\n<title>Tuoksuttomat | Sola<\/title>\n<meta name=\"robots\" content=\"index, follow, max-snippet:-1, max-image-preview:large, max-video-preview:-1\" \/>\n<link rel=\"canonical\" href=\"https:\/\/www.solakauppa.fi\/en\/tuoksuttomat\/\" \/>\n<meta property=\"og:locale\" content=\"en_US\" \/>\n<meta property=\"og:type\" content=\"article\" \/>\n<meta property=\"og:title\" content=\"Tuoksuttomat | Sola\" \/>\n<meta property=\"og:description\" content=\"TUOKSUTTOMAT SAIPPUAT Saippuat joihin ei ole lis\u00e4tty eteerisi\u00e4 \u00f6ljyj\u00e4. Tuoksuvat\" \/>\n<meta property=\"og:url\" content=\"https:\/\/www.solakauppa.fi\/en\/tuoksuttomat\/\" \/>\n<meta property=\"og:site_name\" content=\"Sola\" \/>\n<meta property=\"article:modified_time\" content=\"2020-10-01T09:28:13+00:00\" \/>\n<meta name=\"twitter:card\" content=\"summary_large_image\" \/>\n<script type=\"application\/ld+json\" class=\"yoast-schema-graph\">{\"@context\":\"https:\\\/\\\/schema.org\",\"@graph\":[{\"@type\":\"WebPage\",\"@id\":\"https:\\\/\\\/www.solakauppa.fi\\\/tuoksuttomat\\\/\",\"url\":\"https:\\\/\\\/www.solakauppa.fi\\\/tuoksuttomat\\\/\",\"name\":\"Tuoksuttomat | Sola\",\"isPartOf\":{\"@id\":\"https:\\\/\\\/www.solakauppa.fi\\\/#website\"},\"datePublished\":\"2020-03-26T09:13:56+00:00\",\"dateModified\":\"2020-10-01T09:28:13+00:00\",\"breadcrumb\":{\"@id\":\"https:\\\/\\\/www.solakauppa.fi\\\/tuoksuttomat\\\/#breadcrumb\"},\"inLanguage\":\"en-US\",\"potentialAction\":[{\"@type\":\"ReadAction\",\"target\":[\"https:\\\/\\\/www.solakauppa.fi\\\/tuoksuttomat\\\/\"]}]},{\"@type\":\"BreadcrumbList\",\"@id\":\"https:\\\/\\\/www.solakauppa.fi\\\/tuoksuttomat\\\/#breadcrumb\",\"itemListElement\":[{\"@type\":\"ListItem\",\"position\":1,\"name\":\"Home\",\"item\":\"https:\\\/\\\/www.solakauppa.fi\\\/\"},{\"@type\":\"ListItem\",\"position\":2,\"name\":\"Tuoksuttomat\"}]},{\"@type\":\"WebSite\",\"@id\":\"https:\\\/\\\/www.solakauppa.fi\\\/#website\",\"url\":\"https:\\\/\\\/www.solakauppa.fi\\\/\",\"name\":\"Sola\",\"description\":\"Suomalainen k\u00e4sintehty saippua\",\"publisher\":{\"@id\":\"https:\\\/\\\/www.solakauppa.fi\\\/#organization\"},\"potentialAction\":[{\"@type\":\"SearchAction\",\"target\":{\"@type\":\"EntryPoint\",\"urlTemplate\":\"https:\\\/\\\/www.solakauppa.fi\\\/?s={search_term_string}\"},\"query-input\":{\"@type\":\"PropertyValueSpecification\",\"valueRequired\":true,\"valueName\":\"search_term_string\"}}],\"inLanguage\":\"en-US\"},{\"@type\":\"Organization\",\"@id\":\"https:\\\/\\\/www.solakauppa.fi\\\/#organization\",\"name\":\"Solakauppa\",\"url\":\"https:\\\/\\\/www.solakauppa.fi\\\/\",\"logo\":{\"@type\":\"ImageObject\",\"inLanguage\":\"en-US\",\"@id\":\"https:\\\/\\\/www.solakauppa.fi\\\/#\\\/schema\\\/logo\\\/image\\\/\",\"url\":\"https:\\\/\\\/www.solakauppa.fi\\\/wp-content\\\/uploads\\\/2020\\\/06\\\/Sola-logo_solava\u0308ri.svg\",\"contentUrl\":\"https:\\\/\\\/www.solakauppa.fi\\\/wp-content\\\/uploads\\\/2020\\\/06\\\/Sola-logo_solava\u0308ri.svg\",\"caption\":\"Solakauppa\"},\"image\":{\"@id\":\"https:\\\/\\\/www.solakauppa.fi\\\/#\\\/schema\\\/logo\\\/image\\\/\"}}]}<\/script>\n<!-- \/ Yoast SEO plugin. -->","yoast_head_json":{"title":"Tuoksuttomat | Sola","robots":{"index":"index","follow":"follow","max-snippet":"max-snippet:-1","max-image-preview":"max-image-preview:large","max-video-preview":"max-video-preview:-1"},"canonical":"https:\/\/www.solakauppa.fi\/en\/tuoksuttomat\/","og_locale":"en_US","og_type":"article","og_title":"Tuoksuttomat | Sola","og_description":"TUOKSUTTOMAT SAIPPUAT Saippuat joihin ei ole lis\u00e4tty eteerisi\u00e4 \u00f6ljyj\u00e4. Tuoksuvat","og_url":"https:\/\/www.solakauppa.fi\/en\/tuoksuttomat\/","og_site_name":"Sola","article_modified_time":"2020-10-01T09:28:13+00:00","twitter_card":"summary_large_image","schema":{"@context":"https:\/\/schema.org","@graph":[{"@type":"WebPage","@id":"https:\/\/www.solakauppa.fi\/tuoksuttomat\/","url":"https:\/\/www.solakauppa.fi\/tuoksuttomat\/","name":"Tuoksuttomat | Sola","isPartOf":{"@id":"https:\/\/www.solakauppa.fi\/#website"},"datePublished":"2020-03-26T09:13:56+00:00","dateModified":"2020-10-01T09:28:13+00:00","breadcrumb":{"@id":"https:\/\/www.solakauppa.fi\/tuoksuttomat\/#breadcrumb"},"inLanguage":"en-US","potentialAction":[{"@type":"ReadAction","target":["https:\/\/www.solakauppa.fi\/tuoksuttomat\/"]}]},{"@type":"BreadcrumbList","@id":"https:\/\/www.solakauppa.fi\/tuoksuttomat\/#breadcrumb","itemListElement":[{"@type":"ListItem","position":1,"name":"Home","item":"https:\/\/www.solakauppa.fi\/"},{"@type":"ListItem","position":2,"name":"Tuoksuttomat"}]},{"@type":"WebSite","@id":"https:\/\/www.solakauppa.fi\/#website","url":"https:\/\/www.solakauppa.fi\/","name":"Sola","description":"Suomalainen k\u00e4sintehty saippua","publisher":{"@id":"https:\/\/www.solakauppa.fi\/#organization"},"potentialAction":[{"@type":"SearchAction","target":{"@type":"EntryPoint","urlTemplate":"https:\/\/www.solakauppa.fi\/?s={search_term_string}"},"query-input":{"@type":"PropertyValueSpecification","valueRequired":true,"valueName":"search_term_string"}}],"inLanguage":"en-US"},{"@type":"Organization","@id":"https:\/\/www.solakauppa.fi\/#organization","name":"Sola Shop","url":"https:\/\/www.solakauppa.fi\/","logo":{"@type":"ImageObject","inLanguage":"en-US","@id":"https:\/\/www.solakauppa.fi\/#\/schema\/logo\/image\/","url":"https:\/\/www.solakauppa.fi\/wp-content\/uploads\/2020\/06\/Sola-logo_solava\u0308ri.svg","contentUrl":"https:\/\/www.solakauppa.fi\/wp-content\/uploads\/2020\/06\/Sola-logo_solava\u0308ri.svg","caption":"Solakauppa"},"image":{"@id":"https:\/\/www.solakauppa.fi\/#\/schema\/logo\/image\/"}}]}},"_links":{"self":[{"href":"https:\/\/www.solakauppa.fi\/en\/wp-json\/wp\/v2\/pages\/2309","targetHints":{"allow":["GET"]}}],"collection":[{"href":"https:\/\/www.solakauppa.fi\/en\/wp-json\/wp\/v2\/pages"}],"about":[{"href":"https:\/\/www.solakauppa.fi\/en\/wp-json\/wp\/v2\/types\/page"}],"author":[{"embeddable":true,"href":"https:\/\/www.solakauppa.fi\/en\/wp-json\/wp\/v2\/users\/142"}],"replies":[{"embeddable":true,"href":"https:\/\/www.solakauppa.fi\/en\/wp-json\/wp\/v2\/comments?post=2309"}],"version-history":[{"count":5,"href":"https:\/\/www.solakauppa.fi\/en\/wp-json\/wp\/v2\/pages\/2309\/revisions"}],"predecessor-version":[{"id":3311,"href":"https:\/\/www.solakauppa.fi\/en\/wp-json\/wp\/v2\/pages\/2309\/revisions\/3311"}],"wp:attachment":[{"href":"https:\/\/www.solakauppa.fi\/en\/wp-json\/wp\/v2\/media?parent=2309"}],"curies":[{"name":"wp","href":"https:\/\/api.w.org\/{rel}","templated":true}]}}